{"id":27567019,"date":"2025-08-06T12:00:25","date_gmt":"2025-08-06T12:00:25","guid":{"rendered":"https:\/\/novexbanden.nl\/assortiment\/"},"modified":"2025-09-11T08:02:21","modified_gmt":"2025-09-11T08:02:21","slug":"sortiment","status":"publish","type":"page","link":"https:\/\/novexbanden.nl\/de\/sortiment\/","title":{"rendered":"Sortiment"},"content":{"rendered":"<p>[et_pb_section fb_built=&#8220;1&#8243; _builder_version=&#8220;4.27.4&#8243; _module_preset=&#8220;default&#8220; use_background_color_gradient=&#8220;on&#8220; background_color_gradient_direction=&#8220;45deg&#8220; background_color_gradient_stops=&#8220;rgba(255,255,255,0) 33%|rgba(0,0,0,0.3) 46%|rgba(0,0,0,0.5) 100%&#8220; background_color_gradient_overlays_image=&#8220;on&#8220; background_image=&#8220;https:\/\/novexbanden.nl\/wp-content\/uploads\/2025\/08\/bg-novex.jpg&#8220; background_position=&#8220;bottom_right&#8220; custom_padding=&#8220;5%||5%||true|false&#8220; border_width_bottom=&#8220;4px&#8220; border_color_bottom=&#8220;#ed4135&#8243; global_colors_info=&#8220;{}&#8220;][et_pb_row column_structure=&#8220;2_5,3_5&#8243; _builder_version=&#8220;4.27.4&#8243; _module_preset=&#8220;default&#8220; max_width=&#8220;1280px&#8220; global_colors_info=&#8220;{}&#8220;][et_pb_column type=&#8220;2_5&#8243; _builder_version=&#8220;4.27.4&#8243; _module_preset=&#8220;default&#8220; global_colors_info=&#8220;{}&#8220;][dipi_text_highlighter text_highlighter_text=&#8220;Sortiment&#8220; highlight_shape=&#8220;strikethrough&#8220; text_direction=&#8220;inline&#8220; highlight_animation_delay=&#8220;300ms&#8220; highlight_animation_duration=&#8220;1000ms&#8220; reverse_animation=&#8220;on&#8220; stroke_color=&#8220;#ed4135&#8243; stroke_width=&#8220;140px&#8220; highlight_line_cap=&#8220;butt&#8220; shape_v_offset=&#8220;-1px&#8220; shape_h_offset=&#8220;3px&#8220; highlighted_text_margin=&#8220;|0px|0px|0px|false|true&#8220; highlighted_text_padding=&#8220;2px|10px|8px|10px|false|false&#8220; _builder_version=&#8220;4.27.4&#8243; _module_preset=&#8220;default&#8220; all_text_font=&#8220;Titillium Web|700|||||||&#8220; all_text_text_align=&#8220;left&#8220; all_text_text_color=&#8220;#FFFFFF&#8220; prefix_text_font_size=&#8220;80px&#8220; prefix_text_line_height=&#8220;1.5em&#8220; highlighted_text_font_size=&#8220;62px&#8220; highlighted_text_line_height=&#8220;1.1em&#8220; sufix_text_font_size=&#8220;100px&#8220; sufix_text_line_height=&#8220;1.1em&#8220; max_width=&#8220;100%&#8220; custom_margin=&#8220;||||false|false&#8220; custom_padding=&#8220;||||false|false&#8220; all_text_font_size_tablet=&#8220;&#8220; all_text_font_size_phone=&#8220;32px&#8220; all_text_font_size_last_edited=&#8220;on|phone&#8220; prefix_text_font_size_tablet=&#8220;80px&#8220; prefix_text_font_size_phone=&#8220;55px&#8220; prefix_text_font_size_last_edited=&#8220;on|phone&#8220; highlighted_text_font_size_tablet=&#8220;80px&#8220; highlighted_text_font_size_phone=&#8220;36px&#8220; highlighted_text_font_size_last_edited=&#8220;on|phone&#8220; locked=&#8220;off&#8220; global_colors_info=&#8220;{}&#8220;][\/dipi_text_highlighter][\/et_pb_column][et_pb_column type=&#8220;3_5&#8243; _builder_version=&#8220;4.27.4&#8243; _module_preset=&#8220;default&#8220; global_colors_info=&#8220;{}&#8220;][\/et_pb_column][\/et_pb_row][\/et_pb_section][et_pb_section fb_built=&#8220;1&#8243; _builder_version=&#8220;4.27.4&#8243; _module_preset=&#8220;default&#8220; background_color=&#8220;#f4f4f4&#8243; custom_padding=&#8220;6%||6%||true|false&#8220; global_colors_info=&#8220;{}&#8220;][et_pb_row _builder_version=&#8220;4.27.4&#8243; _module_preset=&#8220;default&#8220; global_colors_info=&#8220;{}&#8220;][et_pb_column type=&#8220;4_4&#8243; _builder_version=&#8220;4.27.4&#8243; _module_preset=&#8220;default&#8220; global_colors_info=&#8220;{}&#8220;][et_pb_text _builder_version=&#8220;4.27.4&#8243; _module_preset=&#8220;default&#8220; text_font=&#8220;Titillium Web||||||||&#8220; text_font_size=&#8220;20px&#8220; text_line_height=&#8220;30px&#8220; header_3_font=&#8220;Titillium Web|700|||||||&#8220; header_3_text_color=&#8220;#ed4135&#8243; header_3_font_size=&#8220;32px&#8220; header_3_font_size_tablet=&#8220;32px&#8220; header_3_font_size_phone=&#8220;26px&#8220; header_3_font_size_last_edited=&#8220;on|desktop&#8220; global_colors_info=&#8220;{}&#8220;]<\/p>\n<h3>Reifen f\u00fcr alle Jahreszeiten<\/h3>\n<p>Novex bietet eine gro\u00dfe Auswahl an Sommerreifen, Ganzjahresreifen und Winterreifen f\u00fcr Pkw, SUV und leichte Nutzfahrzeuge. Zuverl\u00e4ssigkeit und Kontrolle stehen bei uns im Mittelpunkt, damit Sie jederzeit mit einem guten Gef\u00fchl unterwegs sein k\u00f6nnen.[\/et_pb_text][\/et_pb_column][\/et_pb_row][et_pb_row _builder_version=&#8220;4.27.4&#8243; _module_preset=&#8220;default&#8220; global_colors_info=&#8220;{}&#8220;][et_pb_column type=&#8220;4_4&#8243; _builder_version=&#8220;4.27.4&#8243; _module_preset=&#8220;default&#8220; global_colors_info=&#8220;{}&#8220;][dipi_advanced_tabs dipi_animation_duration=&#8220;400&#8243; use_sticky_tabs=&#8220;off&#8220; use_tabs_fullwidth_phone=&#8220;off&#8220; tabs_min_width_phone=&#8220;100%&#8220; tabs_max_width_phone=&#8220;100%&#8220; tabs_container_padding=&#8220;0px|0px|0px|0px|true|true&#8220; tabs_container_margin=&#8220;0px|0px|0px|0px|true|true&#8220; tabs_item_padding=&#8220;10px|10px|10px|25px|false|false&#8220; tabs_active_item_padding=&#8220;10px|10px|10px|25px|false|false&#8220; content_padding=&#8220;0px|0px|0px|0px|true|true&#8220; content_margin=&#8220;20px|0px|0px|0px|false|true&#8220; tabs_text_padding=&#8220;12px|5px|10px|5px|false|false&#8220; tabs_icon_padding=&#8220;9px|5px|1px|5px|false|false&#8220; tabs_text_padding_active=&#8220;12px|5px|10px|5px|false|false&#8220; tabs_icon_padding_active=&#8220;9px|5px|1px|5px|false|false&#8220; content_bg_color=&#8220;#f4f4f4&#8243; tabs_item_active_bg_color=&#8220;#000000&#8243; _builder_version=&#8220;4.27.4&#8243; _module_preset=&#8220;default&#8220; title_font=&#8220;Ubuntu|700|||||||&#8220; title_font_size=&#8220;20px&#8220; title_active_font=&#8220;Ubuntu|700|||||||&#8220; title_active_text_color=&#8220;#FFFFFF&#8220; title_active_font_size=&#8220;20px&#8220; subtitle_font=&#8220;Ubuntu|700|||||||&#8220; subtitle_font_size=&#8220;20px&#8220; border_width_all_tabs_wrapper=&#8220;0px&#8220; border_color_all_tabs_wrapper=&#8220;#E02B20&#8243; border_width_bottom_tabs_wrapper=&#8220;1px&#8220; border_color_bottom_tabs_wrapper=&#8220;#c4c4c4&#8243; global_colors_info=&#8220;{}&#8220;][dipi_advanced_tabs_item title=&#8220;Sommer&#8220; use_library_content=&#8220;on&#8220; divi_library=&#8220;27564971&#8243; alt=&#8220;Summer&#8220; tab_media=&#8220;image&#8220; tab_image=&#8220;https:\/\/novexbanden.nl\/wp-content\/uploads\/2025\/08\/ico-summer-na.png&#8220; use_active_tab_image=&#8220;on&#8220; tab_image_active=&#8220;https:\/\/novexbanden.nl\/wp-content\/uploads\/2025\/08\/ico-summer-a.png&#8220; tab_image_size=&#8220;30px&#8220; _builder_version=&#8220;4.27.4&#8243; _module_preset=&#8220;default&#8220; global_colors_info=&#8220;{}&#8220;]<\/p>\n<p>Lorem ipsum dolor sit amet, consectetur adipiscing elit. Fusce at magna non lacus condimentum vulputate sit amet nec urna. Phasellus euismod nisl vel tincidunt facilisis. Nunc nisi felis, sollicitudin sed mauris tempor, tincidunt semper neque. Cras fringilla nisi eget enim finibus, sed lacinia risus suscipit. Cras non convallis felis, in interdum erat. Suspendisse eu dictum turpis. Etiam maximus accumsan est, eu congue nunc mollis ac. Cras feugiat in purus et ultricies. Ut vel lorem et risus aliquam malesuada.<\/p>\n<p>Class aptent taciti sociosqu ad litora torquent per conubia nostra, per inceptos himenaeos. Etiam sed risus molestie, imperdiet purus in, lobortis leo. Donec massa augue, tempor ut sagittis sed, elementum sit amet tellus. Curabitur gravida, arcu eu feugiat viverra, urna nisi commodo nulla, blandit mollis ligula massa ac purus. Curabitur sollicitudin risus quis maximus scelerisque. Proin lorem massa, bibendum nec iaculis sit amet, rhoncus eu sem. Vestibulum convallis blandit turpis, non imperdiet orci tincidunt sit amet. Vestibulum non velit sodales, sodales augue vel, laoreet libero. Nulla sed tristique tellus, in auctor odio. Aliquam lorem elit, congue sodales auctor sed, efficitur eu dolor.<\/p>\n<p>[\/dipi_advanced_tabs_item][dipi_advanced_tabs_item title=&#8220;Ganzjahres&#8220; use_library_content=&#8220;on&#8220; divi_library=&#8220;27564975&#8243; alt=&#8220;All-season&#8220; tab_media=&#8220;image&#8220; tab_image=&#8220;https:\/\/novexbanden.nl\/wp-content\/uploads\/2025\/08\/ico-all-season-na.png&#8220; use_active_tab_image=&#8220;on&#8220; tab_image_active=&#8220;https:\/\/novexbanden.nl\/wp-content\/uploads\/2025\/08\/ico-all-season-a.png&#8220; tab_image_size=&#8220;30px&#8220; _builder_version=&#8220;4.27.4&#8243; _module_preset=&#8220;default&#8220; global_colors_info=&#8220;{}&#8220;][\/dipi_advanced_tabs_item][dipi_advanced_tabs_item title=&#8220;Winter&#8220; use_library_content=&#8220;on&#8220; divi_library=&#8220;27568223&#8243; alt=&#8220;Winter&#8220; tab_media=&#8220;image&#8220; tab_image=&#8220;https:\/\/novexbanden.nl\/wp-content\/uploads\/2025\/08\/ico-winter-na.png&#8220; use_active_tab_image=&#8220;on&#8220; tab_image_active=&#8220;https:\/\/novexbanden.nl\/wp-content\/uploads\/2025\/08\/ico-winter-a.png&#8220; tab_image_size=&#8220;30px&#8220; _builder_version=&#8220;4.27.4&#8243; _module_preset=&#8220;default&#8220; global_colors_info=&#8220;{}&#8220;][\/dipi_advanced_tabs_item][\/dipi_advanced_tabs][\/et_pb_column][\/et_pb_row][\/et_pb_section]<\/p>\n","protected":false},"excerpt":{"rendered":"<p><div class=\"et_pb_module dipi_text_highlighter dipi_text_highlighter_0\">\n\t\t\t\t\n\t\t\t\t\n\t\t\t\t\n\t\t\t\t\n\t\t\t\t\n\t\t\t\t\n\t\t\t\t<div class=\"et_pb_module_inner\">\n\t\t\t\t\t<h2 class=\"dipi-highlight-text-wrapper\" data-config=\"{&quot;animation_start&quot;:&quot;in_a_viewport&quot;,&quot;animation_start_viewport&quot;:&quot;75%&quot;,&quot;animation_delay&quot;:&quot;300ms&quot;,&quot;animation_duration&quot;:&quot;1000ms&quot;,&quot;delay_after_animation&quot;:&quot;3000ms&quot;,&quot;repeat_mode&quot;:&quot;infinite&quot;,&quot;count_mode&quot;:&quot;everytime_in_viewport&quot;,&quot;animation_repeat_counts&quot;:&quot;3&quot;,&quot;reverse_animation&quot;:&quot;on&quot;,&quot;id&quot;:&quot;dipi_text_highlighter_0_wrapper&quot;}\">\n\t\t\t\t\t<span class=\"dipi-text-highlight-wrapper {&quot;animation_start&quot;:&quot;in_a_viewport&quot;,&quot;animation_start_viewport&quot;:&quot;75%&quot;,&quot;animation_delay&quot;:&quot;300ms&quot;,&quot;animation_duration&quot;:&quot;1000ms&quot;,&quot;delay_after_animation&quot;:&quot;3000ms&quot;,&quot;repeat_mode&quot;:&quot;infinite&quot;,&quot;count_mode&quot;:&quot;everytime_in_viewport&quot;,&quot;animation_repeat_counts&quot;:&quot;3&quot;,&quot;reverse_animation&quot;:&quot;on&quot;,&quot;id&quot;:&quot;dipi_text_highlighter_0_wrapper&quot;}\"><span class=\"dipi-text-highlight-text dipi-text-highlight-text\">Sortiment<\/span><span class=\"dipi-text-highlight-svg\"><svg xmlns=\"http:\/\/www.w3.org\/2000\/svg\" viewBox=\"0 0 500 150\" preserveAspectRatio=\"none\"><path d=\"M3,75h493.5\"><\/path><\/svg><\/span><\/span>\n\t\t\t<\/h2>\n\t\t\t\t<\/div>\n\t\t\t<\/div>Reifen f\u00fcr alle Jahreszeiten Novex bietet eine gro\u00dfe Auswahl an Sommerreifen, Ganzjahresreifen und Winterreifen f\u00fcr Pkw, [&hellip;]<\/p>\n","protected":false},"author":1,"featured_media":0,"parent":0,"menu_order":0,"comment_status":"closed","ping_status":"closed","template":"","meta":{"_et_pb_use_builder":"on","_et_pb_old_content":"","_et_gb_content_width":"","footnotes":""},"dipi_cpt_category":[],"class_list":["post-27567019","page","type-page","status-publish","hentry"],"yoast_head":"<!-- This site is optimized with the Yoast SEO plugin v27.4 - https:\/\/yoast.com\/product\/yoast-seo-wordpress\/ -->\n<title>Sortiment | Novex Reifen<\/title>\n<meta name=\"description\" content=\"Novex ist eine vielseitige Reifenmarke, die auf Qualit\u00e4t, Sicherheit und Komfort setzt. Finde den Reifen, der zu deinem Fahrstil passt.\" \/>\n<meta name=\"robots\" content=\"index, follow, max-snippet:-1, max-image-preview:large, max-video-preview:-1\" \/>\n<link rel=\"canonical\" href=\"https:\/\/novexbanden.nl\/de\/sortiment\/\" \/>\n<meta property=\"og:locale\" content=\"de_DE\" \/>\n<meta property=\"og:type\" content=\"article\" \/>\n<meta property=\"og:title\" content=\"Sortiment | Novex Reifen\" \/>\n<meta property=\"og:description\" content=\"Novex ist eine vielseitige Reifenmarke, die auf Qualit\u00e4t, Sicherheit und Komfort setzt. Finde den Reifen, der zu deinem Fahrstil passt.\" \/>\n<meta property=\"og:url\" content=\"https:\/\/novexbanden.nl\/de\/sortiment\/\" \/>\n<meta property=\"og:site_name\" content=\"Novex banden\" \/>\n<meta property=\"article:modified_time\" content=\"2025-09-11T08:02:21+00:00\" \/>\n<meta name=\"twitter:card\" content=\"summary_large_image\" \/>\n<meta name=\"twitter:label1\" content=\"Gesch\u00e4tzte Lesezeit\" \/>\n\t<meta name=\"twitter:data1\" content=\"2\u00a0Minuten\" \/>\n<script type=\"application\/ld+json\" class=\"yoast-schema-graph\">{\"@context\":\"https:\\\/\\\/schema.org\",\"@graph\":[{\"@type\":\"WebPage\",\"@id\":\"https:\\\/\\\/novexbanden.nl\\\/de\\\/sortiment\\\/\",\"url\":\"https:\\\/\\\/novexbanden.nl\\\/de\\\/sortiment\\\/\",\"name\":\"Sortiment | Novex Reifen\",\"isPartOf\":{\"@id\":\"https:\\\/\\\/novexbanden.nl\\\/de\\\/#website\"},\"datePublished\":\"2025-08-06T12:00:25+00:00\",\"dateModified\":\"2025-09-11T08:02:21+00:00\",\"description\":\"Novex ist eine vielseitige Reifenmarke, die auf Qualit\u00e4t, Sicherheit und Komfort setzt. Finde den Reifen, der zu deinem Fahrstil passt.\",\"breadcrumb\":{\"@id\":\"https:\\\/\\\/novexbanden.nl\\\/de\\\/sortiment\\\/#breadcrumb\"},\"inLanguage\":\"de\",\"potentialAction\":[{\"@type\":\"ReadAction\",\"target\":[\"https:\\\/\\\/novexbanden.nl\\\/de\\\/sortiment\\\/\"]}]},{\"@type\":\"BreadcrumbList\",\"@id\":\"https:\\\/\\\/novexbanden.nl\\\/de\\\/sortiment\\\/#breadcrumb\",\"itemListElement\":[{\"@type\":\"ListItem\",\"position\":1,\"name\":\"Home\",\"item\":\"https:\\\/\\\/novexbanden.nl\\\/de\\\/\"},{\"@type\":\"ListItem\",\"position\":2,\"name\":\"Sortiment\"}]},{\"@type\":\"WebSite\",\"@id\":\"https:\\\/\\\/novexbanden.nl\\\/de\\\/#website\",\"url\":\"https:\\\/\\\/novexbanden.nl\\\/de\\\/\",\"name\":\"Novex banden\",\"description\":\"The best alternative\",\"potentialAction\":[{\"@type\":\"SearchAction\",\"target\":{\"@type\":\"EntryPoint\",\"urlTemplate\":\"https:\\\/\\\/novexbanden.nl\\\/de\\\/?s={search_term_string}\"},\"query-input\":{\"@type\":\"PropertyValueSpecification\",\"valueRequired\":true,\"valueName\":\"search_term_string\"}}],\"inLanguage\":\"de\"}]}<\/script>\n<!-- \/ Yoast SEO plugin. -->","yoast_head_json":{"title":"Sortiment | Novex Reifen","description":"Novex ist eine vielseitige Reifenmarke, die auf Qualit\u00e4t, Sicherheit und Komfort setzt. Finde den Reifen, der zu deinem Fahrstil passt.","robots":{"index":"index","follow":"follow","max-snippet":"max-snippet:-1","max-image-preview":"max-image-preview:large","max-video-preview":"max-video-preview:-1"},"canonical":"https:\/\/novexbanden.nl\/de\/sortiment\/","og_locale":"de_DE","og_type":"article","og_title":"Sortiment | Novex Reifen","og_description":"Novex ist eine vielseitige Reifenmarke, die auf Qualit\u00e4t, Sicherheit und Komfort setzt. Finde den Reifen, der zu deinem Fahrstil passt.","og_url":"https:\/\/novexbanden.nl\/de\/sortiment\/","og_site_name":"Novex banden","article_modified_time":"2025-09-11T08:02:21+00:00","twitter_card":"summary_large_image","twitter_misc":{"Gesch\u00e4tzte Lesezeit":"2\u00a0Minuten"},"schema":{"@context":"https:\/\/schema.org","@graph":[{"@type":"WebPage","@id":"https:\/\/novexbanden.nl\/de\/sortiment\/","url":"https:\/\/novexbanden.nl\/de\/sortiment\/","name":"Sortiment | Novex Reifen","isPartOf":{"@id":"https:\/\/novexbanden.nl\/de\/#website"},"datePublished":"2025-08-06T12:00:25+00:00","dateModified":"2025-09-11T08:02:21+00:00","description":"Novex ist eine vielseitige Reifenmarke, die auf Qualit\u00e4t, Sicherheit und Komfort setzt. Finde den Reifen, der zu deinem Fahrstil passt.","breadcrumb":{"@id":"https:\/\/novexbanden.nl\/de\/sortiment\/#breadcrumb"},"inLanguage":"de","potentialAction":[{"@type":"ReadAction","target":["https:\/\/novexbanden.nl\/de\/sortiment\/"]}]},{"@type":"BreadcrumbList","@id":"https:\/\/novexbanden.nl\/de\/sortiment\/#breadcrumb","itemListElement":[{"@type":"ListItem","position":1,"name":"Home","item":"https:\/\/novexbanden.nl\/de\/"},{"@type":"ListItem","position":2,"name":"Sortiment"}]},{"@type":"WebSite","@id":"https:\/\/novexbanden.nl\/de\/#website","url":"https:\/\/novexbanden.nl\/de\/","name":"Novex banden","description":"The best alternative","potentialAction":[{"@type":"SearchAction","target":{"@type":"EntryPoint","urlTemplate":"https:\/\/novexbanden.nl\/de\/?s={search_term_string}"},"query-input":{"@type":"PropertyValueSpecification","valueRequired":true,"valueName":"search_term_string"}}],"inLanguage":"de"}]}},"_links":{"self":[{"href":"https:\/\/novexbanden.nl\/de\/wp-json\/wp\/v2\/pages\/27567019","targetHints":{"allow":["GET"]}}],"collection":[{"href":"https:\/\/novexbanden.nl\/de\/wp-json\/wp\/v2\/pages"}],"about":[{"href":"https:\/\/novexbanden.nl\/de\/wp-json\/wp\/v2\/types\/page"}],"author":[{"embeddable":true,"href":"https:\/\/novexbanden.nl\/de\/wp-json\/wp\/v2\/users\/1"}],"replies":[{"embeddable":true,"href":"https:\/\/novexbanden.nl\/de\/wp-json\/wp\/v2\/comments?post=27567019"}],"version-history":[{"count":9,"href":"https:\/\/novexbanden.nl\/de\/wp-json\/wp\/v2\/pages\/27567019\/revisions"}],"predecessor-version":[{"id":27568235,"href":"https:\/\/novexbanden.nl\/de\/wp-json\/wp\/v2\/pages\/27567019\/revisions\/27568235"}],"wp:attachment":[{"href":"https:\/\/novexbanden.nl\/de\/wp-json\/wp\/v2\/media?parent=27567019"}],"wp:term":[{"taxonomy":"dipi_cpt_category","embeddable":true,"href":"https:\/\/novexbanden.nl\/de\/wp-json\/wp\/v2\/dipi_cpt_category?post=27567019"}],"curies":[{"name":"wp","href":"https:\/\/api.w.org\/{rel}","templated":true}]}}