{"id":27567035,"date":"2025-08-06T12:26:19","date_gmt":"2025-08-06T12:26:19","guid":{"rendered":"https:\/\/novexbanden.nl\/over-novex\/"},"modified":"2025-09-10T12:10:08","modified_gmt":"2025-09-10T12:10:08","slug":"uber-novex","status":"publish","type":"page","link":"https:\/\/novexbanden.nl\/de\/uber-novex\/","title":{"rendered":"\u00dcber Novex"},"content":{"rendered":"<p>[et_pb_section fb_built=&#8220;1&#8243; _builder_version=&#8220;4.27.4&#8243; _module_preset=&#8220;default&#8220; use_background_color_gradient=&#8220;on&#8220; background_color_gradient_direction=&#8220;45deg&#8220; background_color_gradient_stops=&#8220;rgba(255,255,255,0) 33%|rgba(0,0,0,0.3) 46%|rgba(0,0,0,0.5) 100%&#8220; background_color_gradient_overlays_image=&#8220;on&#8220; background_image=&#8220;https:\/\/novexbanden.nl\/wp-content\/uploads\/2025\/08\/bg-novex.jpg&#8220; background_position=&#8220;bottom_right&#8220; custom_padding=&#8220;5%||5%||true|false&#8220; border_width_bottom=&#8220;4px&#8220; border_color_bottom=&#8220;#ed4135&#8243; global_colors_info=&#8220;{}&#8220;][et_pb_row column_structure=&#8220;2_5,3_5&#8243; _builder_version=&#8220;4.27.4&#8243; _module_preset=&#8220;default&#8220; max_width=&#8220;1280px&#8220; global_colors_info=&#8220;{}&#8220;][et_pb_column type=&#8220;2_5&#8243; _builder_version=&#8220;4.27.4&#8243; _module_preset=&#8220;default&#8220; global_colors_info=&#8220;{}&#8220;][dipi_text_highlighter text_highlighter_text=&#8220;\u00dcber Novex&#8220; highlight_shape=&#8220;strikethrough&#8220; text_direction=&#8220;inline&#8220; highlight_animation_delay=&#8220;300ms&#8220; highlight_animation_duration=&#8220;1000ms&#8220; reverse_animation=&#8220;on&#8220; stroke_color=&#8220;#ed4135&#8243; stroke_width=&#8220;140px&#8220; highlight_line_cap=&#8220;butt&#8220; shape_v_offset=&#8220;-1px&#8220; shape_h_offset=&#8220;3px&#8220; highlighted_text_margin=&#8220;|0px|0px|0px|false|true&#8220; highlighted_text_padding=&#8220;2px|10px|8px|10px|false|false&#8220; _builder_version=&#8220;4.27.4&#8243; _module_preset=&#8220;default&#8220; all_text_font=&#8220;Titillium Web|700|||||||&#8220; all_text_text_align=&#8220;left&#8220; all_text_text_color=&#8220;#FFFFFF&#8220; prefix_text_font_size=&#8220;80px&#8220; prefix_text_line_height=&#8220;1.5em&#8220; highlighted_text_font_size=&#8220;62px&#8220; highlighted_text_line_height=&#8220;1.1em&#8220; sufix_text_font_size=&#8220;100px&#8220; sufix_text_line_height=&#8220;1.1em&#8220; max_width=&#8220;100%&#8220; custom_margin=&#8220;||||false|false&#8220; custom_padding=&#8220;||||false|false&#8220; all_text_font_size_tablet=&#8220;&#8220; all_text_font_size_phone=&#8220;32px&#8220; all_text_font_size_last_edited=&#8220;on|phone&#8220; prefix_text_font_size_tablet=&#8220;80px&#8220; prefix_text_font_size_phone=&#8220;55px&#8220; prefix_text_font_size_last_edited=&#8220;on|phone&#8220; highlighted_text_font_size_tablet=&#8220;80px&#8220; highlighted_text_font_size_phone=&#8220;36px&#8220; highlighted_text_font_size_last_edited=&#8220;on|phone&#8220; locked=&#8220;off&#8220; global_colors_info=&#8220;{}&#8220;][\/dipi_text_highlighter][\/et_pb_column][et_pb_column type=&#8220;3_5&#8243; _builder_version=&#8220;4.27.4&#8243; _module_preset=&#8220;default&#8220; global_colors_info=&#8220;{}&#8220;][\/et_pb_column][\/et_pb_row][\/et_pb_section][et_pb_section fb_built=&#8220;1&#8243; _builder_version=&#8220;4.27.4&#8243; _module_preset=&#8220;default&#8220; background_color=&#8220;#f4f4f4&#8243; custom_padding=&#8220;6%||6%||true|false&#8220; global_colors_info=&#8220;{}&#8220;][et_pb_row column_structure=&#8220;2_3,1_3&#8243; _builder_version=&#8220;4.27.4&#8243; _module_preset=&#8220;default&#8220; width=&#8220;100%&#8220; width_tablet=&#8220;100%&#8220; width_phone=&#8220;80%&#8220; width_last_edited=&#8220;on|phone&#8220; global_colors_info=&#8220;{}&#8220;][et_pb_column type=&#8220;2_3&#8243; _builder_version=&#8220;4.27.4&#8243; _module_preset=&#8220;default&#8220; global_colors_info=&#8220;{}&#8220;][et_pb_text _builder_version=&#8220;4.27.4&#8243; _module_preset=&#8220;default&#8220; text_font=&#8220;Titillium Web||||||||&#8220; text_font_size=&#8220;20px&#8220; text_line_height=&#8220;30px&#8220; header_font=&#8220;Titillium Web|700|||||||&#8220; header_text_color=&#8220;#ed4135&#8243; header_font_size=&#8220;32px&#8220; header_font_size_tablet=&#8220;32px&#8220; header_font_size_phone=&#8220;26px&#8220; header_font_size_last_edited=&#8220;on|phone&#8220; global_colors_info=&#8220;{}&#8220;]<\/p>\n<h1>Novex Reifen<\/h1>\n<p>Novex ist eine vielseitige Reifenmarke, die sich auf Qualit\u00e4t, Sicherheit und Komfort konzentriert. Mit Sorgfalt entwickeln wir Reifen, die jeder Situation gewachsen sind \u2013 von Sommerhitze bis hin zu winterlicher Gl\u00e4tte.<\/p>\n<p>Zuverl\u00e4ssigkeit und Kontrolle stehen bei uns im Mittelpunkt, damit Sie jederzeit mit einem guten Gef\u00fchl unterwegs sein k\u00f6nnen.<\/p>\n<p><strong>Intelligente Technologie, zuverl\u00e4ssige Leistung<br \/>\n<\/strong><\/p>\n<p>Unsere Reifen werden mit modernster Technik entwickelt und prodzuiert,weiterhinten unterliegen sie strengen Qualit\u00e4ts- und Sicherheitsstandards. Dank intelligenter Profile, langlebiger Materialien und einer optimalen Balance zwischen Grip und Fahrkomfort eignen sich Novex-Reifen sowohl f\u00fcr allt\u00e4gliche Fahrten als auch f\u00fcr l\u00e4ngere Strecken.<\/p>\n<p>Novex bietet eine gro\u00dfe Auswahl an Sommerreifen, Ganzjahresreifen und Winterreifen f\u00fcr Pkw, SUV und leichte Nutzfahrzeuge.<\/p>\n<p><strong>Novex Reifen: The best alternative!<\/strong>[\/et_pb_text][\/et_pb_column][et_pb_column type=&#8220;1_3&#8243; _builder_version=&#8220;4.27.4&#8243; _module_preset=&#8220;default&#8220; use_background_color_gradient=&#8220;on&#8220; background_color_gradient_direction=&#8220;104deg&#8220; background_color_gradient_stops=&#8220;#ffffff 56%|#f4f4f4 56%&#8220; custom_padding=&#8220;2%|2%|3%|2%|false|true&#8220; custom_padding_tablet=&#8220;2%|2%|3%|2%|false|true&#8220; custom_padding_phone=&#8220;10%|2%|10%|2%|true|true&#8220; custom_padding_last_edited=&#8220;on|phone&#8220; border_radii=&#8220;on|2px|2px|2px|2px&#8220; border_width_all=&#8220;8px&#8220; border_color_all=&#8220;#FFFFFF&#8220; global_colors_info=&#8220;{}&#8220;][et_pb_text _builder_version=&#8220;4.27.4&#8243; _module_preset=&#8220;default&#8220; text_font=&#8220;Titillium Web|600|||||||&#8220; text_text_color=&#8220;#000000&#8243; text_font_size=&#8220;22px&#8220; text_line_height=&#8220;30px&#8220; header_font=&#8220;Titillium Web|700|||||||&#8220; header_3_font=&#8220;Titillium Web|700|||||||&#8220; header_3_font_size=&#8220;24px&#8220; custom_margin=&#8220;||0px||false|false&#8220; header_3_font_size_tablet=&#8220;26px&#8220; header_3_font_size_phone=&#8220;24px&#8220; header_3_font_size_last_edited=&#8220;on|phone&#8220; custom_css_free_form=&#8220;selector {||float:left !important;||margin-right:20px !important;||}&#8220; global_colors_info=&#8220;{}&#8220;]<\/p>\n<h3>Unser Novex-Spezialist<\/h3>\n<p>[\/et_pb_text][et_pb_divider color=&#8220;#ed4135&#8243; divider_weight=&#8220;3px&#8220; _builder_version=&#8220;4.27.4&#8243; _module_preset=&#8220;default&#8220; width=&#8220;20%&#8220; custom_margin=&#8220;||0px||false|false&#8220; custom_css_free_form=&#8220;selector {||clear:both !important;||}&#8220; global_colors_info=&#8220;{}&#8220;][\/et_pb_divider][et_pb_text _builder_version=&#8220;4.27.4&#8243; _module_preset=&#8220;default&#8220; text_font=&#8220;Titillium Web||||||||&#8220; text_font_size=&#8220;20px&#8220; text_line_height=&#8220;30px&#8220; custom_padding=&#8220;||||false|false&#8220; global_colors_info=&#8220;{}&#8220;]Unser Spezialist hilft Ihnen gerne. Kontaktieren Sie uns unverbindlich.[\/et_pb_text][et_pb_image src=&#8220;https:\/\/novexbanden.nl\/wp-content\/uploads\/2025\/08\/jan-ijzer.png&#8220; alt=&#8220;Novex specialist Jan IJzer&#8220; title_text=&#8220;Novex specialist Jan IJzer&#8220; _builder_version=&#8220;4.27.4&#8243; _module_preset=&#8220;default&#8220; positioning=&#8220;relative&#8220; position_origin_a=&#8220;bottom_right&#8220; width=&#8220;86%&#8220; module_alignment=&#8220;center&#8220; custom_padding=&#8220;0%||0%||false|false&#8220; global_colors_info=&#8220;{}&#8220;][\/et_pb_image][et_pb_button button_url=&#8220;tel:+31181331444&#8243; button_text=&#8220;Kontakt per Telefon&#8220; button_alignment=&#8220;center&#8220; _builder_version=&#8220;4.27.4&#8243; _module_preset=&#8220;default&#8220; custom_button=&#8220;on&#8220; button_text_size=&#8220;20px&#8220; button_text_color=&#8220;#FFFFFF&#8220; button_bg_color=&#8220;#ed4135&#8243; button_border_width=&#8220;0px&#8220; button_border_radius=&#8220;4px&#8220; button_font=&#8220;Titillium Web|700|||||||&#8220; button_use_icon=&#8220;off&#8220; custom_padding=&#8220;8px||8px||true|false&#8220; custom_css_main_element=&#8220;width: 100%;&#8220; global_colors_info=&#8220;{}&#8220; button_bg_color__hover_enabled=&#8220;on|hover&#8220; button_bg_color__hover=&#8220;#ce2d2d&#8220; button_bg_enable_color__hover=&#8220;on&#8220;][\/et_pb_button][et_pb_button button_url=&#8220;mailto:sales@vandenban.nl&#8220; button_text=&#8220;Kontakt per E-Mail&#8220; button_alignment=&#8220;center&#8220; _builder_version=&#8220;4.27.4&#8243; _module_preset=&#8220;default&#8220; custom_button=&#8220;on&#8220; button_text_size=&#8220;20px&#8220; button_text_color=&#8220;#FFFFFF&#8220; button_bg_color=&#8220;#000000&#8243; button_border_width=&#8220;0px&#8220; button_border_radius=&#8220;4px&#8220; button_font=&#8220;Titillium Web|700|||||||&#8220; button_use_icon=&#8220;off&#8220; custom_padding=&#8220;8px||8px||true|false&#8220; custom_css_main_element=&#8220;width: 100%;&#8220; global_colors_info=&#8220;{}&#8220; button_bg_color__hover_enabled=&#8220;on|desktop&#8220; button_bg_color__hover=&#8220;#383838&#8243; button_bg_enable_color__hover=&#8220;on&#8220;][\/et_pb_button][\/et_pb_column][\/et_pb_row][\/et_pb_section]<\/p>\n","protected":false},"excerpt":{"rendered":"<p><div class=\"et_pb_module dipi_text_highlighter dipi_text_highlighter_0\">\n\t\t\t\t\n\t\t\t\t\n\t\t\t\t\n\t\t\t\t\n\t\t\t\t\n\t\t\t\t\n\t\t\t\t<div class=\"et_pb_module_inner\">\n\t\t\t\t\t<h2 class=\"dipi-highlight-text-wrapper\" data-config=\"{&quot;animation_start&quot;:&quot;in_a_viewport&quot;,&quot;animation_start_viewport&quot;:&quot;75%&quot;,&quot;animation_delay&quot;:&quot;300ms&quot;,&quot;animation_duration&quot;:&quot;1000ms&quot;,&quot;delay_after_animation&quot;:&quot;3000ms&quot;,&quot;repeat_mode&quot;:&quot;infinite&quot;,&quot;count_mode&quot;:&quot;everytime_in_viewport&quot;,&quot;animation_repeat_counts&quot;:&quot;3&quot;,&quot;reverse_animation&quot;:&quot;on&quot;,&quot;id&quot;:&quot;dipi_text_highlighter_0_wrapper&quot;}\">\n\t\t\t\t\t<span class=\"dipi-text-highlight-wrapper {&quot;animation_start&quot;:&quot;in_a_viewport&quot;,&quot;animation_start_viewport&quot;:&quot;75%&quot;,&quot;animation_delay&quot;:&quot;300ms&quot;,&quot;animation_duration&quot;:&quot;1000ms&quot;,&quot;delay_after_animation&quot;:&quot;3000ms&quot;,&quot;repeat_mode&quot;:&quot;infinite&quot;,&quot;count_mode&quot;:&quot;everytime_in_viewport&quot;,&quot;animation_repeat_counts&quot;:&quot;3&quot;,&quot;reverse_animation&quot;:&quot;on&quot;,&quot;id&quot;:&quot;dipi_text_highlighter_0_wrapper&quot;}\"><span class=\"dipi-text-highlight-text dipi-text-highlight-text\">\u00dcber Novex<\/span><span class=\"dipi-text-highlight-svg\"><svg xmlns=\"http:\/\/www.w3.org\/2000\/svg\" viewBox=\"0 0 500 150\" preserveAspectRatio=\"none\"><path d=\"M3,75h493.5\"><\/path><\/svg><\/span><\/span>\n\t\t\t<\/h2>\n\t\t\t\t<\/div>\n\t\t\t<\/div>Novex Reifen Novex ist eine vielseitige Reifenmarke, die sich auf Qualit\u00e4t, Sicherheit und Komfort konzentriert. [&hellip;]<\/p>\n","protected":false},"author":1,"featured_media":0,"parent":0,"menu_order":0,"comment_status":"closed","ping_status":"closed","template":"","meta":{"_et_pb_use_builder":"on","_et_pb_old_content":"","_et_gb_content_width":"","footnotes":""},"dipi_cpt_category":[],"class_list":["post-27567035","page","type-page","status-publish","hentry"],"yoast_head":"<!-- This site is optimized with the Yoast SEO plugin v27.4 - https:\/\/yoast.com\/product\/yoast-seo-wordpress\/ -->\n<title>\u00dcber Novex | Novex Reifen<\/title>\n<meta name=\"description\" content=\"Fahren Sie sicher und vertrauen Sie Novex-Reifen. Unser Sortiment bietet f\u00fcr jede Jahreszeit die passenden Reifen zu attraktiven Preisen.\" \/>\n<meta name=\"robots\" content=\"index, follow, max-snippet:-1, max-image-preview:large, max-video-preview:-1\" \/>\n<link rel=\"canonical\" href=\"https:\/\/novexbanden.nl\/de\/uber-novex\/\" \/>\n<meta property=\"og:locale\" content=\"de_DE\" \/>\n<meta property=\"og:type\" content=\"article\" \/>\n<meta property=\"og:title\" content=\"\u00dcber Novex | Novex Reifen\" \/>\n<meta property=\"og:description\" content=\"Fahren Sie sicher und vertrauen Sie Novex-Reifen. Unser Sortiment bietet f\u00fcr jede Jahreszeit die passenden Reifen zu attraktiven Preisen.\" \/>\n<meta property=\"og:url\" content=\"https:\/\/novexbanden.nl\/de\/uber-novex\/\" \/>\n<meta property=\"og:site_name\" content=\"Novex banden\" \/>\n<meta property=\"article:modified_time\" content=\"2025-09-10T12:10:08+00:00\" \/>\n<meta name=\"twitter:card\" content=\"summary_large_image\" \/>\n<meta name=\"twitter:label1\" content=\"Gesch\u00e4tzte Lesezeit\" \/>\n\t<meta name=\"twitter:data1\" content=\"1\u00a0Minute\" \/>\n<script type=\"application\/ld+json\" class=\"yoast-schema-graph\">{\"@context\":\"https:\\\/\\\/schema.org\",\"@graph\":[{\"@type\":\"WebPage\",\"@id\":\"https:\\\/\\\/novexbanden.nl\\\/de\\\/uber-novex\\\/\",\"url\":\"https:\\\/\\\/novexbanden.nl\\\/de\\\/uber-novex\\\/\",\"name\":\"\u00dcber Novex | Novex Reifen\",\"isPartOf\":{\"@id\":\"https:\\\/\\\/novexbanden.nl\\\/de\\\/#website\"},\"datePublished\":\"2025-08-06T12:26:19+00:00\",\"dateModified\":\"2025-09-10T12:10:08+00:00\",\"description\":\"Fahren Sie sicher und vertrauen Sie Novex-Reifen. Unser Sortiment bietet f\u00fcr jede Jahreszeit die passenden Reifen zu attraktiven Preisen.\",\"breadcrumb\":{\"@id\":\"https:\\\/\\\/novexbanden.nl\\\/de\\\/uber-novex\\\/#breadcrumb\"},\"inLanguage\":\"de\",\"potentialAction\":[{\"@type\":\"ReadAction\",\"target\":[\"https:\\\/\\\/novexbanden.nl\\\/de\\\/uber-novex\\\/\"]}]},{\"@type\":\"BreadcrumbList\",\"@id\":\"https:\\\/\\\/novexbanden.nl\\\/de\\\/uber-novex\\\/#breadcrumb\",\"itemListElement\":[{\"@type\":\"ListItem\",\"position\":1,\"name\":\"Home\",\"item\":\"https:\\\/\\\/novexbanden.nl\\\/de\\\/\"},{\"@type\":\"ListItem\",\"position\":2,\"name\":\"\u00dcber Novex\"}]},{\"@type\":\"WebSite\",\"@id\":\"https:\\\/\\\/novexbanden.nl\\\/de\\\/#website\",\"url\":\"https:\\\/\\\/novexbanden.nl\\\/de\\\/\",\"name\":\"Novex banden\",\"description\":\"The best alternative\",\"potentialAction\":[{\"@type\":\"SearchAction\",\"target\":{\"@type\":\"EntryPoint\",\"urlTemplate\":\"https:\\\/\\\/novexbanden.nl\\\/de\\\/?s={search_term_string}\"},\"query-input\":{\"@type\":\"PropertyValueSpecification\",\"valueRequired\":true,\"valueName\":\"search_term_string\"}}],\"inLanguage\":\"de\"}]}<\/script>\n<!-- \/ Yoast SEO plugin. -->","yoast_head_json":{"title":"\u00dcber Novex | Novex Reifen","description":"Fahren Sie sicher und vertrauen Sie Novex-Reifen. Unser Sortiment bietet f\u00fcr jede Jahreszeit die passenden Reifen zu attraktiven Preisen.","robots":{"index":"index","follow":"follow","max-snippet":"max-snippet:-1","max-image-preview":"max-image-preview:large","max-video-preview":"max-video-preview:-1"},"canonical":"https:\/\/novexbanden.nl\/de\/uber-novex\/","og_locale":"de_DE","og_type":"article","og_title":"\u00dcber Novex | Novex Reifen","og_description":"Fahren Sie sicher und vertrauen Sie Novex-Reifen. Unser Sortiment bietet f\u00fcr jede Jahreszeit die passenden Reifen zu attraktiven Preisen.","og_url":"https:\/\/novexbanden.nl\/de\/uber-novex\/","og_site_name":"Novex banden","article_modified_time":"2025-09-10T12:10:08+00:00","twitter_card":"summary_large_image","twitter_misc":{"Gesch\u00e4tzte Lesezeit":"1\u00a0Minute"},"schema":{"@context":"https:\/\/schema.org","@graph":[{"@type":"WebPage","@id":"https:\/\/novexbanden.nl\/de\/uber-novex\/","url":"https:\/\/novexbanden.nl\/de\/uber-novex\/","name":"\u00dcber Novex | Novex Reifen","isPartOf":{"@id":"https:\/\/novexbanden.nl\/de\/#website"},"datePublished":"2025-08-06T12:26:19+00:00","dateModified":"2025-09-10T12:10:08+00:00","description":"Fahren Sie sicher und vertrauen Sie Novex-Reifen. Unser Sortiment bietet f\u00fcr jede Jahreszeit die passenden Reifen zu attraktiven Preisen.","breadcrumb":{"@id":"https:\/\/novexbanden.nl\/de\/uber-novex\/#breadcrumb"},"inLanguage":"de","potentialAction":[{"@type":"ReadAction","target":["https:\/\/novexbanden.nl\/de\/uber-novex\/"]}]},{"@type":"BreadcrumbList","@id":"https:\/\/novexbanden.nl\/de\/uber-novex\/#breadcrumb","itemListElement":[{"@type":"ListItem","position":1,"name":"Home","item":"https:\/\/novexbanden.nl\/de\/"},{"@type":"ListItem","position":2,"name":"\u00dcber Novex"}]},{"@type":"WebSite","@id":"https:\/\/novexbanden.nl\/de\/#website","url":"https:\/\/novexbanden.nl\/de\/","name":"Novex banden","description":"The best alternative","potentialAction":[{"@type":"SearchAction","target":{"@type":"EntryPoint","urlTemplate":"https:\/\/novexbanden.nl\/de\/?s={search_term_string}"},"query-input":{"@type":"PropertyValueSpecification","valueRequired":true,"valueName":"search_term_string"}}],"inLanguage":"de"}]}},"_links":{"self":[{"href":"https:\/\/novexbanden.nl\/de\/wp-json\/wp\/v2\/pages\/27567035","targetHints":{"allow":["GET"]}}],"collection":[{"href":"https:\/\/novexbanden.nl\/de\/wp-json\/wp\/v2\/pages"}],"about":[{"href":"https:\/\/novexbanden.nl\/de\/wp-json\/wp\/v2\/types\/page"}],"author":[{"embeddable":true,"href":"https:\/\/novexbanden.nl\/de\/wp-json\/wp\/v2\/users\/1"}],"replies":[{"embeddable":true,"href":"https:\/\/novexbanden.nl\/de\/wp-json\/wp\/v2\/comments?post=27567035"}],"version-history":[{"count":8,"href":"https:\/\/novexbanden.nl\/de\/wp-json\/wp\/v2\/pages\/27567035\/revisions"}],"predecessor-version":[{"id":27567915,"href":"https:\/\/novexbanden.nl\/de\/wp-json\/wp\/v2\/pages\/27567035\/revisions\/27567915"}],"wp:attachment":[{"href":"https:\/\/novexbanden.nl\/de\/wp-json\/wp\/v2\/media?parent=27567035"}],"wp:term":[{"taxonomy":"dipi_cpt_category","embeddable":true,"href":"https:\/\/novexbanden.nl\/de\/wp-json\/wp\/v2\/dipi_cpt_category?post=27567035"}],"curies":[{"name":"wp","href":"https:\/\/api.w.org\/{rel}","templated":true}]}}