{"id":27567421,"date":"2025-08-06T11:41:50","date_gmt":"2025-08-06T11:41:50","guid":{"rendered":"https:\/\/novexbanden.nl\/win-c\/"},"modified":"2025-09-11T06:30:44","modified_gmt":"2025-09-11T06:30:44","slug":"win-c","status":"publish","type":"page","link":"https:\/\/novexbanden.nl\/de\/winterreifen\/win-c\/","title":{"rendered":"WIN C"},"content":{"rendered":"<p>[et_pb_section fb_built=&#8220;1&#8243; custom_padding_last_edited=&#8220;on|phone&#8220; _builder_version=&#8220;4.27.4&#8243; _module_preset=&#8220;default&#8220; use_background_color_gradient=&#8220;on&#8220; background_color_gradient_direction=&#8220;104deg&#8220; background_color_gradient_stops=&#8220;rgba(255,255,255,0) 44%|#000000 44%|#000000 90%|#ed4135 90%&#8220; background_color_gradient_overlays_image=&#8220;on&#8220; background_image=&#8220;https:\/\/novexbanden.nl\/wp-content\/uploads\/2025\/08\/novex-winterbanden.jpg&#8220; background_size=&#8220;contain&#8220; background_position=&#8220;top_left&#8220; custom_padding=&#8220;5%||5%||true|false&#8220; custom_padding_tablet=&#8220;4%||4%||true|false&#8220; custom_padding_phone=&#8220;6%||6%||true|false&#8220; background_last_edited=&#8220;on|phone&#8220; use_background_color_gradient_phone=&#8220;on&#8220; background_color_gradient_stops_phone=&#8220;rgba(255,255,255,0) 0%|#000000 0%|#000000 90%|#ed4135 90%&#8220; global_colors_info=&#8220;{}&#8220;][et_pb_row column_structure=&#8220;1_2,1_2&#8243; _builder_version=&#8220;4.27.4&#8243; _module_preset=&#8220;default&#8220; width=&#8220;100%&#8220; width_tablet=&#8220;100%&#8220; width_phone=&#8220;86%&#8220; width_last_edited=&#8220;on|phone&#8220; max_width=&#8220;1280px&#8220; global_colors_info=&#8220;{}&#8220;][et_pb_column type=&#8220;1_2&#8243; _builder_version=&#8220;4.27.4&#8243; _module_preset=&#8220;default&#8220; global_colors_info=&#8220;{}&#8220;][\/et_pb_column][et_pb_column type=&#8220;1_2&#8243; _builder_version=&#8220;4.27.4&#8243; _module_preset=&#8220;default&#8220; global_colors_info=&#8220;{}&#8220;][et_pb_text _builder_version=&#8220;4.27.4&#8243; _module_preset=&#8220;default&#8220; header_font=&#8220;Titillium Web|700|||||||&#8220; header_text_color=&#8220;#FFFFFF&#8220; header_font_size=&#8220;38px&#8220; custom_margin=&#8220;||0px||false|false&#8220; header_font_size_tablet=&#8220;38px&#8220; header_font_size_phone=&#8220;26px&#8220; header_font_size_last_edited=&#8220;on|phone&#8220; custom_css_free_form=&#8220;selector {||float:left !important;||margin-right:20px !important;||}&#8220; border_color_bottom=&#8220;#E02B20&#8243; global_colors_info=&#8220;{}&#8220;]<\/p>\n<h1>Novex WIN C<\/h1>\n<p>[\/et_pb_text][et_pb_image src=&#8220;https:\/\/novexbanden.nl\/wp-content\/uploads\/2025\/08\/ico-winter-wh.png&#8220; alt=&#8220;Winter&#8220; title_text=&#8220;Winter&#8220; _builder_version=&#8220;4.27.4&#8243; _module_preset=&#8220;default&#8220; width=&#8220;7%&#8220; width_tablet=&#8220;8%&#8220; width_phone=&#8220;8%&#8220; width_last_edited=&#8220;on|phone&#8220; custom_margin=&#8220;||0px||false|false&#8220; custom_padding=&#8220;||||false|false&#8220; custom_css_free_form=&#8220;selector {||float:left !important;||margin-right:20px !important;||}||||selector {||@media only screen and (max-width: 767px) {||float:left !important;||margin-right:12px !important;||  }||}&#8220; global_colors_info=&#8220;{}&#8220; width__hover_enabled=&#8220;off|desktop&#8220;][\/et_pb_image][et_pb_image src=&#8220;https:\/\/novexbanden.nl\/wp-content\/uploads\/2025\/08\/ico-3pmsf-wh.png&#8220; alt=&#8220;3PMSF&#8220; title_text=&#8220;3PMSF&#8220; _builder_version=&#8220;4.27.4&#8243; _module_preset=&#8220;default&#8220; width=&#8220;7%&#8220; width_tablet=&#8220;8%&#8220; width_phone=&#8220;8%&#8220; width_last_edited=&#8220;on|phone&#8220; custom_margin=&#8220;||0px||false|false&#8220; custom_padding=&#8220;||||false|false&#8220; custom_css_free_form=&#8220;selector {||float:left !important;||margin-right:20px !important;||}||||selector {||@media only screen and (max-width: 767px) {||float:left !important;||margin-right:12px !important;||  }||}&#8220; global_colors_info=&#8220;{}&#8220; width__hover_enabled=&#8220;off|desktop&#8220;][\/et_pb_image][et_pb_image src=&#8220;https:\/\/novexbanden.nl\/wp-content\/uploads\/2025\/08\/ico-van.png&#8220; alt=&#8220;VAN&#8220; title_text=&#8220;VAN&#8220; _builder_version=&#8220;4.27.4&#8243; _module_preset=&#8220;default&#8220; width=&#8220;7%&#8220; width_tablet=&#8220;8%&#8220; width_phone=&#8220;8%&#8220; width_last_edited=&#8220;on|phone&#8220; custom_margin=&#8220;||0px||false|false&#8220; custom_css_free_form=&#8220;selector {||float:left !important;||margin-right:20px !important;||}||||selector {||@media only screen and (max-width: 767px) {||float:left !important;||margin-right:12px !important;||  }||}&#8220; global_colors_info=&#8220;{}&#8220;][\/et_pb_image][et_pb_divider color=&#8220;#ed4135&#8243; divider_weight=&#8220;3px&#8220; _builder_version=&#8220;4.27.4&#8243; _module_preset=&#8220;default&#8220; width=&#8220;60px&#8220; custom_margin=&#8220;||0px||false|false&#8220; custom_margin_tablet=&#8220;&#8220; custom_margin_phone=&#8220;||0px||false|false&#8220; custom_margin_last_edited=&#8220;on|phone&#8220; custom_css_free_form=&#8220;selector {||clear:both !important;||}&#8220; global_colors_info=&#8220;{}&#8220;][\/et_pb_divider][et_pb_text _builder_version=&#8220;4.27.4&#8243; _module_preset=&#8220;default&#8220; text_font=&#8220;Titillium Web|600|||||||&#8220; text_text_color=&#8220;#FFFFFF&#8220; text_font_size=&#8220;20px&#8220; text_line_height=&#8220;30px&#8220; text_font_size_tablet=&#8220;22px&#8220; text_font_size_phone=&#8220;20px&#8220; text_font_size_last_edited=&#8220;on|phone&#8220; global_colors_info=&#8220;{}&#8220;]Der Novex WIN C ist ein Winterreifen f\u00fcr leichte Nutzfahrzeuge. Dieser Reifen kombiniert zus\u00e4tzliche Tragf\u00e4higkeit mit sicheren und stabilen Fahreigenschaften bei winterlichen Bedingungen.[\/et_pb_text][\/et_pb_column][\/et_pb_row][\/et_pb_section][et_pb_section fb_built=&#8220;1&#8243; _builder_version=&#8220;4.27.4&#8243; _module_preset=&#8220;default&#8220; custom_padding=&#8220;||||true|false&#8220; global_colors_info=&#8220;{}&#8220;][et_pb_row column_structure=&#8220;1_2,1_2&#8243; make_equal=&#8220;on&#8220; _builder_version=&#8220;4.27.4&#8243; _module_preset=&#8220;default&#8220; global_colors_info=&#8220;{}&#8220;][et_pb_column type=&#8220;1_2&#8243; _builder_version=&#8220;4.27.4&#8243; _module_preset=&#8220;default&#8220; custom_css_main_element=&#8220;margin: auto;&#8220; global_colors_info=&#8220;{}&#8220;][et_pb_text _builder_version=&#8220;4.27.4&#8243; _module_preset=&#8220;default&#8220; text_font=&#8220;Titillium Web||||||||&#8220; text_font_size=&#8220;20px&#8220; text_line_height=&#8220;1.8em&#8220; ul_font_size=&#8220;20px&#8220; ul_line_height=&#8220;1.8em&#8220; header_4_font=&#8220;Titillium Web|700|||||||&#8220; header_4_font_size=&#8220;28px&#8220; text_font_size_tablet=&#8220;20px&#8220; text_font_size_phone=&#8220;&#8220; text_font_size_last_edited=&#8220;on|desktop&#8220; text_line_height_tablet=&#8220;1.8em&#8220; text_line_height_phone=&#8220;1.6em&#8220; text_line_height_last_edited=&#8220;on|phone&#8220; ul_font_size_tablet=&#8220;20px&#8220; ul_font_size_phone=&#8220;20px&#8220; ul_font_size_last_edited=&#8220;on|phone&#8220; ul_line_height_tablet=&#8220;1.8em&#8220; ul_line_height_phone=&#8220;1.6em&#8220; ul_line_height_last_edited=&#8220;on|phone&#8220; header_4_font_size_tablet=&#8220;28px&#8220; header_4_font_size_phone=&#8220;24px&#8220; header_4_font_size_last_edited=&#8220;on|phone&#8220; custom_css_free_form=&#8220;selector ::marker {||    color: #ed4135;||}&#8220; global_colors_info=&#8220;{}&#8220;]<\/p>\n<h4>Vorteile<\/h4>\n<ul>\n<li>Verst\u00e4rkte Konstruktion zur Unterst\u00fctzung schweren Lasten.<\/li>\n<li>Das Wasser wird effizient abgeleitet und sorgt somit f\u00fcr mehr Sicherheit auf nassen Untergrund.<\/li>\n<li>Das spezielle Winterprofil sorgt f\u00fcr hervorragenden Grip und Bremskraft auf verschneiten und vereisten Oberfl\u00e4chen.<\/li>\n<\/ul>\n<p>[\/et_pb_text][et_pb_button button_url=&#8220;https:\/\/novexbanden.nl\/wp-content\/brochures\/Brochure-Novex-DU@.pdf&#8220; url_new_window=&#8220;on&#8220; button_text=&#8220;Brosch\u00fcre herunterladen&#8220; button_alignment=&#8220;left&#8220; button_alignment_tablet=&#8220;right&#8220; button_alignment_phone=&#8220;center&#8220; button_alignment_last_edited=&#8220;on|phone&#8220; _builder_version=&#8220;4.27.4&#8243; _module_preset=&#8220;default&#8220; custom_button=&#8220;on&#8220; button_text_color=&#8220;#FFFFFF&#8220; button_bg_color=&#8220;#ed4135&#8243; button_border_width=&#8220;0px&#8220; button_border_radius=&#8220;4px&#8220; button_font=&#8220;Titillium Web|700|||||||&#8220; button_use_icon=&#8220;off&#8220; custom_margin=&#8220;||||false|false&#8220; custom_margin_tablet=&#8220;||||false|false&#8220; custom_margin_phone=&#8220;||0px||false|false&#8220; custom_margin_last_edited=&#8220;on|phone&#8220; custom_padding=&#8220;8px||8px||true|false&#8220; global_colors_info=&#8220;{}&#8220; button_bg_color__hover_enabled=&#8220;on|hover&#8220; button_bg_color__hover=&#8220;#ce2d2d&#8220; button_bg_enable_color__hover=&#8220;on&#8220; custom_css_main_element_last_edited=&#8220;on|phone&#8220; custom_css_main_element_phone=&#8220;width: 100%;&#8220;][\/et_pb_button][\/et_pb_column][et_pb_column type=&#8220;1_2&#8243; _builder_version=&#8220;4.27.4&#8243; _module_preset=&#8220;default&#8220; global_colors_info=&#8220;{}&#8220;][et_pb_image src=&#8220;https:\/\/novexbanden.nl\/wp-content\/uploads\/2025\/08\/novex-win-c.png&#8220; alt=&#8220;Novex WIN C&#8220; title_text=&#8220;Novex WIN C&#8220; _builder_version=&#8220;4.27.4&#8243; _module_preset=&#8220;default&#8220; custom_margin_tablet=&#8220;&#8220; custom_margin_phone=&#8220;18%||||false|false&#8220; custom_margin_last_edited=&#8220;on|phone&#8220; custom_padding_phone=&#8220;||||false|false&#8220; custom_padding_last_edited=&#8220;off|phone&#8220; global_colors_info=&#8220;{}&#8220;][\/et_pb_image][\/et_pb_column][\/et_pb_row][\/et_pb_section][et_pb_section fb_built=&#8220;1&#8243; _builder_version=&#8220;4.27.4&#8243; _module_preset=&#8220;default&#8220; background_color=&#8220;#f4f4f4&#8243; custom_padding=&#8220;||||false|false&#8220; global_colors_info=&#8220;{}&#8220;][et_pb_row make_equal=&#8220;on&#8220; _builder_version=&#8220;4.27.4&#8243; _module_preset=&#8220;default&#8220; custom_padding=&#8220;||||false|false&#8220; global_colors_info=&#8220;{}&#8220;][et_pb_column type=&#8220;4_4&#8243; disabled_on=&#8220;off|off|off&#8220; _builder_version=&#8220;4.27.4&#8243; _module_preset=&#8220;default&#8220; custom_css_main_element=&#8220;margin: auto;&#8220; global_colors_info=&#8220;{}&#8220; custom_css_main_element_last_edited=&#8220;off|phone&#8220;][et_pb_text _builder_version=&#8220;4.27.4&#8243; _module_preset=&#8220;default&#8220; header_4_font=&#8220;Titillium Web|700|||||||&#8220; header_4_font_size=&#8220;28px&#8220; custom_margin=&#8220;||0px||false|false&#8220; global_colors_info=&#8220;{}&#8220;]<\/p>\n<h4>Gr\u00f6\u00dfen\u00fcbersicht<\/h4>\n<p>\n<table id=\"tablepress-11\" class=\"tablepress tablepress-id-11\">\n<thead>\n<tr class=\"row-1\">\n\t<th class=\"column-1\">SIZE<\/th><th class=\"column-2\">XL<\/th><th class=\"column-3\">LI<\/th><th class=\"column-4\">SI<\/th><th class=\"column-5\"><img decoding=\"async\" src=\"https:\/\/novexbanden.nl\/wp-content\/uploads\/2025\/08\/ico-fuel.png\" \/><\/th><th class=\"column-6\"><img decoding=\"async\" src=\"https:\/\/novexbanden.nl\/wp-content\/uploads\/2025\/08\/ico-grip.png\" \/><\/th><th class=\"column-7\"><img decoding=\"async\" src=\"https:\/\/novexbanden.nl\/wp-content\/uploads\/2025\/08\/ico-noise.png\" \/><\/th><th class=\"column-8\"><img decoding=\"async\" src=\"https:\/\/novexbanden.nl\/wp-content\/uploads\/2025\/08\/ico-3pmsf.png\" \/><\/th><th class=\"column-9\">EPREL<\/th>\n<\/tr>\n<\/thead>\n<tbody class=\"row-striping row-hover\">\n<tr class=\"row-2\">\n\t<td class=\"column-1\"><strong> 75 Series<\/strong><\/td><td class=\"column-2\"><\/td><td class=\"column-3\"><\/td><td class=\"column-4\"><\/td><td class=\"column-5\"><\/td><td class=\"column-6\"><\/td><td class=\"column-7\"><\/td><td class=\"column-8\"><\/td><td class=\"column-9\"><\/td>\n<\/tr>\n<tr class=\"row-3\">\n\t<td class=\"column-1\">205 75 R16<\/td><td class=\"column-2\"><\/td><td class=\"column-3\">110<\/td><td class=\"column-4\">T<\/td><td class=\"column-5\">C<\/td><td class=\"column-6\">C<\/td><td class=\"column-7\">71B<\/td><td class=\"column-8\"><i class=\"fa fa-check\" aria-hidden=\"true\"><\/i><\/td><td class=\"column-9\"><\/td>\n<\/tr>\n<tr class=\"row-4\">\n\t<td class=\"column-1\">225 75 R16<\/td><td class=\"column-2\"><\/td><td class=\"column-3\">121<\/td><td class=\"column-4\">R<\/td><td class=\"column-5\">C<\/td><td class=\"column-6\">C<\/td><td class=\"column-7\">71B<\/td><td class=\"column-8\"><i class=\"fa fa-check\" aria-hidden=\"true\"><\/i><\/td><td class=\"column-9\"><a href=\"https:\/\/eprel.ec.europa.eu\/screen\/product\/tyres\/2391093\" target=_blank rel=noopener>EPREL Database<\/a><\/td>\n<\/tr>\n<tr class=\"row-5\">\n\t<td class=\"column-1\"><strong> 70 Series<\/strong><\/td><td class=\"column-2\"><\/td><td class=\"column-3\"><\/td><td class=\"column-4\"><\/td><td class=\"column-5\"><\/td><td class=\"column-6\"><\/td><td class=\"column-7\"><\/td><td class=\"column-8\"><\/td><td class=\"column-9\"><\/td>\n<\/tr>\n<tr class=\"row-6\">\n\t<td class=\"column-1\">215 70 R15<\/td><td class=\"column-2\"><\/td><td class=\"column-3\">109<\/td><td class=\"column-4\">R<\/td><td class=\"column-5\">C<\/td><td class=\"column-6\">C<\/td><td class=\"column-7\">71B<\/td><td class=\"column-8\"><i class=\"fa fa-check\" aria-hidden=\"true\"><\/i><\/td><td class=\"column-9\"><a href=\"https:\/\/eprel.ec.europa.eu\/screen\/product\/tyres\/2391092\" target=_blank rel=noopener>EPREL Database<\/a><\/td>\n<\/tr>\n<tr class=\"row-7\">\n\t<td class=\"column-1\">215 65 R15<\/td><td class=\"column-2\"><\/td><td class=\"column-3\">104<\/td><td class=\"column-4\">T<\/td><td class=\"column-5\">D<\/td><td class=\"column-6\">C<\/td><td class=\"column-7\">71B<\/td><td class=\"column-8\"><i class=\"fa fa-check\" aria-hidden=\"true\"><\/i><\/td><td class=\"column-9\"><\/td>\n<\/tr>\n<tr class=\"row-8\">\n\t<td class=\"column-1\"><strong> 65 Series<\/strong><\/td><td class=\"column-2\"><\/td><td class=\"column-3\"><\/td><td class=\"column-4\"><\/td><td class=\"column-5\"><\/td><td class=\"column-6\"><\/td><td class=\"column-7\"><\/td><td class=\"column-8\"><\/td><td class=\"column-9\"><\/td>\n<\/tr>\n<tr class=\"row-9\">\n\t<td class=\"column-1\">205 65 R16<\/td><td class=\"column-2\"><\/td><td class=\"column-3\">107<\/td><td class=\"column-4\">R<\/td><td class=\"column-5\">C<\/td><td class=\"column-6\">C<\/td><td class=\"column-7\">71B<\/td><td class=\"column-8\"><i class=\"fa fa-check\" aria-hidden=\"true\"><\/i><\/td><td class=\"column-9\"><a href=\"https:\/\/eprel.ec.europa.eu\/screen\/product\/tyres\/2391091\" target=_blank rel=noopener>EPREL Database<\/a><\/td>\n<\/tr>\n<tr class=\"row-10\">\n\t<td class=\"column-1\">215 65 R16<\/td><td class=\"column-2\"><\/td><td class=\"column-3\">109<\/td><td class=\"column-4\">R<\/td><td class=\"column-5\">C<\/td><td class=\"column-6\">C<\/td><td class=\"column-7\">71B<\/td><td class=\"column-8\"><i class=\"fa fa-check\" aria-hidden=\"true\"><\/i><\/td><td class=\"column-9\"><a href=\"https:\/\/eprel.ec.europa.eu\/screen\/product\/tyres\/2391105\" target=_blank rel=noopener>EPREL Database<\/a><\/td>\n<\/tr>\n<tr class=\"row-11\">\n\t<td class=\"column-1\">225 65 R16<\/td><td class=\"column-2\"><\/td><td class=\"column-3\">112<\/td><td class=\"column-4\">R<\/td><td class=\"column-5\">C<\/td><td class=\"column-6\">C<\/td><td class=\"column-7\">71B<\/td><td class=\"column-8\"><i class=\"fa fa-check\" aria-hidden=\"true\"><\/i><\/td><td class=\"column-9\"><a href=\"https:\/\/eprel.ec.europa.eu\/screen\/product\/tyres\/2391095\" target=_blank rel=noopener>EPREL Database<\/a><\/td>\n<\/tr>\n<tr class=\"row-12\">\n\t<td class=\"column-1\">235 65 R16<\/td><td class=\"column-2\"><\/td><td class=\"column-3\">115<\/td><td class=\"column-4\">R<\/td><td class=\"column-5\">C<\/td><td class=\"column-6\">C<\/td><td class=\"column-7\">71B<\/td><td class=\"column-8\"><i class=\"fa fa-check\" aria-hidden=\"true\"><\/i><\/td><td class=\"column-9\"><a href=\"https:\/\/eprel.ec.europa.eu\/screen\/product\/tyres\/2391106\" target=_blank rel=noopener>EPREL Database<\/a><\/td>\n<\/tr>\n<\/tbody>\n<\/table>\n<!-- #tablepress-11 from cache -->[\/et_pb_text][et_pb_button button_url=&#8220;https:\/\/novexbanden.nl\/de\/reifenlabel\/&#8220; button_text=&#8220;Was ist ein Reifenlabel?&#8220; button_alignment=&#8220;left&#8220; button_alignment_tablet=&#8220;right&#8220; button_alignment_phone=&#8220;center&#8220; button_alignment_last_edited=&#8220;on|phone&#8220; _builder_version=&#8220;4.27.4&#8243; _module_preset=&#8220;default&#8220; custom_button=&#8220;on&#8220; button_text_color=&#8220;#FFFFFF&#8220; button_bg_color=&#8220;#ed4135&#8243; button_border_width=&#8220;0px&#8220; button_border_radius=&#8220;4px&#8220; button_font=&#8220;Titillium Web|700|||||||&#8220; button_use_icon=&#8220;off&#8220; custom_margin=&#8220;||||false|false&#8220; custom_margin_tablet=&#8220;||||false|false&#8220; custom_margin_phone=&#8220;||0px||false|false&#8220; custom_margin_last_edited=&#8220;on|phone&#8220; custom_padding=&#8220;8px||8px||true|false&#8220; global_colors_info=&#8220;{}&#8220; button_bg_color__hover_enabled=&#8220;on|hover&#8220; button_bg_color__hover=&#8220;#ce2d2d&#8220; button_bg_enable_color__hover=&#8220;on&#8220; custom_css_main_element_last_edited=&#8220;on|phone&#8220; custom_css_main_element_phone=&#8220;width: 100%;&#8220;][\/et_pb_button][\/et_pb_column][\/et_pb_row][\/et_pb_section]<\/p>\n","protected":false},"excerpt":{"rendered":"<p>Novex WIN CDer Novex WIN C ist ein Winterreifen f\u00fcr leichte Nutzfahrzeuge. Dieser Reifen kombiniert zus\u00e4tzliche Tragf\u00e4higkeit mit sicheren und stabilen Fahreigenschaften bei winterlichen Bedingungen.Vorteile Verst\u00e4rkte Konstruktion zur Unterst\u00fctzung schweren Lasten. Das Wasser wird effizient abgeleitet und sorgt somit f\u00fcr mehr Sicherheit auf nassen Untergrund. Das spezielle Winterprofil sorgt f\u00fcr hervorragenden Grip und Bremskraft auf [&hellip;]<\/p>\n","protected":false},"author":1,"featured_media":0,"parent":27568328,"menu_order":0,"comment_status":"closed","ping_status":"closed","template":"","meta":{"_et_pb_use_builder":"on","_et_pb_old_content":"","_et_gb_content_width":"","footnotes":""},"dipi_cpt_category":[],"class_list":["post-27567421","page","type-page","status-publish","hentry"],"yoast_head":"<!-- This site is optimized with the Yoast SEO plugin v27.4 - https:\/\/yoast.com\/product\/yoast-seo-wordpress\/ -->\n<title>WIN C | Novex Reifen<\/title>\n<meta name=\"description\" content=\"Der Novex WIN C ist ein Winterreifen f\u00fcr leichte Nutzfahrzeuge, mit hoher Tragf\u00e4higkeit und stabilen, sicheren Fahreigenschaften.\" \/>\n<meta name=\"robots\" content=\"index, follow, max-snippet:-1, max-image-preview:large, max-video-preview:-1\" \/>\n<link rel=\"canonical\" href=\"https:\/\/novexbanden.nl\/de\/winterreifen\/win-c\/\" \/>\n<meta property=\"og:locale\" content=\"de_DE\" \/>\n<meta property=\"og:type\" content=\"article\" \/>\n<meta property=\"og:title\" content=\"WIN C | Novex Reifen\" \/>\n<meta property=\"og:description\" content=\"Der Novex WIN C ist ein Winterreifen f\u00fcr leichte Nutzfahrzeuge, mit hoher Tragf\u00e4higkeit und stabilen, sicheren Fahreigenschaften.\" \/>\n<meta property=\"og:url\" content=\"https:\/\/novexbanden.nl\/de\/winterreifen\/win-c\/\" \/>\n<meta property=\"og:site_name\" content=\"Novex banden\" \/>\n<meta property=\"article:modified_time\" content=\"2025-09-11T06:30:44+00:00\" \/>\n<meta name=\"twitter:card\" content=\"summary_large_image\" \/>\n<meta name=\"twitter:label1\" content=\"Gesch\u00e4tzte Lesezeit\" \/>\n\t<meta name=\"twitter:data1\" content=\"3\u00a0Minuten\" \/>\n<script type=\"application\/ld+json\" class=\"yoast-schema-graph\">{\"@context\":\"https:\\\/\\\/schema.org\",\"@graph\":[{\"@type\":\"WebPage\",\"@id\":\"https:\\\/\\\/novexbanden.nl\\\/de\\\/winterreifen\\\/win-c\\\/\",\"url\":\"https:\\\/\\\/novexbanden.nl\\\/de\\\/winterreifen\\\/win-c\\\/\",\"name\":\"WIN C | Novex Reifen\",\"isPartOf\":{\"@id\":\"https:\\\/\\\/novexbanden.nl\\\/de\\\/#website\"},\"datePublished\":\"2025-08-06T11:41:50+00:00\",\"dateModified\":\"2025-09-11T06:30:44+00:00\",\"description\":\"Der Novex WIN C ist ein Winterreifen f\u00fcr leichte Nutzfahrzeuge, mit hoher Tragf\u00e4higkeit und stabilen, sicheren Fahreigenschaften.\",\"breadcrumb\":{\"@id\":\"https:\\\/\\\/novexbanden.nl\\\/de\\\/winterreifen\\\/win-c\\\/#breadcrumb\"},\"inLanguage\":\"de\",\"potentialAction\":[{\"@type\":\"ReadAction\",\"target\":[\"https:\\\/\\\/novexbanden.nl\\\/de\\\/winterreifen\\\/win-c\\\/\"]}]},{\"@type\":\"BreadcrumbList\",\"@id\":\"https:\\\/\\\/novexbanden.nl\\\/de\\\/winterreifen\\\/win-c\\\/#breadcrumb\",\"itemListElement\":[{\"@type\":\"ListItem\",\"position\":1,\"name\":\"Home\",\"item\":\"https:\\\/\\\/novexbanden.nl\\\/de\\\/\"},{\"@type\":\"ListItem\",\"position\":2,\"name\":\"Winterreifen\",\"item\":\"https:\\\/\\\/novexbanden.nl\\\/de\\\/winterreifen\\\/\"},{\"@type\":\"ListItem\",\"position\":3,\"name\":\"WIN C\"}]},{\"@type\":\"WebSite\",\"@id\":\"https:\\\/\\\/novexbanden.nl\\\/de\\\/#website\",\"url\":\"https:\\\/\\\/novexbanden.nl\\\/de\\\/\",\"name\":\"Novex banden\",\"description\":\"The best alternative\",\"potentialAction\":[{\"@type\":\"SearchAction\",\"target\":{\"@type\":\"EntryPoint\",\"urlTemplate\":\"https:\\\/\\\/novexbanden.nl\\\/de\\\/?s={search_term_string}\"},\"query-input\":{\"@type\":\"PropertyValueSpecification\",\"valueRequired\":true,\"valueName\":\"search_term_string\"}}],\"inLanguage\":\"de\"}]}<\/script>\n<!-- \/ Yoast SEO plugin. -->","yoast_head_json":{"title":"WIN C | Novex Reifen","description":"Der Novex WIN C ist ein Winterreifen f\u00fcr leichte Nutzfahrzeuge, mit hoher Tragf\u00e4higkeit und stabilen, sicheren Fahreigenschaften.","robots":{"index":"index","follow":"follow","max-snippet":"max-snippet:-1","max-image-preview":"max-image-preview:large","max-video-preview":"max-video-preview:-1"},"canonical":"https:\/\/novexbanden.nl\/de\/winterreifen\/win-c\/","og_locale":"de_DE","og_type":"article","og_title":"WIN C | Novex Reifen","og_description":"Der Novex WIN C ist ein Winterreifen f\u00fcr leichte Nutzfahrzeuge, mit hoher Tragf\u00e4higkeit und stabilen, sicheren Fahreigenschaften.","og_url":"https:\/\/novexbanden.nl\/de\/winterreifen\/win-c\/","og_site_name":"Novex banden","article_modified_time":"2025-09-11T06:30:44+00:00","twitter_card":"summary_large_image","twitter_misc":{"Gesch\u00e4tzte Lesezeit":"3\u00a0Minuten"},"schema":{"@context":"https:\/\/schema.org","@graph":[{"@type":"WebPage","@id":"https:\/\/novexbanden.nl\/de\/winterreifen\/win-c\/","url":"https:\/\/novexbanden.nl\/de\/winterreifen\/win-c\/","name":"WIN C | Novex Reifen","isPartOf":{"@id":"https:\/\/novexbanden.nl\/de\/#website"},"datePublished":"2025-08-06T11:41:50+00:00","dateModified":"2025-09-11T06:30:44+00:00","description":"Der Novex WIN C ist ein Winterreifen f\u00fcr leichte Nutzfahrzeuge, mit hoher Tragf\u00e4higkeit und stabilen, sicheren Fahreigenschaften.","breadcrumb":{"@id":"https:\/\/novexbanden.nl\/de\/winterreifen\/win-c\/#breadcrumb"},"inLanguage":"de","potentialAction":[{"@type":"ReadAction","target":["https:\/\/novexbanden.nl\/de\/winterreifen\/win-c\/"]}]},{"@type":"BreadcrumbList","@id":"https:\/\/novexbanden.nl\/de\/winterreifen\/win-c\/#breadcrumb","itemListElement":[{"@type":"ListItem","position":1,"name":"Home","item":"https:\/\/novexbanden.nl\/de\/"},{"@type":"ListItem","position":2,"name":"Winterreifen","item":"https:\/\/novexbanden.nl\/de\/winterreifen\/"},{"@type":"ListItem","position":3,"name":"WIN C"}]},{"@type":"WebSite","@id":"https:\/\/novexbanden.nl\/de\/#website","url":"https:\/\/novexbanden.nl\/de\/","name":"Novex banden","description":"The best alternative","potentialAction":[{"@type":"SearchAction","target":{"@type":"EntryPoint","urlTemplate":"https:\/\/novexbanden.nl\/de\/?s={search_term_string}"},"query-input":{"@type":"PropertyValueSpecification","valueRequired":true,"valueName":"search_term_string"}}],"inLanguage":"de"}]}},"_links":{"self":[{"href":"https:\/\/novexbanden.nl\/de\/wp-json\/wp\/v2\/pages\/27567421","targetHints":{"allow":["GET"]}}],"collection":[{"href":"https:\/\/novexbanden.nl\/de\/wp-json\/wp\/v2\/pages"}],"about":[{"href":"https:\/\/novexbanden.nl\/de\/wp-json\/wp\/v2\/types\/page"}],"author":[{"embeddable":true,"href":"https:\/\/novexbanden.nl\/de\/wp-json\/wp\/v2\/users\/1"}],"replies":[{"embeddable":true,"href":"https:\/\/novexbanden.nl\/de\/wp-json\/wp\/v2\/comments?post=27567421"}],"version-history":[{"count":6,"href":"https:\/\/novexbanden.nl\/de\/wp-json\/wp\/v2\/pages\/27567421\/revisions"}],"predecessor-version":[{"id":27568103,"href":"https:\/\/novexbanden.nl\/de\/wp-json\/wp\/v2\/pages\/27567421\/revisions\/27568103"}],"up":[{"embeddable":true,"href":"https:\/\/novexbanden.nl\/de\/wp-json\/wp\/v2\/pages\/27568328"}],"wp:attachment":[{"href":"https:\/\/novexbanden.nl\/de\/wp-json\/wp\/v2\/media?parent=27567421"}],"wp:term":[{"taxonomy":"dipi_cpt_category","embeddable":true,"href":"https:\/\/novexbanden.nl\/de\/wp-json\/wp\/v2\/dipi_cpt_category?post=27567421"}],"curies":[{"name":"wp","href":"https:\/\/api.w.org\/{rel}","templated":true}]}}