{"id":27567055,"date":"2025-08-06T12:46:29","date_gmt":"2025-08-06T12:46:29","guid":{"rendered":"https:\/\/novexbanden.nl\/contact\/"},"modified":"2026-01-29T07:52:57","modified_gmt":"2026-01-29T07:52:57","slug":"contacto","status":"publish","type":"page","link":"https:\/\/novexbanden.nl\/es\/contacto\/","title":{"rendered":"Contacto"},"content":{"rendered":"<p>[et_pb_section fb_built=\u00bb1&#8243; _builder_version=\u00bb4.27.4&#8243; _module_preset=\u00bbdefault\u00bb use_background_color_gradient=\u00bbon\u00bb background_color_gradient_direction=\u00bb45deg\u00bb background_color_gradient_stops=\u00bbrgba(255,255,255,0) 33%|rgba(0,0,0,0.3) 46%|rgba(0,0,0,0.5) 100%\u00bb background_color_gradient_overlays_image=\u00bbon\u00bb background_image=\u00bbhttps:\/\/novexbanden.nl\/wp-content\/uploads\/2025\/08\/bg-novex.jpg\u00bb background_position=\u00bbbottom_right\u00bb custom_padding=\u00bb5%||5%||true|false\u00bb border_width_bottom=\u00bb4px\u00bb border_color_bottom=\u00bb#ed4135&#8243; global_colors_info=\u00bb{}\u00bb][et_pb_row column_structure=\u00bb2_5,3_5&#8243; _builder_version=\u00bb4.27.4&#8243; _module_preset=\u00bbdefault\u00bb max_width=\u00bb1280px\u00bb global_colors_info=\u00bb{}\u00bb][et_pb_column type=\u00bb2_5&#8243; _builder_version=\u00bb4.27.4&#8243; _module_preset=\u00bbdefault\u00bb global_colors_info=\u00bb{}\u00bb][dipi_text_highlighter text_highlighter_text=\u00bbContacto\u00bb highlight_shape=\u00bbstrikethrough\u00bb text_direction=\u00bbinline\u00bb highlight_animation_delay=\u00bb300ms\u00bb highlight_animation_duration=\u00bb1000ms\u00bb reverse_animation=\u00bbon\u00bb stroke_color=\u00bb#ed4135&#8243; stroke_width=\u00bb140px\u00bb highlight_line_cap=\u00bbbutt\u00bb shape_v_offset=\u00bb-1px\u00bb shape_h_offset=\u00bb3px\u00bb highlighted_text_margin=\u00bb|0px|0px|0px|false|true\u00bb highlighted_text_padding=\u00bb2px|10px|8px|10px|false|false\u00bb _builder_version=\u00bb4.27.4&#8243; _module_preset=\u00bbdefault\u00bb all_text_font=\u00bbTitillium Web|700|||||||\u00bb all_text_text_align=\u00bbleft\u00bb all_text_text_color=\u00bb#FFFFFF\u00bb prefix_text_font_size=\u00bb80px\u00bb prefix_text_line_height=\u00bb1.5em\u00bb highlighted_text_font_size=\u00bb62px\u00bb highlighted_text_line_height=\u00bb1.1em\u00bb sufix_text_font_size=\u00bb100px\u00bb sufix_text_line_height=\u00bb1.1em\u00bb max_width=\u00bb100%\u00bb custom_margin=\u00bb||||false|false\u00bb custom_padding=\u00bb||||false|false\u00bb all_text_font_size_tablet=\u00bb\u00bb all_text_font_size_phone=\u00bb32px\u00bb all_text_font_size_last_edited=\u00bbon|phone\u00bb prefix_text_font_size_tablet=\u00bb80px\u00bb prefix_text_font_size_phone=\u00bb55px\u00bb prefix_text_font_size_last_edited=\u00bbon|phone\u00bb highlighted_text_font_size_tablet=\u00bb80px\u00bb highlighted_text_font_size_phone=\u00bb36px\u00bb highlighted_text_font_size_last_edited=\u00bbon|phone\u00bb locked=\u00bboff\u00bb global_colors_info=\u00bb{}\u00bb][\/dipi_text_highlighter][\/et_pb_column][et_pb_column type=\u00bb3_5&#8243; _builder_version=\u00bb4.27.4&#8243; _module_preset=\u00bbdefault\u00bb global_colors_info=\u00bb{}\u00bb][\/et_pb_column][\/et_pb_row][\/et_pb_section][et_pb_section fb_built=\u00bb1&#8243; _builder_version=\u00bb4.27.4&#8243; _module_preset=\u00bbdefault\u00bb background_color=\u00bb#f4f4f4&#8243; custom_padding=\u00bb6%||6%||true|false\u00bb global_colors_info=\u00bb{}\u00bb][et_pb_row column_structure=\u00bb2_3,1_3&#8243; _builder_version=\u00bb4.27.4&#8243; _module_preset=\u00bbdefault\u00bb width=\u00bb100%\u00bb width_tablet=\u00bb100%\u00bb width_phone=\u00bb80%\u00bb width_last_edited=\u00bbon|phone\u00bb global_colors_info=\u00bb{}\u00bb][et_pb_column type=\u00bb2_3&#8243; _builder_version=\u00bb4.27.4&#8243; _module_preset=\u00bbdefault\u00bb global_colors_info=\u00bb{}\u00bb][et_pb_text _builder_version=\u00bb4.27.4&#8243; _module_preset=\u00bbdefault\u00bb text_font=\u00bbTitillium Web||||||||\u00bb text_font_size=\u00bb20px\u00bb text_line_height=\u00bb30px\u00bb header_font=\u00bbTitillium Web|700|||||||\u00bb header_font_size=\u00bb32px\u00bb header_3_font=\u00bbTitillium Web|700|||||||\u00bb header_3_text_color=\u00bb#ed4135&#8243; header_3_font_size=\u00bb32px\u00bb header_3_font_size_tablet=\u00bb32px\u00bb header_3_font_size_phone=\u00bb26px\u00bb header_3_font_size_last_edited=\u00bbon|phone\u00bb global_colors_info=\u00bb{}\u00bb]<\/p>\n<h3>P\u00f3ngase en contacto con nosotros<\/h3>\n<p>\u00bfTienes dudas sobre nuestros productos, quieres darnos tu opini\u00f3n o necesitas asesoramiento personalizado? Completa el formulario y te contactaremos lo antes posible. Tambi\u00e9n puedes llamarnos o enviarnos un correo electr\u00f3nico.[\/et_pb_text][et_pb_contact_form use_spam_service=\u00bbon\u00bb recaptcha_list=\u00bbNovex|Novex-0&#8243; submit_button_text=\u00bbEnviar\u00bb _builder_version=\u00bb4.27.5&#8243; _module_preset=\u00bbdefault\u00bb _unique_id=\u00bb633bf416-f805-4874-8307-50b2e327b9a9&#8243; form_field_background_color=\u00bb#FFFFFF\u00bb form_field_custom_margin=\u00bb||20px||false|false\u00bb form_field_custom_padding=\u00bb||||true|false\u00bb title_font=\u00bb|700|||||||\u00bb title_font_size=\u00bb30px\u00bb form_field_font_size=\u00bb16px\u00bb custom_button=\u00bbon\u00bb button_text_color=\u00bb#FFFFFF\u00bb button_bg_color=\u00bb#ed4135&#8243; button_border_width=\u00bb0px\u00bb button_border_radius=\u00bb4px\u00bb button_font=\u00bbUbuntu||||||||\u00bb button_use_icon=\u00bboff\u00bb button_custom_padding=\u00bb10px||10px||true|false\u00bb border_width_all=\u00bb1px\u00bb border_color_all=\u00bb#cccccc\u00bb global_colors_info=\u00bb{}\u00bb button_bg_color__hover_enabled=\u00bbon|desktop\u00bb button_bg_color__hover=\u00bb#ce2d2d\u00bb button_bg_enable_color__hover=\u00bbon\u00bb custom_message=\u00bbHet contactformulier op Novexbanden is ingevuld. Graag contact opnemen.||et_pb_line_break_holder||||et_pb_line_break_holder||%%naam%%||et_pb_line_break_holder||%%email%%||et_pb_line_break_holder||%%telefoon%%||et_pb_line_break_holder||%%onderwerp%%||et_pb_line_break_holder||%%bericht%%\u00bb][et_pb_contact_field field_id=\u00bbnaam\u00bb field_title=\u00bbNombre\u00bb fullwidth_field=\u00bbon\u00bb _builder_version=\u00bb4.27.4&#8243; global_colors_info=\u00bb{}\u00bb button_text_size__hover_enabled=\u00bboff\u00bb button_one_text_size__hover_enabled=\u00bboff\u00bb button_two_text_size__hover_enabled=\u00bboff\u00bb button_text_color__hover_enabled=\u00bboff\u00bb button_one_text_color__hover_enabled=\u00bboff\u00bb button_two_text_color__hover_enabled=\u00bboff\u00bb button_border_width__hover_enabled=\u00bboff\u00bb button_one_border_width__hover_enabled=\u00bboff\u00bb button_two_border_width__hover_enabled=\u00bboff\u00bb button_border_color__hover_enabled=\u00bboff\u00bb button_one_border_color__hover_enabled=\u00bboff\u00bb button_two_border_color__hover_enabled=\u00bboff\u00bb button_border_radius__hover_enabled=\u00bboff\u00bb button_one_border_radius__hover_enabled=\u00bboff\u00bb button_two_border_radius__hover_enabled=\u00bboff\u00bb button_letter_spacing__hover_enabled=\u00bboff\u00bb button_one_letter_spacing__hover_enabled=\u00bboff\u00bb button_two_letter_spacing__hover_enabled=\u00bboff\u00bb button_bg_color__hover_enabled=\u00bboff\u00bb button_one_bg_color__hover_enabled=\u00bboff\u00bb button_two_bg_color__hover_enabled=\u00bboff\u00bb][\/et_pb_contact_field][et_pb_contact_field field_id=\u00bbemail\u00bb field_title=\u00bbEmail\u00bb field_type=\u00bbemail\u00bb fullwidth_field=\u00bbon\u00bb _builder_version=\u00bb4.27.4&#8243; global_colors_info=\u00bb{}\u00bb button_text_size__hover_enabled=\u00bboff\u00bb button_one_text_size__hover_enabled=\u00bboff\u00bb button_two_text_size__hover_enabled=\u00bboff\u00bb button_text_color__hover_enabled=\u00bboff\u00bb button_one_text_color__hover_enabled=\u00bboff\u00bb button_two_text_color__hover_enabled=\u00bboff\u00bb button_border_width__hover_enabled=\u00bboff\u00bb button_one_border_width__hover_enabled=\u00bboff\u00bb button_two_border_width__hover_enabled=\u00bboff\u00bb button_border_color__hover_enabled=\u00bboff\u00bb button_one_border_color__hover_enabled=\u00bboff\u00bb button_two_border_color__hover_enabled=\u00bboff\u00bb button_border_radius__hover_enabled=\u00bboff\u00bb button_one_border_radius__hover_enabled=\u00bboff\u00bb button_two_border_radius__hover_enabled=\u00bboff\u00bb button_letter_spacing__hover_enabled=\u00bboff\u00bb button_one_letter_spacing__hover_enabled=\u00bboff\u00bb button_two_letter_spacing__hover_enabled=\u00bboff\u00bb button_bg_color__hover_enabled=\u00bboff\u00bb button_one_bg_color__hover_enabled=\u00bboff\u00bb button_two_bg_color__hover_enabled=\u00bboff\u00bb][\/et_pb_contact_field][et_pb_contact_field field_id=\u00bbtelefoon\u00bb field_title=\u00bbTel\u00e9fono\u00bb fullwidth_field=\u00bbon\u00bb _builder_version=\u00bb4.27.4&#8243; global_colors_info=\u00bb{}\u00bb button_text_size__hover_enabled=\u00bboff\u00bb button_one_text_size__hover_enabled=\u00bboff\u00bb button_two_text_size__hover_enabled=\u00bboff\u00bb button_text_color__hover_enabled=\u00bboff\u00bb button_one_text_color__hover_enabled=\u00bboff\u00bb button_two_text_color__hover_enabled=\u00bboff\u00bb button_border_width__hover_enabled=\u00bboff\u00bb button_one_border_width__hover_enabled=\u00bboff\u00bb button_two_border_width__hover_enabled=\u00bboff\u00bb button_border_color__hover_enabled=\u00bboff\u00bb button_one_border_color__hover_enabled=\u00bboff\u00bb button_two_border_color__hover_enabled=\u00bboff\u00bb button_border_radius__hover_enabled=\u00bboff\u00bb button_one_border_radius__hover_enabled=\u00bboff\u00bb button_two_border_radius__hover_enabled=\u00bboff\u00bb button_letter_spacing__hover_enabled=\u00bboff\u00bb button_one_letter_spacing__hover_enabled=\u00bboff\u00bb button_two_letter_spacing__hover_enabled=\u00bboff\u00bb button_bg_color__hover_enabled=\u00bboff\u00bb button_one_bg_color__hover_enabled=\u00bboff\u00bb button_two_bg_color__hover_enabled=\u00bboff\u00bb][\/et_pb_contact_field][et_pb_contact_field field_id=\u00bbonderwerp\u00bb field_title=\u00bbAsunto\u00bb fullwidth_field=\u00bbon\u00bb _builder_version=\u00bb4.27.4&#8243; global_colors_info=\u00bb{}\u00bb button_text_size__hover_enabled=\u00bboff\u00bb button_one_text_size__hover_enabled=\u00bboff\u00bb button_two_text_size__hover_enabled=\u00bboff\u00bb button_text_color__hover_enabled=\u00bboff\u00bb button_one_text_color__hover_enabled=\u00bboff\u00bb button_two_text_color__hover_enabled=\u00bboff\u00bb button_border_width__hover_enabled=\u00bboff\u00bb button_one_border_width__hover_enabled=\u00bboff\u00bb button_two_border_width__hover_enabled=\u00bboff\u00bb button_border_color__hover_enabled=\u00bboff\u00bb button_one_border_color__hover_enabled=\u00bboff\u00bb button_two_border_color__hover_enabled=\u00bboff\u00bb button_border_radius__hover_enabled=\u00bboff\u00bb button_one_border_radius__hover_enabled=\u00bboff\u00bb button_two_border_radius__hover_enabled=\u00bboff\u00bb button_letter_spacing__hover_enabled=\u00bboff\u00bb button_one_letter_spacing__hover_enabled=\u00bboff\u00bb button_two_letter_spacing__hover_enabled=\u00bboff\u00bb button_bg_color__hover_enabled=\u00bboff\u00bb button_one_bg_color__hover_enabled=\u00bboff\u00bb button_two_bg_color__hover_enabled=\u00bboff\u00bb][\/et_pb_contact_field][et_pb_contact_field field_id=\u00bbbericht\u00bb field_title=\u00bbMensaje\u00bb field_type=\u00bbtext\u00bb fullwidth_field=\u00bbon\u00bb _builder_version=\u00bb4.27.5&#8243; hover_enabled=\u00bb0&#8243; global_colors_info=\u00bb{}\u00bb button_text_size__hover_enabled=\u00bboff\u00bb button_one_text_size__hover_enabled=\u00bboff\u00bb button_two_text_size__hover_enabled=\u00bboff\u00bb button_text_color__hover_enabled=\u00bboff\u00bb button_one_text_color__hover_enabled=\u00bboff\u00bb button_two_text_color__hover_enabled=\u00bboff\u00bb button_border_width__hover_enabled=\u00bboff\u00bb button_one_border_width__hover_enabled=\u00bboff\u00bb button_two_border_width__hover_enabled=\u00bboff\u00bb button_border_color__hover_enabled=\u00bboff\u00bb button_one_border_color__hover_enabled=\u00bboff\u00bb button_two_border_color__hover_enabled=\u00bboff\u00bb button_border_radius__hover_enabled=\u00bboff\u00bb button_one_border_radius__hover_enabled=\u00bboff\u00bb button_two_border_radius__hover_enabled=\u00bboff\u00bb button_letter_spacing__hover_enabled=\u00bboff\u00bb button_one_letter_spacing__hover_enabled=\u00bboff\u00bb button_two_letter_spacing__hover_enabled=\u00bboff\u00bb button_bg_color__hover_enabled=\u00bboff\u00bb button_one_bg_color__hover_enabled=\u00bboff\u00bb button_two_bg_color__hover_enabled=\u00bboff\u00bb sticky_enabled=\u00bb0&#8243;][\/et_pb_contact_field][\/et_pb_contact_form][\/et_pb_column][et_pb_column type=\u00bb1_3&#8243; _builder_version=\u00bb4.27.4&#8243; _module_preset=\u00bbdefault\u00bb use_background_color_gradient=\u00bbon\u00bb background_color_gradient_direction=\u00bb104deg\u00bb background_color_gradient_stops=\u00bb#ffffff 56%|#f4f4f4 56%\u00bb custom_padding=\u00bb2%|2%|3%|2%|false|true\u00bb custom_padding_tablet=\u00bb2%|2%|3%|2%|false|true\u00bb custom_padding_phone=\u00bb10%|2%|10%|2%|true|true\u00bb custom_padding_last_edited=\u00bbon|phone\u00bb border_radii=\u00bbon|2px|2px|2px|2px\u00bb border_width_all=\u00bb8px\u00bb border_color_all=\u00bb#FFFFFF\u00bb global_colors_info=\u00bb{}\u00bb][et_pb_text _builder_version=\u00bb4.27.4&#8243; _module_preset=\u00bbdefault\u00bb text_font=\u00bbTitillium Web|600|||||||\u00bb text_text_color=\u00bb#000000&#8243; text_font_size=\u00bb22px\u00bb text_line_height=\u00bb30px\u00bb header_font=\u00bbTitillium Web|700|||||||\u00bb header_3_font=\u00bbTitillium Web|700|||||||\u00bb header_3_font_size=\u00bb24px\u00bb custom_margin=\u00bb||0px||false|false\u00bb header_3_font_size_tablet=\u00bb26px\u00bb header_3_font_size_phone=\u00bb24px\u00bb header_3_font_size_last_edited=\u00bbon|phone\u00bb custom_css_free_form=\u00bbselector {||float:left !important;||margin-right:20px !important;||}\u00bb global_colors_info=\u00bb{}\u00bb]<\/p>\n<h3>Especialista en Novex<\/h3>\n<p>[\/et_pb_text][et_pb_divider color=\u00bb#ed4135&#8243; divider_weight=\u00bb3px\u00bb _builder_version=\u00bb4.27.4&#8243; _module_preset=\u00bbdefault\u00bb width=\u00bb20%\u00bb custom_margin=\u00bb||0px||false|false\u00bb custom_css_free_form=\u00bbselector {||clear:both !important;||}\u00bb global_colors_info=\u00bb{}\u00bb][\/et_pb_divider][et_pb_text _builder_version=\u00bb4.27.4&#8243; _module_preset=\u00bbdefault\u00bb text_font=\u00bbTitillium Web||||||||\u00bb text_font_size=\u00bb20px\u00bb text_line_height=\u00bb30px\u00bb custom_padding=\u00bb||||false|false\u00bb global_colors_info=\u00bb{}\u00bb]Nuestro especialista est\u00e1 listo para ayudarte. Cont\u00e1ctanos sin compromiso.[\/et_pb_text][et_pb_image src=\u00bbhttps:\/\/novexbanden.nl\/wp-content\/uploads\/2025\/08\/jan-ijzer.png\u00bb alt=\u00bbNovex specialist Jan IJzer\u00bb title_text=\u00bbNovex specialist Jan IJzer\u00bb _builder_version=\u00bb4.27.4&#8243; _module_preset=\u00bbdefault\u00bb positioning=\u00bbrelative\u00bb position_origin_a=\u00bbbottom_right\u00bb width=\u00bb86%\u00bb module_alignment=\u00bbcenter\u00bb custom_padding=\u00bb0%||0%||false|false\u00bb global_colors_info=\u00bb{}\u00bb][\/et_pb_image][et_pb_button button_url=\u00bbtel:+31181331444&#8243; button_text=\u00bbContacto telef\u00f3nico\u00bb button_alignment=\u00bbcenter\u00bb _builder_version=\u00bb4.27.4&#8243; _module_preset=\u00bbdefault\u00bb custom_button=\u00bbon\u00bb button_text_size=\u00bb20px\u00bb button_text_color=\u00bb#FFFFFF\u00bb button_bg_color=\u00bb#ed4135&#8243; button_border_width=\u00bb0px\u00bb button_border_radius=\u00bb4px\u00bb button_font=\u00bbTitillium Web|700|||||||\u00bb button_use_icon=\u00bboff\u00bb custom_padding=\u00bb8px||8px||true|false\u00bb hover_enabled=\u00bb1&#8243; custom_css_main_element=\u00bbwidth: 100%;\u00bb global_colors_info=\u00bb{}\u00bb button_bg_color__hover_enabled=\u00bbon|hover\u00bb button_bg_color__hover=\u00bb#ce2d2d\u00bb button_bg_enable_color__hover=\u00bbon\u00bb][\/et_pb_button][et_pb_button button_url=\u00bbmailto:sales@vandenban.nl\u00bb button_text=\u00bbContacto por e-mail\u00bb button_alignment=\u00bbcenter\u00bb _builder_version=\u00bb4.27.4&#8243; _module_preset=\u00bbdefault\u00bb custom_button=\u00bbon\u00bb button_text_size=\u00bb20px\u00bb button_text_color=\u00bb#FFFFFF\u00bb button_bg_color=\u00bb#000000&#8243; button_border_width=\u00bb0px\u00bb button_border_radius=\u00bb4px\u00bb button_font=\u00bbTitillium Web|700|||||||\u00bb button_use_icon=\u00bboff\u00bb custom_padding=\u00bb8px||8px||true|false\u00bb custom_css_main_element=\u00bbwidth: 100%;\u00bb global_colors_info=\u00bb{}\u00bb button_bg_color__hover_enabled=\u00bbon|desktop\u00bb button_bg_color__hover=\u00bb#383838&#8243; button_bg_enable_color__hover=\u00bbon\u00bb][\/et_pb_button][\/et_pb_column][\/et_pb_row][\/et_pb_section]<\/p>\n","protected":false},"excerpt":{"rendered":"<p><div class=\"et_pb_module dipi_text_highlighter dipi_text_highlighter_0\">\n\t\t\t\t\n\t\t\t\t\n\t\t\t\t\n\t\t\t\t\n\t\t\t\t\n\t\t\t\t\n\t\t\t\t<div class=\"et_pb_module_inner\">\n\t\t\t\t\t<h2 class=\"dipi-highlight-text-wrapper\" data-config=\"{&quot;animation_start&quot;:&quot;in_a_viewport&quot;,&quot;animation_start_viewport&quot;:&quot;75%&quot;,&quot;animation_delay&quot;:&quot;300ms&quot;,&quot;animation_duration&quot;:&quot;1000ms&quot;,&quot;delay_after_animation&quot;:&quot;3000ms&quot;,&quot;repeat_mode&quot;:&quot;infinite&quot;,&quot;count_mode&quot;:&quot;everytime_in_viewport&quot;,&quot;animation_repeat_counts&quot;:&quot;3&quot;,&quot;reverse_animation&quot;:&quot;on&quot;,&quot;id&quot;:&quot;dipi_text_highlighter_0_wrapper&quot;}\">\n\t\t\t\t\t<span class=\"dipi-text-highlight-wrapper {&quot;animation_start&quot;:&quot;in_a_viewport&quot;,&quot;animation_start_viewport&quot;:&quot;75%&quot;,&quot;animation_delay&quot;:&quot;300ms&quot;,&quot;animation_duration&quot;:&quot;1000ms&quot;,&quot;delay_after_animation&quot;:&quot;3000ms&quot;,&quot;repeat_mode&quot;:&quot;infinite&quot;,&quot;count_mode&quot;:&quot;everytime_in_viewport&quot;,&quot;animation_repeat_counts&quot;:&quot;3&quot;,&quot;reverse_animation&quot;:&quot;on&quot;,&quot;id&quot;:&quot;dipi_text_highlighter_0_wrapper&quot;}\"><span class=\"dipi-text-highlight-text dipi-text-highlight-text\">Contacto<\/span><span class=\"dipi-text-highlight-svg\"><svg xmlns=\"http:\/\/www.w3.org\/2000\/svg\" viewBox=\"0 0 500 150\" preserveAspectRatio=\"none\"><path d=\"M3,75h493.5\"><\/path><\/svg><\/span><\/span>\n\t\t\t<\/h2>\n\t\t\t\t<\/div>\n\t\t\t<\/div>P\u00f3ngase en contacto con nosotros \u00bfTienes dudas sobre nuestros productos, quieres darnos tu opini\u00f3n o necesitas [&hellip;]<\/p>\n","protected":false},"author":1,"featured_media":0,"parent":0,"menu_order":0,"comment_status":"closed","ping_status":"closed","template":"","meta":{"_et_pb_use_builder":"on","_et_pb_old_content":"","_et_gb_content_width":"","footnotes":""},"dipi_cpt_category":[],"class_list":["post-27567055","page","type-page","status-publish","hentry"],"yoast_head":"<!-- This site is optimized with the Yoast SEO plugin v27.4 - https:\/\/yoast.com\/product\/yoast-seo-wordpress\/ -->\n<title>Contacto | Neum\u00e1ticos Novex<\/title>\n<meta name=\"description\" content=\"\u00bfDesea saber m\u00e1s sobre la marca Novex y su amplia gama de neum\u00e1ticos? Entonces cont\u00e1ctenos f\u00e1cilmente a trav\u00e9s del formulario.\" \/>\n<meta name=\"robots\" content=\"index, follow, max-snippet:-1, max-image-preview:large, max-video-preview:-1\" \/>\n<link rel=\"canonical\" href=\"https:\/\/novexbanden.nl\/es\/contacto\/\" \/>\n<meta property=\"og:locale\" content=\"es_ES\" \/>\n<meta property=\"og:type\" content=\"article\" \/>\n<meta property=\"og:title\" content=\"Contacto | Neum\u00e1ticos Novex\" \/>\n<meta property=\"og:description\" content=\"\u00bfDesea saber m\u00e1s sobre la marca Novex y su amplia gama de neum\u00e1ticos? Entonces cont\u00e1ctenos f\u00e1cilmente a trav\u00e9s del formulario.\" \/>\n<meta property=\"og:url\" content=\"https:\/\/novexbanden.nl\/es\/contacto\/\" \/>\n<meta property=\"og:site_name\" content=\"Novex banden\" \/>\n<meta property=\"article:modified_time\" content=\"2026-01-29T07:52:57+00:00\" \/>\n<meta name=\"twitter:card\" content=\"summary_large_image\" \/>\n<meta name=\"twitter:label1\" content=\"Tiempo de lectura\" \/>\n\t<meta name=\"twitter:data1\" content=\"1 minuto\" \/>\n<script type=\"application\/ld+json\" class=\"yoast-schema-graph\">{\"@context\":\"https:\\\/\\\/schema.org\",\"@graph\":[{\"@type\":\"WebPage\",\"@id\":\"https:\\\/\\\/novexbanden.nl\\\/es\\\/contacto\\\/\",\"url\":\"https:\\\/\\\/novexbanden.nl\\\/es\\\/contacto\\\/\",\"name\":\"Contacto | Neum\u00e1ticos Novex\",\"isPartOf\":{\"@id\":\"https:\\\/\\\/novexbanden.nl\\\/es\\\/#website\"},\"datePublished\":\"2025-08-06T12:46:29+00:00\",\"dateModified\":\"2026-01-29T07:52:57+00:00\",\"description\":\"\u00bfDesea saber m\u00e1s sobre la marca Novex y su amplia gama de neum\u00e1ticos? Entonces cont\u00e1ctenos f\u00e1cilmente a trav\u00e9s del formulario.\",\"breadcrumb\":{\"@id\":\"https:\\\/\\\/novexbanden.nl\\\/es\\\/contacto\\\/#breadcrumb\"},\"inLanguage\":\"es\",\"potentialAction\":[{\"@type\":\"ReadAction\",\"target\":[\"https:\\\/\\\/novexbanden.nl\\\/es\\\/contacto\\\/\"]}]},{\"@type\":\"BreadcrumbList\",\"@id\":\"https:\\\/\\\/novexbanden.nl\\\/es\\\/contacto\\\/#breadcrumb\",\"itemListElement\":[{\"@type\":\"ListItem\",\"position\":1,\"name\":\"Home\",\"item\":\"https:\\\/\\\/novexbanden.nl\\\/es\\\/\"},{\"@type\":\"ListItem\",\"position\":2,\"name\":\"Contacto\"}]},{\"@type\":\"WebSite\",\"@id\":\"https:\\\/\\\/novexbanden.nl\\\/es\\\/#website\",\"url\":\"https:\\\/\\\/novexbanden.nl\\\/es\\\/\",\"name\":\"Novex banden\",\"description\":\"The best alternative\",\"potentialAction\":[{\"@type\":\"SearchAction\",\"target\":{\"@type\":\"EntryPoint\",\"urlTemplate\":\"https:\\\/\\\/novexbanden.nl\\\/es\\\/?s={search_term_string}\"},\"query-input\":{\"@type\":\"PropertyValueSpecification\",\"valueRequired\":true,\"valueName\":\"search_term_string\"}}],\"inLanguage\":\"es\"}]}<\/script>\n<!-- \/ Yoast SEO plugin. -->","yoast_head_json":{"title":"Contacto | Neum\u00e1ticos Novex","description":"\u00bfDesea saber m\u00e1s sobre la marca Novex y su amplia gama de neum\u00e1ticos? Entonces cont\u00e1ctenos f\u00e1cilmente a trav\u00e9s del formulario.","robots":{"index":"index","follow":"follow","max-snippet":"max-snippet:-1","max-image-preview":"max-image-preview:large","max-video-preview":"max-video-preview:-1"},"canonical":"https:\/\/novexbanden.nl\/es\/contacto\/","og_locale":"es_ES","og_type":"article","og_title":"Contacto | Neum\u00e1ticos Novex","og_description":"\u00bfDesea saber m\u00e1s sobre la marca Novex y su amplia gama de neum\u00e1ticos? Entonces cont\u00e1ctenos f\u00e1cilmente a trav\u00e9s del formulario.","og_url":"https:\/\/novexbanden.nl\/es\/contacto\/","og_site_name":"Novex banden","article_modified_time":"2026-01-29T07:52:57+00:00","twitter_card":"summary_large_image","twitter_misc":{"Tiempo de lectura":"1 minuto"},"schema":{"@context":"https:\/\/schema.org","@graph":[{"@type":"WebPage","@id":"https:\/\/novexbanden.nl\/es\/contacto\/","url":"https:\/\/novexbanden.nl\/es\/contacto\/","name":"Contacto | Neum\u00e1ticos Novex","isPartOf":{"@id":"https:\/\/novexbanden.nl\/es\/#website"},"datePublished":"2025-08-06T12:46:29+00:00","dateModified":"2026-01-29T07:52:57+00:00","description":"\u00bfDesea saber m\u00e1s sobre la marca Novex y su amplia gama de neum\u00e1ticos? Entonces cont\u00e1ctenos f\u00e1cilmente a trav\u00e9s del formulario.","breadcrumb":{"@id":"https:\/\/novexbanden.nl\/es\/contacto\/#breadcrumb"},"inLanguage":"es","potentialAction":[{"@type":"ReadAction","target":["https:\/\/novexbanden.nl\/es\/contacto\/"]}]},{"@type":"BreadcrumbList","@id":"https:\/\/novexbanden.nl\/es\/contacto\/#breadcrumb","itemListElement":[{"@type":"ListItem","position":1,"name":"Home","item":"https:\/\/novexbanden.nl\/es\/"},{"@type":"ListItem","position":2,"name":"Contacto"}]},{"@type":"WebSite","@id":"https:\/\/novexbanden.nl\/es\/#website","url":"https:\/\/novexbanden.nl\/es\/","name":"Novex banden","description":"The best alternative","potentialAction":[{"@type":"SearchAction","target":{"@type":"EntryPoint","urlTemplate":"https:\/\/novexbanden.nl\/es\/?s={search_term_string}"},"query-input":{"@type":"PropertyValueSpecification","valueRequired":true,"valueName":"search_term_string"}}],"inLanguage":"es"}]}},"_links":{"self":[{"href":"https:\/\/novexbanden.nl\/es\/wp-json\/wp\/v2\/pages\/27567055","targetHints":{"allow":["GET"]}}],"collection":[{"href":"https:\/\/novexbanden.nl\/es\/wp-json\/wp\/v2\/pages"}],"about":[{"href":"https:\/\/novexbanden.nl\/es\/wp-json\/wp\/v2\/types\/page"}],"author":[{"embeddable":true,"href":"https:\/\/novexbanden.nl\/es\/wp-json\/wp\/v2\/users\/1"}],"replies":[{"embeddable":true,"href":"https:\/\/novexbanden.nl\/es\/wp-json\/wp\/v2\/comments?post=27567055"}],"version-history":[{"count":13,"href":"https:\/\/novexbanden.nl\/es\/wp-json\/wp\/v2\/pages\/27567055\/revisions"}],"predecessor-version":[{"id":27568417,"href":"https:\/\/novexbanden.nl\/es\/wp-json\/wp\/v2\/pages\/27567055\/revisions\/27568417"}],"wp:attachment":[{"href":"https:\/\/novexbanden.nl\/es\/wp-json\/wp\/v2\/media?parent=27567055"}],"wp:term":[{"taxonomy":"dipi_cpt_category","embeddable":true,"href":"https:\/\/novexbanden.nl\/es\/wp-json\/wp\/v2\/dipi_cpt_category?post=27567055"}],"curies":[{"name":"wp","href":"https:\/\/api.w.org\/{rel}","templated":true}]}}