{"id":27567425,"date":"2025-08-06T11:41:50","date_gmt":"2025-08-06T11:41:50","guid":{"rendered":"https:\/\/novexbanden.nl\/win-c\/"},"modified":"2025-09-09T08:40:38","modified_gmt":"2025-09-09T08:40:38","slug":"win-c","status":"publish","type":"page","link":"https:\/\/novexbanden.nl\/es\/neumaticos-invierno\/win-c\/","title":{"rendered":"WIN C"},"content":{"rendered":"<p>[et_pb_section fb_built=\u00bb1&#8243; custom_padding_last_edited=\u00bbon|phone\u00bb _builder_version=\u00bb4.27.4&#8243; _module_preset=\u00bbdefault\u00bb use_background_color_gradient=\u00bbon\u00bb background_color_gradient_direction=\u00bb104deg\u00bb background_color_gradient_stops=\u00bbrgba(255,255,255,0) 44%|#000000 44%|#000000 90%|#ed4135 90%\u00bb background_color_gradient_overlays_image=\u00bbon\u00bb background_image=\u00bbhttps:\/\/novexbanden.nl\/wp-content\/uploads\/2025\/08\/novex-winterbanden.jpg\u00bb background_size=\u00bbcontain\u00bb background_position=\u00bbtop_left\u00bb custom_padding=\u00bb5%||5%||true|false\u00bb custom_padding_tablet=\u00bb4%||4%||true|false\u00bb custom_padding_phone=\u00bb6%||6%||true|false\u00bb background_last_edited=\u00bbon|phone\u00bb use_background_color_gradient_phone=\u00bbon\u00bb background_color_gradient_stops_phone=\u00bbrgba(255,255,255,0) 0%|#000000 0%|#000000 90%|#ed4135 90%\u00bb global_colors_info=\u00bb{}\u00bb][et_pb_row column_structure=\u00bb1_2,1_2&#8243; _builder_version=\u00bb4.27.4&#8243; _module_preset=\u00bbdefault\u00bb width=\u00bb100%\u00bb width_tablet=\u00bb100%\u00bb width_phone=\u00bb86%\u00bb width_last_edited=\u00bbon|phone\u00bb max_width=\u00bb1280px\u00bb global_colors_info=\u00bb{}\u00bb][et_pb_column type=\u00bb1_2&#8243; _builder_version=\u00bb4.27.4&#8243; _module_preset=\u00bbdefault\u00bb global_colors_info=\u00bb{}\u00bb][\/et_pb_column][et_pb_column type=\u00bb1_2&#8243; _builder_version=\u00bb4.27.4&#8243; _module_preset=\u00bbdefault\u00bb global_colors_info=\u00bb{}\u00bb][et_pb_text _builder_version=\u00bb4.27.4&#8243; _module_preset=\u00bbdefault\u00bb header_font=\u00bbTitillium Web|700|||||||\u00bb header_text_color=\u00bb#FFFFFF\u00bb header_font_size=\u00bb38px\u00bb custom_margin=\u00bb||0px||false|false\u00bb header_font_size_tablet=\u00bb38px\u00bb header_font_size_phone=\u00bb26px\u00bb header_font_size_last_edited=\u00bbon|phone\u00bb custom_css_free_form=\u00bbselector {||float:left !important;||margin-right:20px !important;||}\u00bb border_color_bottom=\u00bb#E02B20&#8243; global_colors_info=\u00bb{}\u00bb]<\/p>\n<h1>Novex WIN C<\/h1>\n<p>[\/et_pb_text][et_pb_image src=\u00bbhttps:\/\/novexbanden.nl\/wp-content\/uploads\/2025\/08\/ico-winter-wh.png\u00bb alt=\u00bbWinter\u00bb title_text=\u00bbWinter\u00bb _builder_version=\u00bb4.27.4&#8243; _module_preset=\u00bbdefault\u00bb width=\u00bb7%\u00bb width_tablet=\u00bb8%\u00bb width_phone=\u00bb8%\u00bb width_last_edited=\u00bbon|phone\u00bb custom_margin=\u00bb||0px||false|false\u00bb custom_padding=\u00bb||||false|false\u00bb custom_css_free_form=\u00bbselector {||float:left !important;||margin-right:20px !important;||}||||selector {||@media only screen and (max-width: 767px) {||float:left !important;||margin-right:12px !important;||  }||}\u00bb global_colors_info=\u00bb{}\u00bb width__hover_enabled=\u00bboff|desktop\u00bb][\/et_pb_image][et_pb_image src=\u00bbhttps:\/\/novexbanden.nl\/wp-content\/uploads\/2025\/08\/ico-3pmsf-wh.png\u00bb alt=\u00bb3PMSF\u00bb title_text=\u00bb3PMSF\u00bb _builder_version=\u00bb4.27.4&#8243; _module_preset=\u00bbdefault\u00bb width=\u00bb7%\u00bb width_tablet=\u00bb8%\u00bb width_phone=\u00bb8%\u00bb width_last_edited=\u00bbon|phone\u00bb custom_margin=\u00bb||0px||false|false\u00bb custom_padding=\u00bb||||false|false\u00bb custom_css_free_form=\u00bbselector {||float:left !important;||margin-right:20px !important;||}||||selector {||@media only screen and (max-width: 767px) {||float:left !important;||margin-right:12px !important;||  }||}\u00bb global_colors_info=\u00bb{}\u00bb width__hover_enabled=\u00bboff|desktop\u00bb][\/et_pb_image][et_pb_image src=\u00bbhttps:\/\/novexbanden.nl\/wp-content\/uploads\/2025\/08\/ico-van.png\u00bb alt=\u00bbVAN\u00bb title_text=\u00bbVAN\u00bb _builder_version=\u00bb4.27.4&#8243; _module_preset=\u00bbdefault\u00bb width=\u00bb7%\u00bb width_tablet=\u00bb8%\u00bb width_phone=\u00bb8%\u00bb width_last_edited=\u00bbon|phone\u00bb custom_margin=\u00bb||0px||false|false\u00bb custom_css_free_form=\u00bbselector {||float:left !important;||margin-right:20px !important;||}||||selector {||@media only screen and (max-width: 767px) {||float:left !important;||margin-right:12px !important;||  }||}\u00bb global_colors_info=\u00bb{}\u00bb][\/et_pb_image][et_pb_divider color=\u00bb#ed4135&#8243; divider_weight=\u00bb3px\u00bb _builder_version=\u00bb4.27.4&#8243; _module_preset=\u00bbdefault\u00bb width=\u00bb60px\u00bb custom_margin=\u00bb||0px||false|false\u00bb custom_margin_tablet=\u00bb\u00bb custom_margin_phone=\u00bb||0px||false|false\u00bb custom_margin_last_edited=\u00bbon|phone\u00bb custom_css_free_form=\u00bbselector {||clear:both !important;||}\u00bb global_colors_info=\u00bb{}\u00bb][\/et_pb_divider][et_pb_text _builder_version=\u00bb4.27.4&#8243; _module_preset=\u00bbdefault\u00bb text_font=\u00bbTitillium Web|600|||||||\u00bb text_text_color=\u00bb#FFFFFF\u00bb text_font_size=\u00bb20px\u00bb text_line_height=\u00bb30px\u00bb text_font_size_tablet=\u00bb22px\u00bb text_font_size_phone=\u00bb20px\u00bb text_font_size_last_edited=\u00bbon|phone\u00bb global_colors_info=\u00bb{}\u00bb]El Novex WIN C es un neum\u00e1tico de invierno para veh\u00edculos comerciales ligeros. Este neum\u00e1tico combina una capacidad de carga extra con unas caracter\u00edsticas de conducci\u00f3n seguras y estables en condiciones invernales.[\/et_pb_text][\/et_pb_column][\/et_pb_row][\/et_pb_section][et_pb_section fb_built=\u00bb1&#8243; _builder_version=\u00bb4.27.4&#8243; _module_preset=\u00bbdefault\u00bb custom_padding=\u00bb||||true|false\u00bb global_colors_info=\u00bb{}\u00bb][et_pb_row column_structure=\u00bb1_2,1_2&#8243; make_equal=\u00bbon\u00bb _builder_version=\u00bb4.27.4&#8243; _module_preset=\u00bbdefault\u00bb global_colors_info=\u00bb{}\u00bb][et_pb_column type=\u00bb1_2&#8243; _builder_version=\u00bb4.27.4&#8243; _module_preset=\u00bbdefault\u00bb custom_css_main_element=\u00bbmargin: auto;\u00bb global_colors_info=\u00bb{}\u00bb][et_pb_text _builder_version=\u00bb4.27.4&#8243; _module_preset=\u00bbdefault\u00bb text_font=\u00bbTitillium Web||||||||\u00bb text_font_size=\u00bb20px\u00bb text_line_height=\u00bb1.8em\u00bb ul_font_size=\u00bb20px\u00bb ul_line_height=\u00bb1.8em\u00bb header_4_font=\u00bbTitillium Web|700|||||||\u00bb header_4_font_size=\u00bb28px\u00bb text_font_size_tablet=\u00bb20px\u00bb text_font_size_phone=\u00bb\u00bb text_font_size_last_edited=\u00bbon|desktop\u00bb text_line_height_tablet=\u00bb1.8em\u00bb text_line_height_phone=\u00bb1.6em\u00bb text_line_height_last_edited=\u00bbon|phone\u00bb ul_font_size_tablet=\u00bb20px\u00bb ul_font_size_phone=\u00bb20px\u00bb ul_font_size_last_edited=\u00bbon|phone\u00bb ul_line_height_tablet=\u00bb1.8em\u00bb ul_line_height_phone=\u00bb1.6em\u00bb ul_line_height_last_edited=\u00bbon|phone\u00bb header_4_font_size_tablet=\u00bb28px\u00bb header_4_font_size_phone=\u00bb24px\u00bb header_4_font_size_last_edited=\u00bbon|phone\u00bb custom_css_free_form=\u00bbselector ::marker {||    color: #ed4135;||}\u00bb global_colors_info=\u00bb{}\u00bb]<\/p>\n<h4>Beneficios<\/h4>\n<ul>\n<li>Construcci\u00f3n reforzada para soportar cargas pesadas.<\/li>\n<li>El agua se drena eficazmente para un mayor control en carreteras mojadas.<\/li>\n<li>La banda de rodadura especial para invierno proporciona un excelente agarre y potencia de frenado en superficies nevadas y heladas.<\/li>\n<\/ul>\n<p>[\/et_pb_text][et_pb_button button_url=\u00bbhttps:\/\/novexbanden.nl\/wp-content\/brochures\/Brochure-Novex-ES@.pdf\u00bb url_new_window=\u00bbon\u00bb button_text=\u00bbDescargar folleto\u00bb button_alignment=\u00bbleft\u00bb button_alignment_tablet=\u00bbright\u00bb button_alignment_phone=\u00bbcenter\u00bb button_alignment_last_edited=\u00bbon|phone\u00bb _builder_version=\u00bb4.27.4&#8243; _module_preset=\u00bbdefault\u00bb custom_button=\u00bbon\u00bb button_text_color=\u00bb#FFFFFF\u00bb button_bg_color=\u00bb#ed4135&#8243; button_border_width=\u00bb0px\u00bb button_border_radius=\u00bb4px\u00bb button_font=\u00bbTitillium Web|700|||||||\u00bb button_use_icon=\u00bboff\u00bb custom_margin=\u00bb||||false|false\u00bb custom_margin_tablet=\u00bb||||false|false\u00bb custom_margin_phone=\u00bb||0px||false|false\u00bb custom_margin_last_edited=\u00bbon|phone\u00bb custom_padding=\u00bb8px||8px||true|false\u00bb global_colors_info=\u00bb{}\u00bb button_bg_color__hover_enabled=\u00bbon|hover\u00bb button_bg_color__hover=\u00bb#ce2d2d\u00bb button_bg_enable_color__hover=\u00bbon\u00bb custom_css_main_element_last_edited=\u00bbon|phone\u00bb custom_css_main_element_phone=\u00bbwidth: 100%;\u00bb][\/et_pb_button][\/et_pb_column][et_pb_column type=\u00bb1_2&#8243; _builder_version=\u00bb4.27.4&#8243; _module_preset=\u00bbdefault\u00bb global_colors_info=\u00bb{}\u00bb][et_pb_image src=\u00bbhttps:\/\/novexbanden.nl\/wp-content\/uploads\/2025\/08\/novex-win-c.png\u00bb alt=\u00bbNovex WIN C\u00bb title_text=\u00bbNovex WIN C\u00bb _builder_version=\u00bb4.27.4&#8243; _module_preset=\u00bbdefault\u00bb custom_margin_tablet=\u00bb\u00bb custom_margin_phone=\u00bb18%||||false|false\u00bb custom_margin_last_edited=\u00bbon|phone\u00bb custom_padding_phone=\u00bb||||false|false\u00bb custom_padding_last_edited=\u00bboff|phone\u00bb global_colors_info=\u00bb{}\u00bb][\/et_pb_image][\/et_pb_column][\/et_pb_row][\/et_pb_section][et_pb_section fb_built=\u00bb1&#8243; _builder_version=\u00bb4.27.4&#8243; _module_preset=\u00bbdefault\u00bb background_color=\u00bb#f4f4f4&#8243; custom_padding=\u00bb||||false|false\u00bb global_colors_info=\u00bb{}\u00bb][et_pb_row make_equal=\u00bbon\u00bb _builder_version=\u00bb4.27.4&#8243; _module_preset=\u00bbdefault\u00bb custom_padding=\u00bb||||false|false\u00bb global_colors_info=\u00bb{}\u00bb][et_pb_column type=\u00bb4_4&#8243; disabled_on=\u00bboff|off|off\u00bb _builder_version=\u00bb4.27.4&#8243; _module_preset=\u00bbdefault\u00bb custom_css_main_element=\u00bbmargin: auto;\u00bb global_colors_info=\u00bb{}\u00bb custom_css_main_element_last_edited=\u00bboff|phone\u00bb][et_pb_text _builder_version=\u00bb4.27.4&#8243; _module_preset=\u00bbdefault\u00bb header_4_font=\u00bbTitillium Web|700|||||||\u00bb header_4_font_size=\u00bb28px\u00bb custom_margin=\u00bb||0px||false|false\u00bb global_colors_info=\u00bb{}\u00bb]<\/p>\n<h4>Gama de tama\u00f1os<\/h4>\n<p>\n<table id=\"tablepress-11\" class=\"tablepress tablepress-id-11\">\n<thead>\n<tr class=\"row-1\">\n\t<th class=\"column-1\">SIZE<\/th><th class=\"column-2\">XL<\/th><th class=\"column-3\">LI<\/th><th class=\"column-4\">SI<\/th><th class=\"column-5\"><img decoding=\"async\" src=\"https:\/\/novexbanden.nl\/wp-content\/uploads\/2025\/08\/ico-fuel.png\" \/><\/th><th class=\"column-6\"><img decoding=\"async\" src=\"https:\/\/novexbanden.nl\/wp-content\/uploads\/2025\/08\/ico-grip.png\" \/><\/th><th class=\"column-7\"><img decoding=\"async\" src=\"https:\/\/novexbanden.nl\/wp-content\/uploads\/2025\/08\/ico-noise.png\" \/><\/th><th class=\"column-8\"><img decoding=\"async\" src=\"https:\/\/novexbanden.nl\/wp-content\/uploads\/2025\/08\/ico-3pmsf.png\" \/><\/th><th class=\"column-9\">EPREL<\/th>\n<\/tr>\n<\/thead>\n<tbody class=\"row-striping row-hover\">\n<tr class=\"row-2\">\n\t<td class=\"column-1\"><strong> 75 Series<\/strong><\/td><td class=\"column-2\"><\/td><td class=\"column-3\"><\/td><td class=\"column-4\"><\/td><td class=\"column-5\"><\/td><td class=\"column-6\"><\/td><td class=\"column-7\"><\/td><td class=\"column-8\"><\/td><td class=\"column-9\"><\/td>\n<\/tr>\n<tr class=\"row-3\">\n\t<td class=\"column-1\">205 75 R16<\/td><td class=\"column-2\"><\/td><td class=\"column-3\">110<\/td><td class=\"column-4\">T<\/td><td class=\"column-5\">C<\/td><td class=\"column-6\">C<\/td><td class=\"column-7\">71B<\/td><td class=\"column-8\"><i class=\"fa fa-check\" aria-hidden=\"true\"><\/i><\/td><td class=\"column-9\"><\/td>\n<\/tr>\n<tr class=\"row-4\">\n\t<td class=\"column-1\">225 75 R16<\/td><td class=\"column-2\"><\/td><td class=\"column-3\">121<\/td><td class=\"column-4\">R<\/td><td class=\"column-5\">C<\/td><td class=\"column-6\">C<\/td><td class=\"column-7\">71B<\/td><td class=\"column-8\"><i class=\"fa fa-check\" aria-hidden=\"true\"><\/i><\/td><td class=\"column-9\"><a href=\"https:\/\/eprel.ec.europa.eu\/screen\/product\/tyres\/2391093\" target=_blank rel=noopener>EPREL Database<\/a><\/td>\n<\/tr>\n<tr class=\"row-5\">\n\t<td class=\"column-1\"><strong> 70 Series<\/strong><\/td><td class=\"column-2\"><\/td><td class=\"column-3\"><\/td><td class=\"column-4\"><\/td><td class=\"column-5\"><\/td><td class=\"column-6\"><\/td><td class=\"column-7\"><\/td><td class=\"column-8\"><\/td><td class=\"column-9\"><\/td>\n<\/tr>\n<tr class=\"row-6\">\n\t<td class=\"column-1\">215 70 R15<\/td><td class=\"column-2\"><\/td><td class=\"column-3\">109<\/td><td class=\"column-4\">R<\/td><td class=\"column-5\">C<\/td><td class=\"column-6\">C<\/td><td class=\"column-7\">71B<\/td><td class=\"column-8\"><i class=\"fa fa-check\" aria-hidden=\"true\"><\/i><\/td><td class=\"column-9\"><a href=\"https:\/\/eprel.ec.europa.eu\/screen\/product\/tyres\/2391092\" target=_blank rel=noopener>EPREL Database<\/a><\/td>\n<\/tr>\n<tr class=\"row-7\">\n\t<td class=\"column-1\">215 65 R15<\/td><td class=\"column-2\"><\/td><td class=\"column-3\">104<\/td><td class=\"column-4\">T<\/td><td class=\"column-5\">D<\/td><td class=\"column-6\">C<\/td><td class=\"column-7\">71B<\/td><td class=\"column-8\"><i class=\"fa fa-check\" aria-hidden=\"true\"><\/i><\/td><td class=\"column-9\"><\/td>\n<\/tr>\n<tr class=\"row-8\">\n\t<td class=\"column-1\"><strong> 65 Series<\/strong><\/td><td class=\"column-2\"><\/td><td class=\"column-3\"><\/td><td class=\"column-4\"><\/td><td class=\"column-5\"><\/td><td class=\"column-6\"><\/td><td class=\"column-7\"><\/td><td class=\"column-8\"><\/td><td class=\"column-9\"><\/td>\n<\/tr>\n<tr class=\"row-9\">\n\t<td class=\"column-1\">205 65 R16<\/td><td class=\"column-2\"><\/td><td class=\"column-3\">107<\/td><td class=\"column-4\">R<\/td><td class=\"column-5\">C<\/td><td class=\"column-6\">C<\/td><td class=\"column-7\">71B<\/td><td class=\"column-8\"><i class=\"fa fa-check\" aria-hidden=\"true\"><\/i><\/td><td class=\"column-9\"><a href=\"https:\/\/eprel.ec.europa.eu\/screen\/product\/tyres\/2391091\" target=_blank rel=noopener>EPREL Database<\/a><\/td>\n<\/tr>\n<tr class=\"row-10\">\n\t<td class=\"column-1\">215 65 R16<\/td><td class=\"column-2\"><\/td><td class=\"column-3\">109<\/td><td class=\"column-4\">R<\/td><td class=\"column-5\">C<\/td><td class=\"column-6\">C<\/td><td class=\"column-7\">71B<\/td><td class=\"column-8\"><i class=\"fa fa-check\" aria-hidden=\"true\"><\/i><\/td><td class=\"column-9\"><a href=\"https:\/\/eprel.ec.europa.eu\/screen\/product\/tyres\/2391105\" target=_blank rel=noopener>EPREL Database<\/a><\/td>\n<\/tr>\n<tr class=\"row-11\">\n\t<td class=\"column-1\">225 65 R16<\/td><td class=\"column-2\"><\/td><td class=\"column-3\">112<\/td><td class=\"column-4\">R<\/td><td class=\"column-5\">C<\/td><td class=\"column-6\">C<\/td><td class=\"column-7\">71B<\/td><td class=\"column-8\"><i class=\"fa fa-check\" aria-hidden=\"true\"><\/i><\/td><td class=\"column-9\"><a href=\"https:\/\/eprel.ec.europa.eu\/screen\/product\/tyres\/2391095\" target=_blank rel=noopener>EPREL Database<\/a><\/td>\n<\/tr>\n<tr class=\"row-12\">\n\t<td class=\"column-1\">235 65 R16<\/td><td class=\"column-2\"><\/td><td class=\"column-3\">115<\/td><td class=\"column-4\">R<\/td><td class=\"column-5\">C<\/td><td class=\"column-6\">C<\/td><td class=\"column-7\">71B<\/td><td class=\"column-8\"><i class=\"fa fa-check\" aria-hidden=\"true\"><\/i><\/td><td class=\"column-9\"><a href=\"https:\/\/eprel.ec.europa.eu\/screen\/product\/tyres\/2391106\" target=_blank rel=noopener>EPREL Database<\/a><\/td>\n<\/tr>\n<\/tbody>\n<\/table>\n<!-- #tablepress-11 from cache -->[\/et_pb_text][et_pb_button button_url=\u00bbhttps:\/\/novexbanden.nl\/es\/etiqueta-de-neumaticos\/\u00bb button_text=\u00bbEtiqueta de neum\u00e1ticos\u00bb button_alignment=\u00bbleft\u00bb button_alignment_tablet=\u00bbright\u00bb button_alignment_phone=\u00bbcenter\u00bb button_alignment_last_edited=\u00bbon|phone\u00bb _builder_version=\u00bb4.27.4&#8243; _module_preset=\u00bbdefault\u00bb custom_button=\u00bbon\u00bb button_text_color=\u00bb#FFFFFF\u00bb button_bg_color=\u00bb#ed4135&#8243; button_border_width=\u00bb0px\u00bb button_border_radius=\u00bb4px\u00bb button_font=\u00bbTitillium Web|700|||||||\u00bb button_use_icon=\u00bboff\u00bb custom_margin=\u00bb||||false|false\u00bb custom_margin_tablet=\u00bb||||false|false\u00bb custom_margin_phone=\u00bb||0px||false|false\u00bb custom_margin_last_edited=\u00bbon|phone\u00bb custom_padding=\u00bb8px||8px||true|false\u00bb global_colors_info=\u00bb{}\u00bb button_bg_color__hover_enabled=\u00bbon|hover\u00bb button_bg_color__hover=\u00bb#ce2d2d\u00bb button_bg_enable_color__hover=\u00bbon\u00bb custom_css_main_element_last_edited=\u00bbon|phone\u00bb custom_css_main_element_phone=\u00bbwidth: 100%;\u00bb][\/et_pb_button][\/et_pb_column][\/et_pb_row][\/et_pb_section]<\/p>\n","protected":false},"excerpt":{"rendered":"<p>Novex WIN CEl Novex WIN C es un neum\u00e1tico de invierno para veh\u00edculos comerciales ligeros. Este neum\u00e1tico combina una capacidad de carga extra con unas caracter\u00edsticas de conducci\u00f3n seguras y estables en condiciones invernales.Beneficios Construcci\u00f3n reforzada para soportar cargas pesadas. El agua se drena eficazmente para un mayor control en carreteras mojadas. La banda de [&hellip;]<\/p>\n","protected":false},"author":1,"featured_media":0,"parent":27568331,"menu_order":0,"comment_status":"closed","ping_status":"closed","template":"","meta":{"_et_pb_use_builder":"on","_et_pb_old_content":"","_et_gb_content_width":"","footnotes":""},"dipi_cpt_category":[],"class_list":["post-27567425","page","type-page","status-publish","hentry"],"yoast_head":"<!-- This site is optimized with the Yoast SEO plugin v27.4 - https:\/\/yoast.com\/product\/yoast-seo-wordpress\/ -->\n<title>WIN C | Neum\u00e1ticos Novex<\/title>\n<meta name=\"description\" content=\"El Novex WIN C es un neum\u00e1tico de invierno para furgonetas ligeras, con mayor capacidad de carga y conducci\u00f3n estable y segura.\" \/>\n<meta name=\"robots\" content=\"index, follow, max-snippet:-1, max-image-preview:large, max-video-preview:-1\" \/>\n<link rel=\"canonical\" href=\"https:\/\/novexbanden.nl\/es\/neumaticos-invierno\/win-c\/\" \/>\n<meta property=\"og:locale\" content=\"es_ES\" \/>\n<meta property=\"og:type\" content=\"article\" \/>\n<meta property=\"og:title\" content=\"WIN C | Neum\u00e1ticos Novex\" \/>\n<meta property=\"og:description\" content=\"El Novex WIN C es un neum\u00e1tico de invierno para furgonetas ligeras, con mayor capacidad de carga y conducci\u00f3n estable y segura.\" \/>\n<meta property=\"og:url\" content=\"https:\/\/novexbanden.nl\/es\/neumaticos-invierno\/win-c\/\" \/>\n<meta property=\"og:site_name\" content=\"Novex banden\" \/>\n<meta property=\"article:modified_time\" content=\"2025-09-09T08:40:38+00:00\" \/>\n<meta name=\"twitter:card\" content=\"summary_large_image\" \/>\n<meta name=\"twitter:label1\" content=\"Tiempo de lectura\" \/>\n\t<meta name=\"twitter:data1\" content=\"3 minutos\" \/>\n<script type=\"application\/ld+json\" class=\"yoast-schema-graph\">{\"@context\":\"https:\\\/\\\/schema.org\",\"@graph\":[{\"@type\":\"WebPage\",\"@id\":\"https:\\\/\\\/novexbanden.nl\\\/es\\\/neumaticos-invierno\\\/win-c\\\/\",\"url\":\"https:\\\/\\\/novexbanden.nl\\\/es\\\/neumaticos-invierno\\\/win-c\\\/\",\"name\":\"WIN C | Neum\u00e1ticos Novex\",\"isPartOf\":{\"@id\":\"https:\\\/\\\/novexbanden.nl\\\/es\\\/#website\"},\"datePublished\":\"2025-08-06T11:41:50+00:00\",\"dateModified\":\"2025-09-09T08:40:38+00:00\",\"description\":\"El Novex WIN C es un neum\u00e1tico de invierno para furgonetas ligeras, con mayor capacidad de carga y conducci\u00f3n estable y segura.\",\"breadcrumb\":{\"@id\":\"https:\\\/\\\/novexbanden.nl\\\/es\\\/neumaticos-invierno\\\/win-c\\\/#breadcrumb\"},\"inLanguage\":\"es\",\"potentialAction\":[{\"@type\":\"ReadAction\",\"target\":[\"https:\\\/\\\/novexbanden.nl\\\/es\\\/neumaticos-invierno\\\/win-c\\\/\"]}]},{\"@type\":\"BreadcrumbList\",\"@id\":\"https:\\\/\\\/novexbanden.nl\\\/es\\\/neumaticos-invierno\\\/win-c\\\/#breadcrumb\",\"itemListElement\":[{\"@type\":\"ListItem\",\"position\":1,\"name\":\"Home\",\"item\":\"https:\\\/\\\/novexbanden.nl\\\/es\\\/\"},{\"@type\":\"ListItem\",\"position\":2,\"name\":\"Neum\u00e1ticos invierno\",\"item\":\"https:\\\/\\\/novexbanden.nl\\\/es\\\/neumaticos-invierno\\\/\"},{\"@type\":\"ListItem\",\"position\":3,\"name\":\"WIN C\"}]},{\"@type\":\"WebSite\",\"@id\":\"https:\\\/\\\/novexbanden.nl\\\/es\\\/#website\",\"url\":\"https:\\\/\\\/novexbanden.nl\\\/es\\\/\",\"name\":\"Novex banden\",\"description\":\"The best alternative\",\"potentialAction\":[{\"@type\":\"SearchAction\",\"target\":{\"@type\":\"EntryPoint\",\"urlTemplate\":\"https:\\\/\\\/novexbanden.nl\\\/es\\\/?s={search_term_string}\"},\"query-input\":{\"@type\":\"PropertyValueSpecification\",\"valueRequired\":true,\"valueName\":\"search_term_string\"}}],\"inLanguage\":\"es\"}]}<\/script>\n<!-- \/ Yoast SEO plugin. -->","yoast_head_json":{"title":"WIN C | Neum\u00e1ticos Novex","description":"El Novex WIN C es un neum\u00e1tico de invierno para furgonetas ligeras, con mayor capacidad de carga y conducci\u00f3n estable y segura.","robots":{"index":"index","follow":"follow","max-snippet":"max-snippet:-1","max-image-preview":"max-image-preview:large","max-video-preview":"max-video-preview:-1"},"canonical":"https:\/\/novexbanden.nl\/es\/neumaticos-invierno\/win-c\/","og_locale":"es_ES","og_type":"article","og_title":"WIN C | Neum\u00e1ticos Novex","og_description":"El Novex WIN C es un neum\u00e1tico de invierno para furgonetas ligeras, con mayor capacidad de carga y conducci\u00f3n estable y segura.","og_url":"https:\/\/novexbanden.nl\/es\/neumaticos-invierno\/win-c\/","og_site_name":"Novex banden","article_modified_time":"2025-09-09T08:40:38+00:00","twitter_card":"summary_large_image","twitter_misc":{"Tiempo de lectura":"3 minutos"},"schema":{"@context":"https:\/\/schema.org","@graph":[{"@type":"WebPage","@id":"https:\/\/novexbanden.nl\/es\/neumaticos-invierno\/win-c\/","url":"https:\/\/novexbanden.nl\/es\/neumaticos-invierno\/win-c\/","name":"WIN C | Neum\u00e1ticos Novex","isPartOf":{"@id":"https:\/\/novexbanden.nl\/es\/#website"},"datePublished":"2025-08-06T11:41:50+00:00","dateModified":"2025-09-09T08:40:38+00:00","description":"El Novex WIN C es un neum\u00e1tico de invierno para furgonetas ligeras, con mayor capacidad de carga y conducci\u00f3n estable y segura.","breadcrumb":{"@id":"https:\/\/novexbanden.nl\/es\/neumaticos-invierno\/win-c\/#breadcrumb"},"inLanguage":"es","potentialAction":[{"@type":"ReadAction","target":["https:\/\/novexbanden.nl\/es\/neumaticos-invierno\/win-c\/"]}]},{"@type":"BreadcrumbList","@id":"https:\/\/novexbanden.nl\/es\/neumaticos-invierno\/win-c\/#breadcrumb","itemListElement":[{"@type":"ListItem","position":1,"name":"Home","item":"https:\/\/novexbanden.nl\/es\/"},{"@type":"ListItem","position":2,"name":"Neum\u00e1ticos invierno","item":"https:\/\/novexbanden.nl\/es\/neumaticos-invierno\/"},{"@type":"ListItem","position":3,"name":"WIN C"}]},{"@type":"WebSite","@id":"https:\/\/novexbanden.nl\/es\/#website","url":"https:\/\/novexbanden.nl\/es\/","name":"Novex banden","description":"The best alternative","potentialAction":[{"@type":"SearchAction","target":{"@type":"EntryPoint","urlTemplate":"https:\/\/novexbanden.nl\/es\/?s={search_term_string}"},"query-input":{"@type":"PropertyValueSpecification","valueRequired":true,"valueName":"search_term_string"}}],"inLanguage":"es"}]}},"_links":{"self":[{"href":"https:\/\/novexbanden.nl\/es\/wp-json\/wp\/v2\/pages\/27567425","targetHints":{"allow":["GET"]}}],"collection":[{"href":"https:\/\/novexbanden.nl\/es\/wp-json\/wp\/v2\/pages"}],"about":[{"href":"https:\/\/novexbanden.nl\/es\/wp-json\/wp\/v2\/types\/page"}],"author":[{"embeddable":true,"href":"https:\/\/novexbanden.nl\/es\/wp-json\/wp\/v2\/users\/1"}],"replies":[{"embeddable":true,"href":"https:\/\/novexbanden.nl\/es\/wp-json\/wp\/v2\/comments?post=27567425"}],"version-history":[{"count":6,"href":"https:\/\/novexbanden.nl\/es\/wp-json\/wp\/v2\/pages\/27567425\/revisions"}],"predecessor-version":[{"id":27567495,"href":"https:\/\/novexbanden.nl\/es\/wp-json\/wp\/v2\/pages\/27567425\/revisions\/27567495"}],"up":[{"embeddable":true,"href":"https:\/\/novexbanden.nl\/es\/wp-json\/wp\/v2\/pages\/27568331"}],"wp:attachment":[{"href":"https:\/\/novexbanden.nl\/es\/wp-json\/wp\/v2\/media?parent=27567425"}],"wp:term":[{"taxonomy":"dipi_cpt_category","embeddable":true,"href":"https:\/\/novexbanden.nl\/es\/wp-json\/wp\/v2\/dipi_cpt_category?post=27567425"}],"curies":[{"name":"wp","href":"https:\/\/api.w.org\/{rel}","templated":true}]}}