{"id":27565617,"date":"2025-08-06T12:26:19","date_gmt":"2025-08-06T12:26:19","guid":{"rendered":"https:\/\/novexbanden.nl\/over-novex\/"},"modified":"2025-08-12T12:29:50","modified_gmt":"2025-08-12T12:29:50","slug":"sur-novex","status":"publish","type":"page","link":"https:\/\/novexbanden.nl\/fr\/sur-novex\/","title":{"rendered":"Sur Novex"},"content":{"rendered":"<p>[et_pb_section fb_built=\u00a0\u00bb1&Prime; _builder_version=\u00a0\u00bb4.27.4&Prime; _module_preset=\u00a0\u00bbdefault\u00a0\u00bb use_background_color_gradient=\u00a0\u00bbon\u00a0\u00bb background_color_gradient_direction=\u00a0\u00bb45deg\u00a0\u00bb background_color_gradient_stops=\u00a0\u00bbrgba(255,255,255,0) 33%|rgba(0,0,0,0.3) 46%|rgba(0,0,0,0.5) 100%\u00a0\u00bb background_color_gradient_overlays_image=\u00a0\u00bbon\u00a0\u00bb background_image=\u00a0\u00bbhttps:\/\/novexbanden.nl\/wp-content\/uploads\/2025\/08\/bg-novex.jpg\u00a0\u00bb background_position=\u00a0\u00bbbottom_right\u00a0\u00bb custom_padding=\u00a0\u00bb5%||5%||true|false\u00a0\u00bb border_width_bottom=\u00a0\u00bb4px\u00a0\u00bb border_color_bottom=\u00a0\u00bb#ed4135&Prime; global_colors_info=\u00a0\u00bb{}\u00a0\u00bb][et_pb_row column_structure=\u00a0\u00bb2_5,3_5&Prime; _builder_version=\u00a0\u00bb4.27.4&Prime; _module_preset=\u00a0\u00bbdefault\u00a0\u00bb max_width=\u00a0\u00bb1280px\u00a0\u00bb global_colors_info=\u00a0\u00bb{}\u00a0\u00bb][et_pb_column type=\u00a0\u00bb2_5&Prime; _builder_version=\u00a0\u00bb4.27.4&Prime; _module_preset=\u00a0\u00bbdefault\u00a0\u00bb global_colors_info=\u00a0\u00bb{}\u00a0\u00bb][dipi_text_highlighter text_highlighter_text=\u00a0\u00bbSur Novex\u00a0\u00bb highlight_shape=\u00a0\u00bbstrikethrough\u00a0\u00bb text_direction=\u00a0\u00bbinline\u00a0\u00bb highlight_animation_delay=\u00a0\u00bb300ms\u00a0\u00bb highlight_animation_duration=\u00a0\u00bb1000ms\u00a0\u00bb reverse_animation=\u00a0\u00bbon\u00a0\u00bb stroke_color=\u00a0\u00bb#ed4135&Prime; stroke_width=\u00a0\u00bb140px\u00a0\u00bb highlight_line_cap=\u00a0\u00bbbutt\u00a0\u00bb shape_v_offset=\u00a0\u00bb-1px\u00a0\u00bb shape_h_offset=\u00a0\u00bb3px\u00a0\u00bb highlighted_text_margin=\u00a0\u00bb|0px|0px|0px|false|true\u00a0\u00bb highlighted_text_padding=\u00a0\u00bb2px|10px|8px|10px|false|false\u00a0\u00bb _builder_version=\u00a0\u00bb4.27.4&Prime; _module_preset=\u00a0\u00bbdefault\u00a0\u00bb all_text_font=\u00a0\u00bbTitillium Web|700|||||||\u00a0\u00bb all_text_text_align=\u00a0\u00bbleft\u00a0\u00bb all_text_text_color=\u00a0\u00bb#FFFFFF\u00a0\u00bb prefix_text_font_size=\u00a0\u00bb80px\u00a0\u00bb prefix_text_line_height=\u00a0\u00bb1.5em\u00a0\u00bb highlighted_text_font_size=\u00a0\u00bb62px\u00a0\u00bb highlighted_text_line_height=\u00a0\u00bb1.1em\u00a0\u00bb sufix_text_font_size=\u00a0\u00bb100px\u00a0\u00bb sufix_text_line_height=\u00a0\u00bb1.1em\u00a0\u00bb max_width=\u00a0\u00bb100%\u00a0\u00bb custom_margin=\u00a0\u00bb||||false|false\u00a0\u00bb custom_padding=\u00a0\u00bb||||false|false\u00a0\u00bb all_text_font_size_tablet=\u00a0\u00bb\u00a0\u00bb all_text_font_size_phone=\u00a0\u00bb32px\u00a0\u00bb all_text_font_size_last_edited=\u00a0\u00bbon|phone\u00a0\u00bb prefix_text_font_size_tablet=\u00a0\u00bb80px\u00a0\u00bb prefix_text_font_size_phone=\u00a0\u00bb55px\u00a0\u00bb prefix_text_font_size_last_edited=\u00a0\u00bbon|phone\u00a0\u00bb highlighted_text_font_size_tablet=\u00a0\u00bb80px\u00a0\u00bb highlighted_text_font_size_phone=\u00a0\u00bb36px\u00a0\u00bb highlighted_text_font_size_last_edited=\u00a0\u00bbon|phone\u00a0\u00bb locked=\u00a0\u00bboff\u00a0\u00bb global_colors_info=\u00a0\u00bb{}\u00a0\u00bb][\/dipi_text_highlighter][\/et_pb_column][et_pb_column type=\u00a0\u00bb3_5&Prime; _builder_version=\u00a0\u00bb4.27.4&Prime; _module_preset=\u00a0\u00bbdefault\u00a0\u00bb global_colors_info=\u00a0\u00bb{}\u00a0\u00bb][\/et_pb_column][\/et_pb_row][\/et_pb_section][et_pb_section fb_built=\u00a0\u00bb1&Prime; _builder_version=\u00a0\u00bb4.27.4&Prime; _module_preset=\u00a0\u00bbdefault\u00a0\u00bb background_color=\u00a0\u00bb#f4f4f4&Prime; custom_padding=\u00a0\u00bb6%||6%||true|false\u00a0\u00bb global_colors_info=\u00a0\u00bb{}\u00a0\u00bb][et_pb_row column_structure=\u00a0\u00bb2_3,1_3&Prime; _builder_version=\u00a0\u00bb4.27.4&Prime; _module_preset=\u00a0\u00bbdefault\u00a0\u00bb width=\u00a0\u00bb100%\u00a0\u00bb width_tablet=\u00a0\u00bb100%\u00a0\u00bb width_phone=\u00a0\u00bb80%\u00a0\u00bb width_last_edited=\u00a0\u00bbon|phone\u00a0\u00bb global_colors_info=\u00a0\u00bb{}\u00a0\u00bb][et_pb_column type=\u00a0\u00bb2_3&Prime; _builder_version=\u00a0\u00bb4.27.4&Prime; _module_preset=\u00a0\u00bbdefault\u00a0\u00bb global_colors_info=\u00a0\u00bb{}\u00a0\u00bb][et_pb_text _builder_version=\u00a0\u00bb4.27.4&Prime; _module_preset=\u00a0\u00bbdefault\u00a0\u00bb text_font=\u00a0\u00bbTitillium Web||||||||\u00a0\u00bb text_font_size=\u00a0\u00bb20px\u00a0\u00bb text_line_height=\u00a0\u00bb30px\u00a0\u00bb header_font=\u00a0\u00bbTitillium Web|700|||||||\u00a0\u00bb header_text_color=\u00a0\u00bb#ed4135&Prime; header_font_size=\u00a0\u00bb32px\u00a0\u00bb hover_enabled=\u00a0\u00bb0&Prime; header_font_size_tablet=\u00a0\u00bb32px\u00a0\u00bb header_font_size_phone=\u00a0\u00bb26px\u00a0\u00bb header_font_size_last_edited=\u00a0\u00bbon|phone\u00a0\u00bb global_colors_info=\u00a0\u00bb{}\u00a0\u00bb sticky_enabled=\u00a0\u00bb0&Prime;]<\/p>\n<h1>Pneus Novex<\/h1>\n<p>Novex est une marque de pneus polyvalente qui met l\u2019accent sur la qualit\u00e9, la s\u00e9curit\u00e9 et le confort. Avec soin, nous d\u00e9veloppons des pneus qui fonctionnent de mani\u00e8re optimale dans toutes les situations &#8211; de la chaleur estivale aux chauss\u00e9e glissante hivernale et tout ce qu\u2019il y a entre les deux.<\/p>\n<p>La fiabilit\u00e9 et le contr\u00f4le sont au coeur de nos pr\u00e9occupations, afin que chaque conducteur puisse prendre la route en toute s\u00e9r\u00e9nit\u00e9.<\/p>\n<p><strong>Une technologie intelligente, des performances fiables<\/strong><\/p>\n<p>Nos pneus sont fabriqu\u00e9s selon les techniques les plus modernes et r\u00e9pondent \u00e0 des normes de qualit\u00e9 et de s\u00e9curit\u00e9 strictes. Gr\u00e2ce \u00e0 des profils intelligents, des mat\u00e9riaux durables et un \u00e9quilibre optimal entre adh\u00e9rence et confort de conduite, les pneus Novex conviennent aussi bien aux trajets quotidiens qu\u2019aux longues distances.<\/p>\n<p>Novex propose une large gamme de pneus \u00e9t\u00e9, de pneus toutes saisons et de pneus hiver pour les voitures particuli\u00e8res, les SUV et les v\u00e9hicules utilitaires l\u00e9gers.<\/p>\n<p><strong>Pneus Novex: The best alternative!<\/strong>[\/et_pb_text][\/et_pb_column][et_pb_column type=\u00a0\u00bb1_3&Prime; _builder_version=\u00a0\u00bb4.27.4&Prime; _module_preset=\u00a0\u00bbdefault\u00a0\u00bb use_background_color_gradient=\u00a0\u00bbon\u00a0\u00bb background_color_gradient_direction=\u00a0\u00bb104deg\u00a0\u00bb background_color_gradient_stops=\u00a0\u00bb#ffffff 56%|#f4f4f4 56%\u00a0\u00bb custom_padding=\u00a0\u00bb2%|2%|3%|2%|false|true\u00a0\u00bb custom_padding_tablet=\u00a0\u00bb2%|2%|3%|2%|false|true\u00a0\u00bb custom_padding_phone=\u00a0\u00bb10%|2%|10%|2%|true|true\u00a0\u00bb custom_padding_last_edited=\u00a0\u00bbon|phone\u00a0\u00bb border_radii=\u00a0\u00bbon|2px|2px|2px|2px\u00a0\u00bb border_width_all=\u00a0\u00bb8px\u00a0\u00bb border_color_all=\u00a0\u00bb#FFFFFF\u00a0\u00bb global_colors_info=\u00a0\u00bb{}\u00a0\u00bb][et_pb_text _builder_version=\u00a0\u00bb4.27.4&Prime; _module_preset=\u00a0\u00bbdefault\u00a0\u00bb text_font=\u00a0\u00bbTitillium Web|600|||||||\u00a0\u00bb text_text_color=\u00a0\u00bb#000000&Prime; text_font_size=\u00a0\u00bb22px\u00a0\u00bb text_line_height=\u00a0\u00bb30px\u00a0\u00bb header_font=\u00a0\u00bbTitillium Web|700|||||||\u00a0\u00bb header_3_font=\u00a0\u00bbTitillium Web|700|||||||\u00a0\u00bb header_3_font_size=\u00a0\u00bb26px\u00a0\u00bb custom_margin=\u00a0\u00bb||0px||false|false\u00a0\u00bb hover_enabled=\u00a0\u00bb0&Prime; header_3_font_size_tablet=\u00a0\u00bb26px\u00a0\u00bb header_3_font_size_phone=\u00a0\u00bb24px\u00a0\u00bb header_3_font_size_last_edited=\u00a0\u00bbon|phone\u00a0\u00bb custom_css_free_form=\u00a0\u00bbselector {||float:left !important;||margin-right:20px !important;||}\u00a0\u00bb global_colors_info=\u00a0\u00bb{}\u00a0\u00bb sticky_enabled=\u00a0\u00bb0&Prime;]<\/p>\n<h3>Sp\u00e9cialiste Novex<\/h3>\n<p>[\/et_pb_text][et_pb_divider color=\u00a0\u00bb#ed4135&Prime; divider_weight=\u00a0\u00bb3px\u00a0\u00bb _builder_version=\u00a0\u00bb4.27.4&Prime; _module_preset=\u00a0\u00bbdefault\u00a0\u00bb width=\u00a0\u00bb20%\u00a0\u00bb custom_margin=\u00a0\u00bb||0px||false|false\u00a0\u00bb custom_css_free_form=\u00a0\u00bbselector {||clear:both !important;||}\u00a0\u00bb global_colors_info=\u00a0\u00bb{}\u00a0\u00bb][\/et_pb_divider][et_pb_text _builder_version=\u00a0\u00bb4.27.4&Prime; _module_preset=\u00a0\u00bbdefault\u00a0\u00bb text_font=\u00a0\u00bbTitillium Web||||||||\u00a0\u00bb text_font_size=\u00a0\u00bb20px\u00a0\u00bb text_line_height=\u00a0\u00bb30px\u00a0\u00bb custom_padding=\u00a0\u00bb||||false|false\u00a0\u00bb hover_enabled=\u00a0\u00bb0&Prime; global_colors_info=\u00a0\u00bb{}\u00a0\u00bb sticky_enabled=\u00a0\u00bb0&Prime;]Notre sp\u00e9cialiste se fera un plaisir de vous aider. N&rsquo;h\u00e9sitez pas \u00e0 nous contacter.[\/et_pb_text][et_pb_image src=\u00a0\u00bbhttps:\/\/novexbanden.nl\/wp-content\/uploads\/2025\/08\/jan-ijzer.png\u00a0\u00bb alt=\u00a0\u00bbNovex specialist Jan IJzer\u00a0\u00bb title_text=\u00a0\u00bbNovex specialist Jan IJzer\u00a0\u00bb _builder_version=\u00a0\u00bb4.27.4&Prime; _module_preset=\u00a0\u00bbdefault\u00a0\u00bb positioning=\u00a0\u00bbrelative\u00a0\u00bb position_origin_a=\u00a0\u00bbbottom_right\u00a0\u00bb width=\u00a0\u00bb86%\u00a0\u00bb module_alignment=\u00a0\u00bbcenter\u00a0\u00bb custom_padding=\u00a0\u00bb0%||0%||false|false\u00a0\u00bb global_colors_info=\u00a0\u00bb{}\u00a0\u00bb][\/et_pb_image][et_pb_button button_url=\u00a0\u00bbtel:+31181331444&Prime; button_text=\u00a0\u00bbContact t\u00e9l\u00e9phonique\u00a0\u00bb button_alignment=\u00a0\u00bbcenter\u00a0\u00bb _builder_version=\u00a0\u00bb4.27.4&Prime; _module_preset=\u00a0\u00bbdefault\u00a0\u00bb custom_button=\u00a0\u00bbon\u00a0\u00bb button_text_size=\u00a0\u00bb20px\u00a0\u00bb button_text_color=\u00a0\u00bb#FFFFFF\u00a0\u00bb button_bg_color=\u00a0\u00bb#ed4135&Prime; button_border_width=\u00a0\u00bb0px\u00a0\u00bb button_border_radius=\u00a0\u00bb4px\u00a0\u00bb button_font=\u00a0\u00bbTitillium Web|700|||||||\u00a0\u00bb button_use_icon=\u00a0\u00bboff\u00a0\u00bb custom_padding=\u00a0\u00bb8px||8px||true|false\u00a0\u00bb custom_css_main_element=\u00a0\u00bbwidth: 100%;\u00a0\u00bb global_colors_info=\u00a0\u00bb{}\u00a0\u00bb button_bg_color__hover_enabled=\u00a0\u00bbon|hover\u00a0\u00bb button_bg_color__hover=\u00a0\u00bb#ce2d2d\u00a0\u00bb button_bg_enable_color__hover=\u00a0\u00bbon\u00a0\u00bb][\/et_pb_button][et_pb_button button_url=\u00a0\u00bbmailto:sales@vandenban.nl\u00a0\u00bb button_text=\u00a0\u00bbContact par e-mail\u00a0\u00bb button_alignment=\u00a0\u00bbcenter\u00a0\u00bb _builder_version=\u00a0\u00bb4.27.4&Prime; _module_preset=\u00a0\u00bbdefault\u00a0\u00bb custom_button=\u00a0\u00bbon\u00a0\u00bb button_text_size=\u00a0\u00bb20px\u00a0\u00bb button_text_color=\u00a0\u00bb#FFFFFF\u00a0\u00bb button_bg_color=\u00a0\u00bb#000000&Prime; button_border_width=\u00a0\u00bb0px\u00a0\u00bb button_border_radius=\u00a0\u00bb4px\u00a0\u00bb button_font=\u00a0\u00bbTitillium Web|700|||||||\u00a0\u00bb button_use_icon=\u00a0\u00bboff\u00a0\u00bb custom_padding=\u00a0\u00bb8px||8px||true|false\u00a0\u00bb hover_enabled=\u00a0\u00bb0&Prime; custom_css_main_element=\u00a0\u00bbwidth: 100%;\u00a0\u00bb global_colors_info=\u00a0\u00bb{}\u00a0\u00bb button_bg_color__hover_enabled=\u00a0\u00bbon|desktop\u00a0\u00bb button_bg_color__hover=\u00a0\u00bb#383838&Prime; button_bg_enable_color__hover=\u00a0\u00bbon\u00a0\u00bb sticky_enabled=\u00a0\u00bb0&Prime;][\/et_pb_button][\/et_pb_column][\/et_pb_row][\/et_pb_section]<\/p>\n","protected":false},"excerpt":{"rendered":"<p><div class=\"et_pb_module dipi_text_highlighter dipi_text_highlighter_0\">\n\t\t\t\t\n\t\t\t\t\n\t\t\t\t\n\t\t\t\t\n\t\t\t\t\n\t\t\t\t\n\t\t\t\t<div class=\"et_pb_module_inner\">\n\t\t\t\t\t<h2 class=\"dipi-highlight-text-wrapper\" data-config=\"{&quot;animation_start&quot;:&quot;in_a_viewport&quot;,&quot;animation_start_viewport&quot;:&quot;75%&quot;,&quot;animation_delay&quot;:&quot;300ms&quot;,&quot;animation_duration&quot;:&quot;1000ms&quot;,&quot;delay_after_animation&quot;:&quot;3000ms&quot;,&quot;repeat_mode&quot;:&quot;infinite&quot;,&quot;count_mode&quot;:&quot;everytime_in_viewport&quot;,&quot;animation_repeat_counts&quot;:&quot;3&quot;,&quot;reverse_animation&quot;:&quot;on&quot;,&quot;id&quot;:&quot;dipi_text_highlighter_0_wrapper&quot;}\">\n\t\t\t\t\t<span class=\"dipi-text-highlight-wrapper {&quot;animation_start&quot;:&quot;in_a_viewport&quot;,&quot;animation_start_viewport&quot;:&quot;75%&quot;,&quot;animation_delay&quot;:&quot;300ms&quot;,&quot;animation_duration&quot;:&quot;1000ms&quot;,&quot;delay_after_animation&quot;:&quot;3000ms&quot;,&quot;repeat_mode&quot;:&quot;infinite&quot;,&quot;count_mode&quot;:&quot;everytime_in_viewport&quot;,&quot;animation_repeat_counts&quot;:&quot;3&quot;,&quot;reverse_animation&quot;:&quot;on&quot;,&quot;id&quot;:&quot;dipi_text_highlighter_0_wrapper&quot;}\"><span class=\"dipi-text-highlight-text dipi-text-highlight-text\">Sur Novex<\/span><span class=\"dipi-text-highlight-svg\"><svg xmlns=\"http:\/\/www.w3.org\/2000\/svg\" viewBox=\"0 0 500 150\" preserveAspectRatio=\"none\"><path d=\"M3,75h493.5\"><\/path><\/svg><\/span><\/span>\n\t\t\t<\/h2>\n\t\t\t\t<\/div>\n\t\t\t<\/div>Pneus Novex Novex est une marque de pneus polyvalente qui met l\u2019accent sur la qualit\u00e9, [&hellip;]<\/p>\n","protected":false},"author":1,"featured_media":0,"parent":0,"menu_order":0,"comment_status":"closed","ping_status":"closed","template":"","meta":{"_et_pb_use_builder":"on","_et_pb_old_content":"","_et_gb_content_width":"","footnotes":""},"dipi_cpt_category":[],"class_list":["post-27565617","page","type-page","status-publish","hentry"],"yoast_head":"<!-- This site is optimized with the Yoast SEO plugin v27.4 - https:\/\/yoast.com\/product\/yoast-seo-wordpress\/ -->\n<title>Sur Novex | Pneus Novex<\/title>\n<meta name=\"description\" content=\"Prenez la route en toute s\u00e9curit\u00e9 avec les pneus Novex. Notre gamme propose les pneus adapt\u00e9s \u00e0 chaque saison, et ce \u00e0 des prix comp\u00e9titifs.\" \/>\n<meta name=\"robots\" content=\"index, follow, max-snippet:-1, max-image-preview:large, max-video-preview:-1\" \/>\n<link rel=\"canonical\" href=\"https:\/\/novexbanden.nl\/fr\/sur-novex\/\" \/>\n<meta property=\"og:locale\" content=\"fr_FR\" \/>\n<meta property=\"og:type\" content=\"article\" \/>\n<meta property=\"og:title\" content=\"Sur Novex | Pneus Novex\" \/>\n<meta property=\"og:description\" content=\"Prenez la route en toute s\u00e9curit\u00e9 avec les pneus Novex. Notre gamme propose les pneus adapt\u00e9s \u00e0 chaque saison, et ce \u00e0 des prix comp\u00e9titifs.\" \/>\n<meta property=\"og:url\" content=\"https:\/\/novexbanden.nl\/fr\/sur-novex\/\" \/>\n<meta property=\"og:site_name\" content=\"Novex banden\" \/>\n<meta property=\"article:modified_time\" content=\"2025-08-12T12:29:50+00:00\" \/>\n<meta name=\"twitter:card\" content=\"summary_large_image\" \/>\n<meta name=\"twitter:label1\" content=\"Dur\u00e9e de lecture estim\u00e9e\" \/>\n\t<meta name=\"twitter:data1\" content=\"2 minutes\" \/>\n<script type=\"application\/ld+json\" class=\"yoast-schema-graph\">{\"@context\":\"https:\\\/\\\/schema.org\",\"@graph\":[{\"@type\":\"WebPage\",\"@id\":\"https:\\\/\\\/novexbanden.nl\\\/fr\\\/sur-novex\\\/\",\"url\":\"https:\\\/\\\/novexbanden.nl\\\/fr\\\/sur-novex\\\/\",\"name\":\"Sur Novex | Pneus Novex\",\"isPartOf\":{\"@id\":\"https:\\\/\\\/novexbanden.nl\\\/fr\\\/#website\"},\"datePublished\":\"2025-08-06T12:26:19+00:00\",\"dateModified\":\"2025-08-12T12:29:50+00:00\",\"description\":\"Prenez la route en toute s\u00e9curit\u00e9 avec les pneus Novex. Notre gamme propose les pneus adapt\u00e9s \u00e0 chaque saison, et ce \u00e0 des prix comp\u00e9titifs.\",\"breadcrumb\":{\"@id\":\"https:\\\/\\\/novexbanden.nl\\\/fr\\\/sur-novex\\\/#breadcrumb\"},\"inLanguage\":\"fr-FR\",\"potentialAction\":[{\"@type\":\"ReadAction\",\"target\":[\"https:\\\/\\\/novexbanden.nl\\\/fr\\\/sur-novex\\\/\"]}]},{\"@type\":\"BreadcrumbList\",\"@id\":\"https:\\\/\\\/novexbanden.nl\\\/fr\\\/sur-novex\\\/#breadcrumb\",\"itemListElement\":[{\"@type\":\"ListItem\",\"position\":1,\"name\":\"Home\",\"item\":\"https:\\\/\\\/novexbanden.nl\\\/fr\\\/\"},{\"@type\":\"ListItem\",\"position\":2,\"name\":\"Sur Novex\"}]},{\"@type\":\"WebSite\",\"@id\":\"https:\\\/\\\/novexbanden.nl\\\/fr\\\/#website\",\"url\":\"https:\\\/\\\/novexbanden.nl\\\/fr\\\/\",\"name\":\"Novex banden\",\"description\":\"The best alternative\",\"potentialAction\":[{\"@type\":\"SearchAction\",\"target\":{\"@type\":\"EntryPoint\",\"urlTemplate\":\"https:\\\/\\\/novexbanden.nl\\\/fr\\\/?s={search_term_string}\"},\"query-input\":{\"@type\":\"PropertyValueSpecification\",\"valueRequired\":true,\"valueName\":\"search_term_string\"}}],\"inLanguage\":\"fr-FR\"}]}<\/script>\n<!-- \/ Yoast SEO plugin. -->","yoast_head_json":{"title":"Sur Novex | Pneus Novex","description":"Prenez la route en toute s\u00e9curit\u00e9 avec les pneus Novex. Notre gamme propose les pneus adapt\u00e9s \u00e0 chaque saison, et ce \u00e0 des prix comp\u00e9titifs.","robots":{"index":"index","follow":"follow","max-snippet":"max-snippet:-1","max-image-preview":"max-image-preview:large","max-video-preview":"max-video-preview:-1"},"canonical":"https:\/\/novexbanden.nl\/fr\/sur-novex\/","og_locale":"fr_FR","og_type":"article","og_title":"Sur Novex | Pneus Novex","og_description":"Prenez la route en toute s\u00e9curit\u00e9 avec les pneus Novex. Notre gamme propose les pneus adapt\u00e9s \u00e0 chaque saison, et ce \u00e0 des prix comp\u00e9titifs.","og_url":"https:\/\/novexbanden.nl\/fr\/sur-novex\/","og_site_name":"Novex banden","article_modified_time":"2025-08-12T12:29:50+00:00","twitter_card":"summary_large_image","twitter_misc":{"Dur\u00e9e de lecture estim\u00e9e":"2 minutes"},"schema":{"@context":"https:\/\/schema.org","@graph":[{"@type":"WebPage","@id":"https:\/\/novexbanden.nl\/fr\/sur-novex\/","url":"https:\/\/novexbanden.nl\/fr\/sur-novex\/","name":"Sur Novex | Pneus Novex","isPartOf":{"@id":"https:\/\/novexbanden.nl\/fr\/#website"},"datePublished":"2025-08-06T12:26:19+00:00","dateModified":"2025-08-12T12:29:50+00:00","description":"Prenez la route en toute s\u00e9curit\u00e9 avec les pneus Novex. Notre gamme propose les pneus adapt\u00e9s \u00e0 chaque saison, et ce \u00e0 des prix comp\u00e9titifs.","breadcrumb":{"@id":"https:\/\/novexbanden.nl\/fr\/sur-novex\/#breadcrumb"},"inLanguage":"fr-FR","potentialAction":[{"@type":"ReadAction","target":["https:\/\/novexbanden.nl\/fr\/sur-novex\/"]}]},{"@type":"BreadcrumbList","@id":"https:\/\/novexbanden.nl\/fr\/sur-novex\/#breadcrumb","itemListElement":[{"@type":"ListItem","position":1,"name":"Home","item":"https:\/\/novexbanden.nl\/fr\/"},{"@type":"ListItem","position":2,"name":"Sur Novex"}]},{"@type":"WebSite","@id":"https:\/\/novexbanden.nl\/fr\/#website","url":"https:\/\/novexbanden.nl\/fr\/","name":"Novex banden","description":"The best alternative","potentialAction":[{"@type":"SearchAction","target":{"@type":"EntryPoint","urlTemplate":"https:\/\/novexbanden.nl\/fr\/?s={search_term_string}"},"query-input":{"@type":"PropertyValueSpecification","valueRequired":true,"valueName":"search_term_string"}}],"inLanguage":"fr-FR"}]}},"_links":{"self":[{"href":"https:\/\/novexbanden.nl\/fr\/wp-json\/wp\/v2\/pages\/27565617","targetHints":{"allow":["GET"]}}],"collection":[{"href":"https:\/\/novexbanden.nl\/fr\/wp-json\/wp\/v2\/pages"}],"about":[{"href":"https:\/\/novexbanden.nl\/fr\/wp-json\/wp\/v2\/types\/page"}],"author":[{"embeddable":true,"href":"https:\/\/novexbanden.nl\/fr\/wp-json\/wp\/v2\/users\/1"}],"replies":[{"embeddable":true,"href":"https:\/\/novexbanden.nl\/fr\/wp-json\/wp\/v2\/comments?post=27565617"}],"version-history":[{"count":7,"href":"https:\/\/novexbanden.nl\/fr\/wp-json\/wp\/v2\/pages\/27565617\/revisions"}],"predecessor-version":[{"id":27566477,"href":"https:\/\/novexbanden.nl\/fr\/wp-json\/wp\/v2\/pages\/27565617\/revisions\/27566477"}],"wp:attachment":[{"href":"https:\/\/novexbanden.nl\/fr\/wp-json\/wp\/v2\/media?parent=27565617"}],"wp:term":[{"taxonomy":"dipi_cpt_category","embeddable":true,"href":"https:\/\/novexbanden.nl\/fr\/wp-json\/wp\/v2\/dipi_cpt_category?post=27565617"}],"curies":[{"name":"wp","href":"https:\/\/api.w.org\/{rel}","templated":true}]}}