{"id":27566271,"date":"2025-08-06T12:00:25","date_gmt":"2025-08-06T12:00:25","guid":{"rendered":"https:\/\/novexbanden.nl\/assortiment\/"},"modified":"2025-09-11T07:56:45","modified_gmt":"2025-09-11T07:56:45","slug":"gamme","status":"publish","type":"page","link":"https:\/\/novexbanden.nl\/fr\/gamme\/","title":{"rendered":"Gamme"},"content":{"rendered":"<p>[et_pb_section fb_built=\u00a0\u00bb1&Prime; _builder_version=\u00a0\u00bb4.27.4&Prime; _module_preset=\u00a0\u00bbdefault\u00a0\u00bb use_background_color_gradient=\u00a0\u00bbon\u00a0\u00bb background_color_gradient_direction=\u00a0\u00bb45deg\u00a0\u00bb background_color_gradient_stops=\u00a0\u00bbrgba(255,255,255,0) 33%|rgba(0,0,0,0.3) 46%|rgba(0,0,0,0.5) 100%\u00a0\u00bb background_color_gradient_overlays_image=\u00a0\u00bbon\u00a0\u00bb background_image=\u00a0\u00bbhttps:\/\/novexbanden.nl\/wp-content\/uploads\/2025\/08\/bg-novex.jpg\u00a0\u00bb background_position=\u00a0\u00bbbottom_right\u00a0\u00bb custom_padding=\u00a0\u00bb5%||5%||true|false\u00a0\u00bb border_width_bottom=\u00a0\u00bb4px\u00a0\u00bb border_color_bottom=\u00a0\u00bb#ed4135&Prime; global_colors_info=\u00a0\u00bb{}\u00a0\u00bb][et_pb_row column_structure=\u00a0\u00bb2_5,3_5&Prime; _builder_version=\u00a0\u00bb4.27.4&Prime; _module_preset=\u00a0\u00bbdefault\u00a0\u00bb max_width=\u00a0\u00bb1280px\u00a0\u00bb global_colors_info=\u00a0\u00bb{}\u00a0\u00bb][et_pb_column type=\u00a0\u00bb2_5&Prime; _builder_version=\u00a0\u00bb4.27.4&Prime; _module_preset=\u00a0\u00bbdefault\u00a0\u00bb global_colors_info=\u00a0\u00bb{}\u00a0\u00bb][dipi_text_highlighter text_highlighter_text=\u00a0\u00bbGamme\u00a0\u00bb highlight_shape=\u00a0\u00bbstrikethrough\u00a0\u00bb text_direction=\u00a0\u00bbinline\u00a0\u00bb highlight_animation_delay=\u00a0\u00bb300ms\u00a0\u00bb highlight_animation_duration=\u00a0\u00bb1000ms\u00a0\u00bb reverse_animation=\u00a0\u00bbon\u00a0\u00bb stroke_color=\u00a0\u00bb#ed4135&Prime; stroke_width=\u00a0\u00bb140px\u00a0\u00bb highlight_line_cap=\u00a0\u00bbbutt\u00a0\u00bb shape_v_offset=\u00a0\u00bb-1px\u00a0\u00bb shape_h_offset=\u00a0\u00bb3px\u00a0\u00bb highlighted_text_margin=\u00a0\u00bb|0px|0px|0px|false|true\u00a0\u00bb highlighted_text_padding=\u00a0\u00bb2px|10px|8px|10px|false|false\u00a0\u00bb _builder_version=\u00a0\u00bb4.27.4&Prime; _module_preset=\u00a0\u00bbdefault\u00a0\u00bb all_text_font=\u00a0\u00bbTitillium Web|700|||||||\u00a0\u00bb all_text_text_align=\u00a0\u00bbleft\u00a0\u00bb all_text_text_color=\u00a0\u00bb#FFFFFF\u00a0\u00bb prefix_text_font_size=\u00a0\u00bb80px\u00a0\u00bb prefix_text_line_height=\u00a0\u00bb1.5em\u00a0\u00bb highlighted_text_font_size=\u00a0\u00bb62px\u00a0\u00bb highlighted_text_line_height=\u00a0\u00bb1.1em\u00a0\u00bb sufix_text_font_size=\u00a0\u00bb100px\u00a0\u00bb sufix_text_line_height=\u00a0\u00bb1.1em\u00a0\u00bb max_width=\u00a0\u00bb100%\u00a0\u00bb custom_margin=\u00a0\u00bb||||false|false\u00a0\u00bb custom_padding=\u00a0\u00bb||||false|false\u00a0\u00bb all_text_font_size_tablet=\u00a0\u00bb\u00a0\u00bb all_text_font_size_phone=\u00a0\u00bb32px\u00a0\u00bb all_text_font_size_last_edited=\u00a0\u00bbon|phone\u00a0\u00bb prefix_text_font_size_tablet=\u00a0\u00bb80px\u00a0\u00bb prefix_text_font_size_phone=\u00a0\u00bb55px\u00a0\u00bb prefix_text_font_size_last_edited=\u00a0\u00bbon|phone\u00a0\u00bb highlighted_text_font_size_tablet=\u00a0\u00bb80px\u00a0\u00bb highlighted_text_font_size_phone=\u00a0\u00bb36px\u00a0\u00bb highlighted_text_font_size_last_edited=\u00a0\u00bbon|phone\u00a0\u00bb locked=\u00a0\u00bboff\u00a0\u00bb global_colors_info=\u00a0\u00bb{}\u00a0\u00bb][\/dipi_text_highlighter][\/et_pb_column][et_pb_column type=\u00a0\u00bb3_5&Prime; _builder_version=\u00a0\u00bb4.27.4&Prime; _module_preset=\u00a0\u00bbdefault\u00a0\u00bb global_colors_info=\u00a0\u00bb{}\u00a0\u00bb][\/et_pb_column][\/et_pb_row][\/et_pb_section][et_pb_section fb_built=\u00a0\u00bb1&Prime; _builder_version=\u00a0\u00bb4.27.4&Prime; _module_preset=\u00a0\u00bbdefault\u00a0\u00bb background_color=\u00a0\u00bb#f4f4f4&Prime; custom_padding=\u00a0\u00bb6%||6%||true|false\u00a0\u00bb global_colors_info=\u00a0\u00bb{}\u00a0\u00bb][et_pb_row _builder_version=\u00a0\u00bb4.27.4&Prime; _module_preset=\u00a0\u00bbdefault\u00a0\u00bb global_colors_info=\u00a0\u00bb{}\u00a0\u00bb][et_pb_column type=\u00a0\u00bb4_4&Prime; _builder_version=\u00a0\u00bb4.27.4&Prime; _module_preset=\u00a0\u00bbdefault\u00a0\u00bb global_colors_info=\u00a0\u00bb{}\u00a0\u00bb][et_pb_text _builder_version=\u00a0\u00bb4.27.4&Prime; _module_preset=\u00a0\u00bbdefault\u00a0\u00bb text_font=\u00a0\u00bbTitillium Web||||||||\u00a0\u00bb text_font_size=\u00a0\u00bb20px\u00a0\u00bb text_line_height=\u00a0\u00bb30px\u00a0\u00bb header_3_font=\u00a0\u00bbTitillium Web|700|||||||\u00a0\u00bb header_3_text_color=\u00a0\u00bb#ed4135&Prime; header_3_font_size=\u00a0\u00bb32px\u00a0\u00bb header_3_font_size_tablet=\u00a0\u00bb32px\u00a0\u00bb header_3_font_size_phone=\u00a0\u00bb26px\u00a0\u00bb header_3_font_size_last_edited=\u00a0\u00bbon|desktop\u00a0\u00bb global_colors_info=\u00a0\u00bb{}\u00a0\u00bb]<\/p>\n<h3>Pneus toutes saisons<\/h3>\n<p>Novex propose une large gamme de pneus \u00e9t\u00e9, de pneus toutes saisons et de pneus hiver pour les voitures particuli\u00e8res, les SUV et les v\u00e9hicules utilitaires l\u00e9gers. La fiabilit\u00e9 et le contr\u00f4le sont au coeur de nos pr\u00e9occupations, afin que chaque conducteur puisse prendre la route en toute s\u00e9r\u00e9nit\u00e9.[\/et_pb_text][\/et_pb_column][\/et_pb_row][et_pb_row _builder_version=\u00a0\u00bb4.27.4&Prime; _module_preset=\u00a0\u00bbdefault\u00a0\u00bb global_colors_info=\u00a0\u00bb{}\u00a0\u00bb][et_pb_column type=\u00a0\u00bb4_4&Prime; _builder_version=\u00a0\u00bb4.27.4&Prime; _module_preset=\u00a0\u00bbdefault\u00a0\u00bb global_colors_info=\u00a0\u00bb{}\u00a0\u00bb][dipi_advanced_tabs dipi_animation_duration=\u00a0\u00bb400&Prime; use_sticky_tabs=\u00a0\u00bboff\u00a0\u00bb use_tabs_fullwidth_phone=\u00a0\u00bboff\u00a0\u00bb tabs_min_width_phone=\u00a0\u00bb100%\u00a0\u00bb tabs_max_width_phone=\u00a0\u00bb100%\u00a0\u00bb tabs_container_padding=\u00a0\u00bb0px|0px|0px|0px|true|true\u00a0\u00bb tabs_container_margin=\u00a0\u00bb0px|0px|0px|0px|true|true\u00a0\u00bb tabs_item_padding=\u00a0\u00bb10px|10px|10px|25px|false|false\u00a0\u00bb tabs_active_item_padding=\u00a0\u00bb10px|10px|10px|25px|false|false\u00a0\u00bb content_padding=\u00a0\u00bb0px|0px|0px|0px|true|true\u00a0\u00bb content_margin=\u00a0\u00bb20px|0px|0px|0px|false|true\u00a0\u00bb tabs_text_padding=\u00a0\u00bb12px|5px|10px|5px|false|false\u00a0\u00bb tabs_icon_padding=\u00a0\u00bb9px|5px|1px|5px|false|false\u00a0\u00bb tabs_text_padding_active=\u00a0\u00bb12px|5px|10px|5px|false|false\u00a0\u00bb tabs_icon_padding_active=\u00a0\u00bb9px|5px|1px|5px|false|false\u00a0\u00bb content_bg_color=\u00a0\u00bb#f4f4f4&Prime; tabs_item_active_bg_color=\u00a0\u00bb#000000&Prime; _builder_version=\u00a0\u00bb4.27.4&Prime; _module_preset=\u00a0\u00bbdefault\u00a0\u00bb title_font=\u00a0\u00bbUbuntu|700|||||||\u00a0\u00bb title_font_size=\u00a0\u00bb20px\u00a0\u00bb title_active_font=\u00a0\u00bbUbuntu|700|||||||\u00a0\u00bb title_active_text_color=\u00a0\u00bb#FFFFFF\u00a0\u00bb title_active_font_size=\u00a0\u00bb20px\u00a0\u00bb subtitle_font=\u00a0\u00bbUbuntu|700|||||||\u00a0\u00bb subtitle_font_size=\u00a0\u00bb20px\u00a0\u00bb border_width_all_tabs_wrapper=\u00a0\u00bb0px\u00a0\u00bb border_color_all_tabs_wrapper=\u00a0\u00bb#E02B20&Prime; border_width_bottom_tabs_wrapper=\u00a0\u00bb1px\u00a0\u00bb border_color_bottom_tabs_wrapper=\u00a0\u00bb#c4c4c4&Prime; global_colors_info=\u00a0\u00bb{}\u00a0\u00bb][dipi_advanced_tabs_item title=\u00a0\u00bb\u00c9t\u00e9\u00a0\u00bb use_library_content=\u00a0\u00bbon\u00a0\u00bb divi_library=\u00a0\u00bb27566297&Prime; alt=\u00a0\u00bbSummer\u00a0\u00bb tab_media=\u00a0\u00bbimage\u00a0\u00bb tab_image=\u00a0\u00bbhttps:\/\/novexbanden.nl\/wp-content\/uploads\/2025\/08\/ico-summer-na.png\u00a0\u00bb use_active_tab_image=\u00a0\u00bbon\u00a0\u00bb tab_image_active=\u00a0\u00bbhttps:\/\/novexbanden.nl\/wp-content\/uploads\/2025\/08\/ico-summer-a.png\u00a0\u00bb tab_image_size=\u00a0\u00bb30px\u00a0\u00bb _builder_version=\u00a0\u00bb4.27.4&Prime; _module_preset=\u00a0\u00bbdefault\u00a0\u00bb global_colors_info=\u00a0\u00bb{}\u00a0\u00bb]<\/p>\n<p>Lorem ipsum dolor sit amet, consectetur adipiscing elit. Fusce at magna non lacus condimentum vulputate sit amet nec urna. Phasellus euismod nisl vel tincidunt facilisis. Nunc nisi felis, sollicitudin sed mauris tempor, tincidunt semper neque. Cras fringilla nisi eget enim finibus, sed lacinia risus suscipit. Cras non convallis felis, in interdum erat. Suspendisse eu dictum turpis. Etiam maximus accumsan est, eu congue nunc mollis ac. Cras feugiat in purus et ultricies. Ut vel lorem et risus aliquam malesuada.<\/p>\n<p>Class aptent taciti sociosqu ad litora torquent per conubia nostra, per inceptos himenaeos. Etiam sed risus molestie, imperdiet purus in, lobortis leo. Donec massa augue, tempor ut sagittis sed, elementum sit amet tellus. Curabitur gravida, arcu eu feugiat viverra, urna nisi commodo nulla, blandit mollis ligula massa ac purus. Curabitur sollicitudin risus quis maximus scelerisque. Proin lorem massa, bibendum nec iaculis sit amet, rhoncus eu sem. Vestibulum convallis blandit turpis, non imperdiet orci tincidunt sit amet. Vestibulum non velit sodales, sodales augue vel, laoreet libero. Nulla sed tristique tellus, in auctor odio. Aliquam lorem elit, congue sodales auctor sed, efficitur eu dolor.<\/p>\n<p>[\/dipi_advanced_tabs_item][dipi_advanced_tabs_item title=\u00a0\u00bbToutes saisons\u00a0\u00bb use_library_content=\u00a0\u00bbon\u00a0\u00bb divi_library=\u00a0\u00bb27566303&Prime; alt=\u00a0\u00bbAll-season\u00a0\u00bb tab_media=\u00a0\u00bbimage\u00a0\u00bb tab_image=\u00a0\u00bbhttps:\/\/novexbanden.nl\/wp-content\/uploads\/2025\/08\/ico-all-season-na.png\u00a0\u00bb use_active_tab_image=\u00a0\u00bbon\u00a0\u00bb tab_image_active=\u00a0\u00bbhttps:\/\/novexbanden.nl\/wp-content\/uploads\/2025\/08\/ico-all-season-a.png\u00a0\u00bb tab_image_size=\u00a0\u00bb30px\u00a0\u00bb _builder_version=\u00a0\u00bb4.27.4&Prime; _module_preset=\u00a0\u00bbdefault\u00a0\u00bb global_colors_info=\u00a0\u00bb{}\u00a0\u00bb][\/dipi_advanced_tabs_item][dipi_advanced_tabs_item title=\u00a0\u00bbHiver\u00a0\u00bb use_library_content=\u00a0\u00bbon\u00a0\u00bb divi_library=\u00a0\u00bb27568215&Prime; alt=\u00a0\u00bbWinter\u00a0\u00bb tab_media=\u00a0\u00bbimage\u00a0\u00bb tab_image=\u00a0\u00bbhttps:\/\/novexbanden.nl\/wp-content\/uploads\/2025\/08\/ico-winter-na.png\u00a0\u00bb use_active_tab_image=\u00a0\u00bbon\u00a0\u00bb tab_image_active=\u00a0\u00bbhttps:\/\/novexbanden.nl\/wp-content\/uploads\/2025\/08\/ico-winter-a.png\u00a0\u00bb tab_image_size=\u00a0\u00bb30px\u00a0\u00bb _builder_version=\u00a0\u00bb4.27.4&Prime; _module_preset=\u00a0\u00bbdefault\u00a0\u00bb global_colors_info=\u00a0\u00bb{}\u00a0\u00bb][\/dipi_advanced_tabs_item][\/dipi_advanced_tabs][\/et_pb_column][\/et_pb_row][\/et_pb_section]<\/p>\n","protected":false},"excerpt":{"rendered":"<p><div class=\"et_pb_module dipi_text_highlighter dipi_text_highlighter_0\">\n\t\t\t\t\n\t\t\t\t\n\t\t\t\t\n\t\t\t\t\n\t\t\t\t\n\t\t\t\t\n\t\t\t\t<div class=\"et_pb_module_inner\">\n\t\t\t\t\t<h2 class=\"dipi-highlight-text-wrapper\" data-config=\"{&quot;animation_start&quot;:&quot;in_a_viewport&quot;,&quot;animation_start_viewport&quot;:&quot;75%&quot;,&quot;animation_delay&quot;:&quot;300ms&quot;,&quot;animation_duration&quot;:&quot;1000ms&quot;,&quot;delay_after_animation&quot;:&quot;3000ms&quot;,&quot;repeat_mode&quot;:&quot;infinite&quot;,&quot;count_mode&quot;:&quot;everytime_in_viewport&quot;,&quot;animation_repeat_counts&quot;:&quot;3&quot;,&quot;reverse_animation&quot;:&quot;on&quot;,&quot;id&quot;:&quot;dipi_text_highlighter_0_wrapper&quot;}\">\n\t\t\t\t\t<span class=\"dipi-text-highlight-wrapper {&quot;animation_start&quot;:&quot;in_a_viewport&quot;,&quot;animation_start_viewport&quot;:&quot;75%&quot;,&quot;animation_delay&quot;:&quot;300ms&quot;,&quot;animation_duration&quot;:&quot;1000ms&quot;,&quot;delay_after_animation&quot;:&quot;3000ms&quot;,&quot;repeat_mode&quot;:&quot;infinite&quot;,&quot;count_mode&quot;:&quot;everytime_in_viewport&quot;,&quot;animation_repeat_counts&quot;:&quot;3&quot;,&quot;reverse_animation&quot;:&quot;on&quot;,&quot;id&quot;:&quot;dipi_text_highlighter_0_wrapper&quot;}\"><span class=\"dipi-text-highlight-text dipi-text-highlight-text\">Gamme<\/span><span class=\"dipi-text-highlight-svg\"><svg xmlns=\"http:\/\/www.w3.org\/2000\/svg\" viewBox=\"0 0 500 150\" preserveAspectRatio=\"none\"><path d=\"M3,75h493.5\"><\/path><\/svg><\/span><\/span>\n\t\t\t<\/h2>\n\t\t\t\t<\/div>\n\t\t\t<\/div>Pneus toutes saisons Novex propose une large gamme de pneus \u00e9t\u00e9, de pneus toutes saisons et [&hellip;]<\/p>\n","protected":false},"author":1,"featured_media":0,"parent":0,"menu_order":0,"comment_status":"closed","ping_status":"closed","template":"","meta":{"_et_pb_use_builder":"on","_et_pb_old_content":"","_et_gb_content_width":"","footnotes":""},"dipi_cpt_category":[],"class_list":["post-27566271","page","type-page","status-publish","hentry"],"yoast_head":"<!-- This site is optimized with the Yoast SEO plugin v27.4 - https:\/\/yoast.com\/product\/yoast-seo-wordpress\/ -->\n<title>Gamme | Pneus Novex<\/title>\n<meta name=\"description\" content=\"Novex est une marque polyvalente de pneus, ax\u00e9e sur la qualit\u00e9, la s\u00e9curit\u00e9 et le confort. Trouvez le pneu adapt\u00e9 \u00e0 votre style de conduite.\" \/>\n<meta name=\"robots\" content=\"index, follow, max-snippet:-1, max-image-preview:large, max-video-preview:-1\" \/>\n<link rel=\"canonical\" href=\"https:\/\/novexbanden.nl\/fr\/gamme\/\" \/>\n<meta property=\"og:locale\" content=\"fr_FR\" \/>\n<meta property=\"og:type\" content=\"article\" \/>\n<meta property=\"og:title\" content=\"Gamme | Pneus Novex\" \/>\n<meta property=\"og:description\" content=\"Novex est une marque polyvalente de pneus, ax\u00e9e sur la qualit\u00e9, la s\u00e9curit\u00e9 et le confort. Trouvez le pneu adapt\u00e9 \u00e0 votre style de conduite.\" \/>\n<meta property=\"og:url\" content=\"https:\/\/novexbanden.nl\/fr\/gamme\/\" \/>\n<meta property=\"og:site_name\" content=\"Novex banden\" \/>\n<meta property=\"article:modified_time\" content=\"2025-09-11T07:56:45+00:00\" \/>\n<meta name=\"twitter:card\" content=\"summary_large_image\" \/>\n<meta name=\"twitter:label1\" content=\"Dur\u00e9e de lecture estim\u00e9e\" \/>\n\t<meta name=\"twitter:data1\" content=\"10 minutes\" \/>\n<script type=\"application\/ld+json\" class=\"yoast-schema-graph\">{\"@context\":\"https:\\\/\\\/schema.org\",\"@graph\":[{\"@type\":\"WebPage\",\"@id\":\"https:\\\/\\\/novexbanden.nl\\\/fr\\\/gamme\\\/\",\"url\":\"https:\\\/\\\/novexbanden.nl\\\/fr\\\/gamme\\\/\",\"name\":\"Gamme | Pneus Novex\",\"isPartOf\":{\"@id\":\"https:\\\/\\\/novexbanden.nl\\\/fr\\\/#website\"},\"datePublished\":\"2025-08-06T12:00:25+00:00\",\"dateModified\":\"2025-09-11T07:56:45+00:00\",\"description\":\"Novex est une marque polyvalente de pneus, ax\u00e9e sur la qualit\u00e9, la s\u00e9curit\u00e9 et le confort. Trouvez le pneu adapt\u00e9 \u00e0 votre style de conduite.\",\"breadcrumb\":{\"@id\":\"https:\\\/\\\/novexbanden.nl\\\/fr\\\/gamme\\\/#breadcrumb\"},\"inLanguage\":\"fr-FR\",\"potentialAction\":[{\"@type\":\"ReadAction\",\"target\":[\"https:\\\/\\\/novexbanden.nl\\\/fr\\\/gamme\\\/\"]}]},{\"@type\":\"BreadcrumbList\",\"@id\":\"https:\\\/\\\/novexbanden.nl\\\/fr\\\/gamme\\\/#breadcrumb\",\"itemListElement\":[{\"@type\":\"ListItem\",\"position\":1,\"name\":\"Home\",\"item\":\"https:\\\/\\\/novexbanden.nl\\\/fr\\\/\"},{\"@type\":\"ListItem\",\"position\":2,\"name\":\"Gamme\"}]},{\"@type\":\"WebSite\",\"@id\":\"https:\\\/\\\/novexbanden.nl\\\/fr\\\/#website\",\"url\":\"https:\\\/\\\/novexbanden.nl\\\/fr\\\/\",\"name\":\"Novex banden\",\"description\":\"The best alternative\",\"potentialAction\":[{\"@type\":\"SearchAction\",\"target\":{\"@type\":\"EntryPoint\",\"urlTemplate\":\"https:\\\/\\\/novexbanden.nl\\\/fr\\\/?s={search_term_string}\"},\"query-input\":{\"@type\":\"PropertyValueSpecification\",\"valueRequired\":true,\"valueName\":\"search_term_string\"}}],\"inLanguage\":\"fr-FR\"}]}<\/script>\n<!-- \/ Yoast SEO plugin. -->","yoast_head_json":{"title":"Gamme | Pneus Novex","description":"Novex est une marque polyvalente de pneus, ax\u00e9e sur la qualit\u00e9, la s\u00e9curit\u00e9 et le confort. Trouvez le pneu adapt\u00e9 \u00e0 votre style de conduite.","robots":{"index":"index","follow":"follow","max-snippet":"max-snippet:-1","max-image-preview":"max-image-preview:large","max-video-preview":"max-video-preview:-1"},"canonical":"https:\/\/novexbanden.nl\/fr\/gamme\/","og_locale":"fr_FR","og_type":"article","og_title":"Gamme | Pneus Novex","og_description":"Novex est une marque polyvalente de pneus, ax\u00e9e sur la qualit\u00e9, la s\u00e9curit\u00e9 et le confort. Trouvez le pneu adapt\u00e9 \u00e0 votre style de conduite.","og_url":"https:\/\/novexbanden.nl\/fr\/gamme\/","og_site_name":"Novex banden","article_modified_time":"2025-09-11T07:56:45+00:00","twitter_card":"summary_large_image","twitter_misc":{"Dur\u00e9e de lecture estim\u00e9e":"10 minutes"},"schema":{"@context":"https:\/\/schema.org","@graph":[{"@type":"WebPage","@id":"https:\/\/novexbanden.nl\/fr\/gamme\/","url":"https:\/\/novexbanden.nl\/fr\/gamme\/","name":"Gamme | Pneus Novex","isPartOf":{"@id":"https:\/\/novexbanden.nl\/fr\/#website"},"datePublished":"2025-08-06T12:00:25+00:00","dateModified":"2025-09-11T07:56:45+00:00","description":"Novex est une marque polyvalente de pneus, ax\u00e9e sur la qualit\u00e9, la s\u00e9curit\u00e9 et le confort. Trouvez le pneu adapt\u00e9 \u00e0 votre style de conduite.","breadcrumb":{"@id":"https:\/\/novexbanden.nl\/fr\/gamme\/#breadcrumb"},"inLanguage":"fr-FR","potentialAction":[{"@type":"ReadAction","target":["https:\/\/novexbanden.nl\/fr\/gamme\/"]}]},{"@type":"BreadcrumbList","@id":"https:\/\/novexbanden.nl\/fr\/gamme\/#breadcrumb","itemListElement":[{"@type":"ListItem","position":1,"name":"Home","item":"https:\/\/novexbanden.nl\/fr\/"},{"@type":"ListItem","position":2,"name":"Gamme"}]},{"@type":"WebSite","@id":"https:\/\/novexbanden.nl\/fr\/#website","url":"https:\/\/novexbanden.nl\/fr\/","name":"Novex banden","description":"The best alternative","potentialAction":[{"@type":"SearchAction","target":{"@type":"EntryPoint","urlTemplate":"https:\/\/novexbanden.nl\/fr\/?s={search_term_string}"},"query-input":{"@type":"PropertyValueSpecification","valueRequired":true,"valueName":"search_term_string"}}],"inLanguage":"fr-FR"}]}},"_links":{"self":[{"href":"https:\/\/novexbanden.nl\/fr\/wp-json\/wp\/v2\/pages\/27566271","targetHints":{"allow":["GET"]}}],"collection":[{"href":"https:\/\/novexbanden.nl\/fr\/wp-json\/wp\/v2\/pages"}],"about":[{"href":"https:\/\/novexbanden.nl\/fr\/wp-json\/wp\/v2\/types\/page"}],"author":[{"embeddable":true,"href":"https:\/\/novexbanden.nl\/fr\/wp-json\/wp\/v2\/users\/1"}],"replies":[{"embeddable":true,"href":"https:\/\/novexbanden.nl\/fr\/wp-json\/wp\/v2\/comments?post=27566271"}],"version-history":[{"count":9,"href":"https:\/\/novexbanden.nl\/fr\/wp-json\/wp\/v2\/pages\/27566271\/revisions"}],"predecessor-version":[{"id":27568221,"href":"https:\/\/novexbanden.nl\/fr\/wp-json\/wp\/v2\/pages\/27566271\/revisions\/27568221"}],"wp:attachment":[{"href":"https:\/\/novexbanden.nl\/fr\/wp-json\/wp\/v2\/media?parent=27566271"}],"wp:term":[{"taxonomy":"dipi_cpt_category","embeddable":true,"href":"https:\/\/novexbanden.nl\/fr\/wp-json\/wp\/v2\/dipi_cpt_category?post=27566271"}],"curies":[{"name":"wp","href":"https:\/\/api.w.org\/{rel}","templated":true}]}}